{"id":247,"date":"2016-12-11T09:16:39","date_gmt":"2016-12-11T07:16:39","guid":{"rendered":"http:\/\/www.relanderinponitalli.fi\/?page_id=247"},"modified":"2016-12-11T09:19:38","modified_gmt":"2016-12-11T07:19:38","slug":"yhteystiedot","status":"publish","type":"page","link":"http:\/\/www.relanderinponitalli.fi\/?page_id=247","title":{"rendered":"Yhteystiedot"},"content":{"rendered":"<div id=\"pl-247\"  class=\"panel-layout\" ><div id=\"pg-247-0\"  class=\"panel-grid panel-no-style\" ><div id=\"pgc-247-0-0\"  class=\"panel-grid-cell\" ><div id=\"panel-247-0-0-0\" class=\"so-panel widget widget_sow-editor panel-first-child panel-last-child\" data-index=\"0\" ><div\n\t\t\t\n\t\t\tclass=\"so-widget-sow-editor so-widget-sow-editor-base\"\n\t\t\t\n\t\t>\n<div class=\"siteorigin-widget-tinymce textwidget\">\n\t<h3>Kirsi Relander<\/h3>\n<p>p. 050 557 6209<br \/>kirsi.relander [at] relanderinponitalli.fi<\/p>\n<h3>Relanderin Ponitalli<\/h3>\n<p>Sairilantie 52<br \/>50180 Mikkeli<\/p>\n<p>\u00a0<\/p>\n<\/div>\n<\/div><\/div><\/div><div id=\"pgc-247-0-1\"  class=\"panel-grid-cell\" ><div id=\"panel-247-0-1-0\" class=\"so-panel widget widget_sow-editor panel-first-child panel-last-child\" data-index=\"1\" ><div\n\t\t\t\n\t\t\tclass=\"so-widget-sow-editor so-widget-sow-editor-base\"\n\t\t\t\n\t\t><h3 class=\"widget-title\">Ajo-ohje Relanderin Ponitallille<\/h3>\n<div class=\"siteorigin-widget-tinymce textwidget\">\n\t<p><img loading=\"lazy\" decoding=\"async\" class=\"size-full wp-image-147 alignleft\" src=\"http:\/\/www.relanderinponitalli.fi\/wp-content\/uploads\/ajoohje.jpg\" alt=\"\" width=\"450\" height=\"324\" srcset=\"http:\/\/www.relanderinponitalli.fi\/wp-content\/uploads\/ajoohje.jpg 450w, http:\/\/www.relanderinponitalli.fi\/wp-content\/uploads\/ajoohje-300x216.jpg 300w\" sizes=\"auto, (max-width: 450px) 100vw, 450px\" \/><\/p>\n<p><b>Keskustan suunnasta<\/b><span style=\"font-weight: 400;\">: Aja Kuopiontiet\u00e4 (vitostie) Kuopion suuntaan. Graanin ostoskeskukselta matkaa Sairilantien alkuun on noin 4,8 km. Sairilantie on Visulahden j\u00e4lkeen seuraava tienhaara oikealle. K\u00e4\u00e4nny sinne ja aja viel\u00e4 noin 1,5 km seuraillen opasteita <\/span><i><span style=\"font-weight: 400;\">Ponitalli<\/span><\/i><span style=\"font-weight: 400;\"> (ei Niemenpellon talli). Notkosta noustuasi ponitallin punainen maneesirakennus n\u00e4kyykin jo edess\u00e4si.<\/span><\/p>\n<\/div>\n<\/div><\/div><\/div><\/div><\/div>","protected":false},"excerpt":{"rendered":"<p>Kirsi Relanderp. 050 557 6209kirsi.relander [at] relanderinponitalli.fiRelanderin PonitalliSairilantie 5250180 Mikkeli\u00a0 Keskustan suunnasta: Aja Kuopiontiet\u00e4 (vitostie) Kuopion suuntaan. Graanin ostoskeskukselta matkaa Sairilantien alkuun on noin 4,8 km. Sairilantie on Visulahden j\u00e4lkeen seuraava tienhaara oikealle. K\u00e4\u00e4nny sinne ja aja viel\u00e4 noin 1,5 km seuraillen opasteita Ponitalli (ei Niemenpellon talli). Notkosta noustuasi ponitallin punainen maneesirakennus n\u00e4kyykin jo edess\u00e4si.<\/p>\n","protected":false},"author":1,"featured_media":0,"parent":0,"menu_order":5,"comment_status":"closed","ping_status":"closed","template":"","meta":{"footnotes":""},"class_list":["post-247","page","type-page","status-publish","hentry"],"_links":{"self":[{"href":"http:\/\/www.relanderinponitalli.fi\/index.php?rest_route=\/wp\/v2\/pages\/247","targetHints":{"allow":["GET"]}}],"collection":[{"href":"http:\/\/www.relanderinponitalli.fi\/index.php?rest_route=\/wp\/v2\/pages"}],"about":[{"href":"http:\/\/www.relanderinponitalli.fi\/index.php?rest_route=\/wp\/v2\/types\/page"}],"author":[{"embeddable":true,"href":"http:\/\/www.relanderinponitalli.fi\/index.php?rest_route=\/wp\/v2\/users\/1"}],"replies":[{"embeddable":true,"href":"http:\/\/www.relanderinponitalli.fi\/index.php?rest_route=%2Fwp%2Fv2%2Fcomments&post=247"}],"version-history":[{"count":3,"href":"http:\/\/www.relanderinponitalli.fi\/index.php?rest_route=\/wp\/v2\/pages\/247\/revisions"}],"predecessor-version":[{"id":250,"href":"http:\/\/www.relanderinponitalli.fi\/index.php?rest_route=\/wp\/v2\/pages\/247\/revisions\/250"}],"wp:attachment":[{"href":"http:\/\/www.relanderinponitalli.fi\/index.php?rest_route=%2Fwp%2Fv2%2Fmedia&parent=247"}],"curies":[{"name":"wp","href":"https:\/\/api.w.org\/{rel}","templated":true}]}}