{"id":488,"date":"2019-02-19T11:10:13","date_gmt":"2019-02-19T09:10:13","guid":{"rendered":"http:\/\/www.relanderinponitalli.fi\/?page_id=488"},"modified":"2023-05-28T09:31:19","modified_gmt":"2023-05-28T06:31:19","slug":"leirikysely","status":"publish","type":"page","link":"http:\/\/www.relanderinponitalli.fi\/?page_id=488","title":{"rendered":"Leirikysely"},"content":{"rendered":"<div class=\"wpforms-container wpforms-container-full\" id=\"wpforms-1724\"><form id=\"wpforms-form-1724\" class=\"wpforms-validate wpforms-form\" data-formid=\"1724\" method=\"post\" enctype=\"multipart\/form-data\" action=\"\/index.php?rest_route=%2Fwp%2Fv2%2Fpages%2F488\" data-token=\"0af49c00b9509759c8539e5417224c09\" data-token-time=\"1777025329\"><noscript class=\"wpforms-error-noscript\">Please enable JavaScript in your browser to complete this form.<\/noscript><div class=\"wpforms-field-container\"><div id=\"wpforms-1724-field_0-container\" class=\"wpforms-field wpforms-field-name\" data-field-id=\"0\"><label class=\"wpforms-field-label\" for=\"wpforms-1724-field_0\">Nimi <span class=\"wpforms-required-label\">*<\/span><\/label><input type=\"text\" id=\"wpforms-1724-field_0\" class=\"wpforms-field-medium wpforms-field-required\" name=\"wpforms[fields][0]\" required><\/div><div id=\"wpforms-1724-field_5-container\" class=\"wpforms-field wpforms-field-text\" data-field-id=\"5\"><label class=\"wpforms-field-label\" for=\"wpforms-1724-field_5\">Pituutesi ja painosi<\/label><input type=\"text\" id=\"wpforms-1724-field_5\" class=\"wpforms-field-medium\" name=\"wpforms[fields][5]\" ><\/div><div id=\"wpforms-1724-field_6-container\" class=\"wpforms-field wpforms-field-text\" data-field-id=\"6\"><label class=\"wpforms-field-label\" for=\"wpforms-1724-field_6\">Huoltajan nimi ja puhelinnumero, josta heid\u00e4t saa kiinni LEIRIN AIKANA:<\/label><input type=\"text\" id=\"wpforms-1724-field_6\" class=\"wpforms-field-medium\" name=\"wpforms[fields][6]\" ><\/div><div id=\"wpforms-1724-field_4-container\" class=\"wpforms-field wpforms-field-select wpforms-field-select-style-classic\" data-field-id=\"4\"><label class=\"wpforms-field-label\" for=\"wpforms-1724-field_4\">Leiri tai kurssi, jolle osallistun<\/label><select id=\"wpforms-1724-field_4\" class=\"wpforms-field-medium\" name=\"wpforms[fields][4]\"><option value=\"1. P\u00e4iv\u00e4leiri 1 --  8.-12.6.\"  class=\"choice-1 depth-1\"  >1. P\u00e4iv\u00e4leiri 1 --  8.-12.6.<\/option><option value=\"2. P\u00e4iv\u00e4leiri II \u2014 15.-18.6.\"  class=\"choice-2 depth-1\"  >2. P\u00e4iv\u00e4leiri II \u2014 15.-18.6.<\/option><option value=\"3. Centered Riding -koulukurssi -- 16.-18.6.\"  class=\"choice-3 depth-1\"  >3. Centered Riding -koulukurssi -- 16.-18.6.<\/option><option value=\"4.  Poneihin ja ratsastukseen tutustumiskurssi --  20.-22.7\"  class=\"choice-4 depth-1\"  >4.  Poneihin ja ratsastukseen tutustumiskurssi --  20.-22.7<\/option><option value=\"1. Yleisleiri \u2014 23.-26.6\"  class=\"choice-5 depth-1\"  >1. Yleisleiri \u2014 23.-26.6<\/option><option value=\"2. Yleis\/estepainotteinen leiri \u2014 30.6.-3.7.\"  class=\"choice-8 depth-1\"  >2. Yleis\/estepainotteinen leiri \u2014 30.6.-3.7.<\/option><option value=\"3. Aikuisten oma leiri \u2014 23.-25.7.\"  class=\"choice-9 depth-1\"  >3. Aikuisten oma leiri \u2014 23.-25.7.<\/option><option value=\"4. Tavoitteellisesti ratsastavien leiri \u2014 27.-29.7\"  class=\"choice-10 depth-1\"  >4. Tavoitteellisesti ratsastavien leiri \u2014 27.-29.7<\/option><option value=\"5. Yleisleiri -- 20.-22.7.\"  class=\"choice-11 depth-1\"  >5. Yleisleiri -- 20.-22.7.<\/option><\/select><\/div><div id=\"wpforms-1724-field_2-container\" class=\"wpforms-field wpforms-field-textarea\" data-field-id=\"2\"><label class=\"wpforms-field-label\" for=\"wpforms-1724-field_2\">Kuvaile ratsastustaitoasi<\/label><textarea id=\"wpforms-1724-field_2\" class=\"wpforms-field-medium\" name=\"wpforms[fields][2]\" ><\/textarea><\/div><div id=\"wpforms-1724-field_7-container\" class=\"wpforms-field wpforms-field-textarea\" data-field-id=\"7\"><label class=\"wpforms-field-label\" for=\"wpforms-1724-field_7\">Oletko suorittanut ratsastus- tai hoitomerkkej\u00e4, mit\u00e4?<\/label><textarea id=\"wpforms-1724-field_7\" class=\"wpforms-field-medium\" name=\"wpforms[fields][7]\" ><\/textarea><\/div><div id=\"wpforms-1724-field_8-container\" class=\"wpforms-field wpforms-field-radio\" data-field-id=\"8\"><label class=\"wpforms-field-label\">Haluatko suorittaa merkkej\u00e4 leirin aikana?<\/label><ul id=\"wpforms-1724-field_8\"><li class=\"choice-1 depth-1\"><input type=\"radio\" id=\"wpforms-1724-field_8_1\" name=\"wpforms[fields][8]\" value=\"Kyll\u00e4\"  ><label class=\"wpforms-field-label-inline\" for=\"wpforms-1724-field_8_1\">Kyll\u00e4<\/label><\/li><li class=\"choice-2 depth-1\"><input type=\"radio\" id=\"wpforms-1724-field_8_2\" name=\"wpforms[fields][8]\" value=\"En\"  ><label class=\"wpforms-field-label-inline\" for=\"wpforms-1724-field_8_2\">En<\/label><\/li><\/ul><\/div><div id=\"wpforms-1724-field_9-container\" class=\"wpforms-field wpforms-field-radio\" data-field-id=\"9\"><label class=\"wpforms-field-label\">Osaatko satuloida ja suitsia?<\/label><ul id=\"wpforms-1724-field_9\"><li class=\"choice-1 depth-1\"><input type=\"radio\" id=\"wpforms-1724-field_9_1\" name=\"wpforms[fields][9]\" value=\"Kyll\u00e4\"  ><label class=\"wpforms-field-label-inline\" for=\"wpforms-1724-field_9_1\">Kyll\u00e4<\/label><\/li><li class=\"choice-2 depth-1\"><input type=\"radio\" id=\"wpforms-1724-field_9_2\" name=\"wpforms[fields][9]\" value=\"En\"  ><label class=\"wpforms-field-label-inline\" for=\"wpforms-1724-field_9_2\">En<\/label><\/li><\/ul><\/div><div id=\"wpforms-1724-field_10-container\" class=\"wpforms-field wpforms-field-textarea\" data-field-id=\"10\"><label class=\"wpforms-field-label\" for=\"wpforms-1724-field_10\">Toiveita ratsastustunneille<\/label><textarea id=\"wpforms-1724-field_10\" class=\"wpforms-field-medium\" name=\"wpforms[fields][10]\" ><\/textarea><\/div><div id=\"wpforms-1724-field_11-container\" class=\"wpforms-field wpforms-field-textarea\" data-field-id=\"11\"><label class=\"wpforms-field-label\" for=\"wpforms-1724-field_11\">Toiveita teoriatunneille<\/label><textarea id=\"wpforms-1724-field_11\" class=\"wpforms-field-medium\" name=\"wpforms[fields][11]\" ><\/textarea><\/div><div id=\"wpforms-1724-field_12-container\" class=\"wpforms-field wpforms-field-textarea\" data-field-id=\"12\"><label class=\"wpforms-field-label\" for=\"wpforms-1724-field_12\">Toiveita iltaohjelmaan<\/label><textarea id=\"wpforms-1724-field_12\" class=\"wpforms-field-medium\" name=\"wpforms[fields][12]\" ><\/textarea><\/div><div id=\"wpforms-1724-field_13-container\" class=\"wpforms-field wpforms-field-textarea\" data-field-id=\"13\"><label class=\"wpforms-field-label\" for=\"wpforms-1724-field_13\">Ruoka-aineallergiat? Kerro mahdollisimman tarkasti esim. oletko allerginen vain raalle ruoka-aineelle vai my\u00f6s kyps\u00e4lle. Maito- ja laktoosiallergioissa my\u00f6s mahdollisimman tarkka selostus mit\u00e4 voit sy\u00f6d\u00e4 ja kuinka suuria m\u00e4\u00e4ri\u00e4.<\/label><textarea id=\"wpforms-1724-field_13\" class=\"wpforms-field-medium\" name=\"wpforms[fields][13]\" ><\/textarea><\/div><div id=\"wpforms-1724-field_14-container\" class=\"wpforms-field wpforms-field-textarea\" data-field-id=\"14\"><label class=\"wpforms-field-label\" for=\"wpforms-1724-field_14\">Onko Sinulla joku sairaus, joka vaikuttaa leirill\u00e4 oloosi. Mik\u00e4 ja miten vaikuttaa?<\/label><textarea id=\"wpforms-1724-field_14\" class=\"wpforms-field-medium\" name=\"wpforms[fields][14]\" ><\/textarea><\/div><div id=\"wpforms-1724-field_15-container\" class=\"wpforms-field wpforms-field-textarea\" data-field-id=\"15\"><label class=\"wpforms-field-label\" for=\"wpforms-1724-field_15\">Muita toiveita<\/label><textarea id=\"wpforms-1724-field_15\" class=\"wpforms-field-medium\" name=\"wpforms[fields][15]\" ><\/textarea><\/div><\/div><!-- .wpforms-field-container --><div class=\"wpforms-field wpforms-field-hp\"><label for=\"wpforms-1724-field-hp\" class=\"wpforms-field-label\">Name<\/label><input type=\"text\" name=\"wpforms[hp]\" id=\"wpforms-1724-field-hp\" class=\"wpforms-field-medium\"><\/div><div class=\"wpforms-submit-container\" ><input type=\"hidden\" name=\"wpforms[id]\" value=\"1724\"><input type=\"hidden\" name=\"page_title\" value=\"\"><input type=\"hidden\" name=\"page_url\" value=\"http:\/\/www.relanderinponitalli.fi\/index.php?rest_route=\/wp\/v2\/pages\/488\"><input type=\"hidden\" name=\"url_referer\" value=\"\"><button type=\"submit\" name=\"wpforms[submit]\" id=\"wpforms-submit-1724\" class=\"wpforms-submit\" data-alt-text=\"Vastaustasi l\u00e4hetet\u00e4\u00e4n\" data-submit-text=\"L\u00e4het\u00e4\" aria-live=\"assertive\" value=\"wpforms-submit\">L\u00e4het\u00e4<\/button><\/div><\/form><\/div>  <!-- .wpforms-container -->\n<p>\u00a0<\/p>\n\n","protected":false},"excerpt":{"rendered":"<p>\u00a0<\/p>\n","protected":false},"author":1,"featured_media":0,"parent":206,"menu_order":0,"comment_status":"closed","ping_status":"closed","template":"","meta":{"footnotes":""},"class_list":["post-488","page","type-page","status-publish","hentry"],"_links":{"self":[{"href":"http:\/\/www.relanderinponitalli.fi\/index.php?rest_route=\/wp\/v2\/pages\/488","targetHints":{"allow":["GET"]}}],"collection":[{"href":"http:\/\/www.relanderinponitalli.fi\/index.php?rest_route=\/wp\/v2\/pages"}],"about":[{"href":"http:\/\/www.relanderinponitalli.fi\/index.php?rest_route=\/wp\/v2\/types\/page"}],"author":[{"embeddable":true,"href":"http:\/\/www.relanderinponitalli.fi\/index.php?rest_route=\/wp\/v2\/users\/1"}],"replies":[{"embeddable":true,"href":"http:\/\/www.relanderinponitalli.fi\/index.php?rest_route=%2Fwp%2Fv2%2Fcomments&post=488"}],"version-history":[{"count":7,"href":"http:\/\/www.relanderinponitalli.fi\/index.php?rest_route=\/wp\/v2\/pages\/488\/revisions"}],"predecessor-version":[{"id":1727,"href":"http:\/\/www.relanderinponitalli.fi\/index.php?rest_route=\/wp\/v2\/pages\/488\/revisions\/1727"}],"up":[{"embeddable":true,"href":"http:\/\/www.relanderinponitalli.fi\/index.php?rest_route=\/wp\/v2\/pages\/206"}],"wp:attachment":[{"href":"http:\/\/www.relanderinponitalli.fi\/index.php?rest_route=%2Fwp%2Fv2%2Fmedia&parent=488"}],"curies":[{"name":"wp","href":"https:\/\/api.w.org\/{rel}","templated":true}]}}