{"id":642,"date":"2017-06-02T17:29:19","date_gmt":"2017-06-02T14:29:19","guid":{"rendered":"http:\/\/www.relanderinponitalli.fi\/?page_id=642"},"modified":"2025-05-25T21:14:26","modified_gmt":"2025-05-25T18:14:26","slug":"leirille-mukaan","status":"publish","type":"page","link":"http:\/\/www.relanderinponitalli.fi\/?page_id=642","title":{"rendered":"Leirille mukaan"},"content":{"rendered":"<p>Leirille tarvitset mukaan ainakin seuraavat tarvikkeet:<\/p>\n<ul>\n<li>Ratsastukseen soveltuvat joustavat housut<\/li>\n<li>Ratsastus- tai kumisappaat<\/li>\n<li>Tukevat lenkkarit tms. k\u00e4ytt\u00f6\u00f6n ratsastustuntien ulkopuolella. My\u00f6s p\u00e4iv\u00e4leirille kannattaa ottaa toiset keng\u00e4t mukaan, jotta esim. kenkien kastuessa ei tarvitse olla m\u00e4riss\u00e4 koko p\u00e4iv\u00e4\u00e4.<\/li>\n<li>Hanskat ratsastukseen ja hevosten taluttamiseen.<\/li>\n<li>Sadevarusteet; sateella ratsastamme maneesissa, mutta sateella saatat hakea heppoja laitumelta.<\/li>\n<li>Vaatteita s\u00e4\u00e4n mukaan, my\u00f6s vaihtovaatteita kannattaa pit\u00e4\u00e4 mukana.<\/li>\n<li>Juotavaa ja pient\u00e4 v\u00e4lipalaa kannattaa my\u00f6s varata mukaan.<\/li>\n<li>Kyp\u00e4r\u00e4 ja raippa, jos on.<\/li>\n<li>Lippalakki ja juomapullo ovat hyv\u00e4t helles\u00e4\u00e4ll\u00e4.<\/li>\n<li>Muistiinpanov\u00e4lineet<\/li>\n<li>Hieman rahaa leirikioskia varten, jos haluat.<\/li>\n<li>REIPAS JA ILOINEN LEIRIMIELI!!!<\/li>\n<\/ul>\n<p>Y\u00d6LEIRILLE LIS\u00c4KSI:<\/p>\n<ul>\n<li>Makuupussi tai lakanat. Ota joka tapauksessa tyynyliina tyynyn suojaksi.<\/li>\n<li>Peseytymisv\u00e4lineet, pyyhe ja uimapuku<\/li>\n<li>My\u00f6s l\u00e4mpimi\u00e4 vaatteita viileit\u00e4 iltoja varten<\/li>\n<\/ul>\n","protected":false},"excerpt":{"rendered":"<p>Leirille tarvitset mukaan ainakin seuraavat tarvikkeet: Ratsastukseen soveltuvat joustavat housut Ratsastus- tai kumisappaat Tukevat lenkkarit tms. k\u00e4ytt\u00f6\u00f6n ratsastustuntien ulkopuolella. My\u00f6s p\u00e4iv\u00e4leirille kannattaa ottaa toiset keng\u00e4t mukaan, jotta esim. kenkien kastuessa ei tarvitse olla m\u00e4riss\u00e4 koko p\u00e4iv\u00e4\u00e4. Hanskat ratsastukseen ja hevosten taluttamiseen. Sadevarusteet; sateella ratsastamme maneesissa, mutta sateella saatat hakea heppoja laitumelta. Vaatteita s\u00e4\u00e4n mukaan, my\u00f6s <a class=\"read-more\" href=\"http:\/\/www.relanderinponitalli.fi\/?page_id=642\">Lue lis\u00e4\u00e4<\/a><\/p>\n","protected":false},"author":1,"featured_media":0,"parent":206,"menu_order":2,"comment_status":"closed","ping_status":"closed","template":"","meta":{"footnotes":""},"class_list":["post-642","page","type-page","status-publish","hentry"],"_links":{"self":[{"href":"http:\/\/www.relanderinponitalli.fi\/index.php?rest_route=\/wp\/v2\/pages\/642","targetHints":{"allow":["GET"]}}],"collection":[{"href":"http:\/\/www.relanderinponitalli.fi\/index.php?rest_route=\/wp\/v2\/pages"}],"about":[{"href":"http:\/\/www.relanderinponitalli.fi\/index.php?rest_route=\/wp\/v2\/types\/page"}],"author":[{"embeddable":true,"href":"http:\/\/www.relanderinponitalli.fi\/index.php?rest_route=\/wp\/v2\/users\/1"}],"replies":[{"embeddable":true,"href":"http:\/\/www.relanderinponitalli.fi\/index.php?rest_route=%2Fwp%2Fv2%2Fcomments&post=642"}],"version-history":[{"count":3,"href":"http:\/\/www.relanderinponitalli.fi\/index.php?rest_route=\/wp\/v2\/pages\/642\/revisions"}],"predecessor-version":[{"id":2705,"href":"http:\/\/www.relanderinponitalli.fi\/index.php?rest_route=\/wp\/v2\/pages\/642\/revisions\/2705"}],"up":[{"embeddable":true,"href":"http:\/\/www.relanderinponitalli.fi\/index.php?rest_route=\/wp\/v2\/pages\/206"}],"wp:attachment":[{"href":"http:\/\/www.relanderinponitalli.fi\/index.php?rest_route=%2Fwp%2Fv2%2Fmedia&parent=642"}],"curies":[{"name":"wp","href":"https:\/\/api.w.org\/{rel}","templated":true}]}}