{"id":1001,"date":"2018-01-23T22:34:45","date_gmt":"2018-01-23T20:34:45","guid":{"rendered":"http:\/\/www.relanderinponitalli.fi\/?page_id=1001"},"modified":"2026-04-23T22:54:24","modified_gmt":"2026-04-23T19:54:24","slug":"kapu","status":"publish","type":"page","link":"https:\/\/www.relanderinponitalli.fi\/?page_id=1001","title":{"rendered":"Kapu"},"content":{"rendered":"\n<h2 class=\"wp-block-heading\"><span style=\"font-weight: 400;\">El capit\u00e1n<\/span><\/h2>\n\n\n<div class=\"wp-block-image\">\n<figure class=\"alignright\"><img loading=\"lazy\" decoding=\"async\" width=\"575\" height=\"928\" src=\"http:\/\/www.relanderinponitalli.fi\/wp-content\/uploads\/KAPU_2024.jpg\" alt=\"\" class=\"wp-image-2596\" srcset=\"https:\/\/www.relanderinponitalli.fi\/wp-content\/uploads\/KAPU_2024.jpg 575w, https:\/\/www.relanderinponitalli.fi\/wp-content\/uploads\/KAPU_2024-186x300.jpg 186w\" sizes=\"auto, (max-width: 575px) 100vw, 575px\" \/><\/figure>\n<\/div>\n\n\n<p><span style=\"font-weight: 400;\"><br>Lempinimi: Kapu<br><\/span><span style=\"font-weight: 400;\">Rotu: ratsuponi<\/span><span style=\"font-weight: 400;\"><br><\/span><span style=\"font-weight: 400;\">Sukupuoli: ruuna<\/span><span style=\"font-weight: 400;\"><br><\/span><span style=\"font-weight: 400;\">Syntym\u00e4vuosi: 2014, Suomessa<\/span><span style=\"font-weight: 400;\"><br><\/span><span style=\"font-weight: 400;\">S\u00e4k\u00e4korkeus: 140 cm<\/span><\/p>\n\n\n\n<p><span style=\"font-weight: 400;\">Kapu on sympaattinen ja mielytt\u00e4mishaluinen ruuna. Kapu nauttii huomiosta ja hoidosta.<\/span><\/p>\n\n\n\n<p><span style=\"font-weight: 400;\">Ratsastaessa kapu on hieman herkk\u00e4 ja ujo, joka kumpuaa esiin Kapun mielest\u00e4 j\u00e4nnitt\u00e4vin\u00e4 estein\u00e4. Koulupuolella omaa hienot liikkeet!<\/span> Hoidettaessa Kapun kanssa mukaan erityist\u00e4 rauhallisuutta, aikaa ja rauhaa.<\/p>\n\n\n\n<figure class=\"wp-block-image\"><img loading=\"lazy\" decoding=\"async\" width=\"225\" height=\"300\" src=\"http:\/\/www.relanderinponitalli.fi\/wp-content\/uploads\/836F6866-4075-4F95-B984-99AEC1F66FC6-225x300.jpeg\" alt=\"\" class=\"wp-image-1898\" srcset=\"https:\/\/www.relanderinponitalli.fi\/wp-content\/uploads\/836F6866-4075-4F95-B984-99AEC1F66FC6-225x300.jpeg 225w, https:\/\/www.relanderinponitalli.fi\/wp-content\/uploads\/836F6866-4075-4F95-B984-99AEC1F66FC6-768x1024.jpeg 768w, https:\/\/www.relanderinponitalli.fi\/wp-content\/uploads\/836F6866-4075-4F95-B984-99AEC1F66FC6-1152x1536.jpeg 1152w, https:\/\/www.relanderinponitalli.fi\/wp-content\/uploads\/836F6866-4075-4F95-B984-99AEC1F66FC6.jpeg 1200w\" sizes=\"auto, (max-width: 225px) 100vw, 225px\" \/><\/figure>\n\n\n\n<p><\/p>\n\n\n\n<figure class=\"wp-block-image size-large\"><img loading=\"lazy\" decoding=\"async\" width=\"1024\" height=\"602\" src=\"http:\/\/www.relanderinponitalli.fi\/wp-content\/uploads\/P4120029.ORF_-1024x602.jpg\" alt=\"\" class=\"wp-image-3032\" srcset=\"https:\/\/www.relanderinponitalli.fi\/wp-content\/uploads\/P4120029.ORF_-1024x602.jpg 1024w, https:\/\/www.relanderinponitalli.fi\/wp-content\/uploads\/P4120029.ORF_-300x176.jpg 300w, https:\/\/www.relanderinponitalli.fi\/wp-content\/uploads\/P4120029.ORF_-768x451.jpg 768w, https:\/\/www.relanderinponitalli.fi\/wp-content\/uploads\/P4120029.ORF_-1536x903.jpg 1536w, https:\/\/www.relanderinponitalli.fi\/wp-content\/uploads\/P4120029.ORF_.jpg 1955w\" sizes=\"auto, (max-width: 1024px) 100vw, 1024px\" \/><\/figure>\n\n\n\n<p><\/p>\n","protected":false},"excerpt":{"rendered":"<p>El capit\u00e1n Lempinimi: KapuRotu: ratsuponiSukupuoli: ruunaSyntym\u00e4vuosi: 2014, SuomessaS\u00e4k\u00e4korkeus: 140 cm Kapu on sympaattinen ja mielytt\u00e4mishaluinen ruuna. Kapu nauttii huomiosta ja hoidosta. Ratsastaessa kapu on hieman herkk\u00e4 ja ujo, joka kumpuaa esiin Kapun mielest\u00e4 j\u00e4nnitt\u00e4vin\u00e4 estein\u00e4. Koulupuolella omaa hienot liikkeet! Hoidettaessa Kapun kanssa mukaan erityist\u00e4 rauhallisuutta, aikaa ja rauhaa.<\/p>\n","protected":false},"author":1,"featured_media":0,"parent":299,"menu_order":8,"comment_status":"closed","ping_status":"closed","template":"","meta":{"footnotes":""},"class_list":["post-1001","page","type-page","status-publish","hentry"],"_links":{"self":[{"href":"https:\/\/www.relanderinponitalli.fi\/index.php?rest_route=\/wp\/v2\/pages\/1001","targetHints":{"allow":["GET"]}}],"collection":[{"href":"https:\/\/www.relanderinponitalli.fi\/index.php?rest_route=\/wp\/v2\/pages"}],"about":[{"href":"https:\/\/www.relanderinponitalli.fi\/index.php?rest_route=\/wp\/v2\/types\/page"}],"author":[{"embeddable":true,"href":"https:\/\/www.relanderinponitalli.fi\/index.php?rest_route=\/wp\/v2\/users\/1"}],"replies":[{"embeddable":true,"href":"https:\/\/www.relanderinponitalli.fi\/index.php?rest_route=%2Fwp%2Fv2%2Fcomments&post=1001"}],"version-history":[{"count":12,"href":"https:\/\/www.relanderinponitalli.fi\/index.php?rest_route=\/wp\/v2\/pages\/1001\/revisions"}],"predecessor-version":[{"id":3102,"href":"https:\/\/www.relanderinponitalli.fi\/index.php?rest_route=\/wp\/v2\/pages\/1001\/revisions\/3102"}],"up":[{"embeddable":true,"href":"https:\/\/www.relanderinponitalli.fi\/index.php?rest_route=\/wp\/v2\/pages\/299"}],"wp:attachment":[{"href":"https:\/\/www.relanderinponitalli.fi\/index.php?rest_route=%2Fwp%2Fv2%2Fmedia&parent=1001"}],"curies":[{"name":"wp","href":"https:\/\/api.w.org\/{rel}","templated":true}]}}