{"id":1003,"date":"2018-01-23T22:37:41","date_gmt":"2018-01-23T20:37:41","guid":{"rendered":"http:\/\/www.relanderinponitalli.fi\/?page_id=1003"},"modified":"2025-01-26T13:05:47","modified_gmt":"2025-01-26T11:05:47","slug":"1003-2","status":"publish","type":"page","link":"https:\/\/www.relanderinponitalli.fi\/?page_id=1003","title":{"rendered":"Aapo"},"content":{"rendered":"<h2>Argos<\/h2>\n<p><img loading=\"lazy\" decoding=\"async\" class=\"alignright wp-image-2624\" src=\"http:\/\/www.relanderinponitalli.fi\/wp-content\/uploads\/AAPO_2024_3-1.jpg\" alt=\"\" width=\"400\" height=\"555\" srcset=\"https:\/\/www.relanderinponitalli.fi\/wp-content\/uploads\/AAPO_2024_3-1.jpg 633w, https:\/\/www.relanderinponitalli.fi\/wp-content\/uploads\/AAPO_2024_3-1-216x300.jpg 216w\" sizes=\"auto, (max-width: 400px) 100vw, 400px\" \/>Lempinimi: Aapo<br \/><span style=\"font-weight: 400;\">Rotu: eestinhevonen<br \/><\/span><span style=\"font-weight: 400;\">Sukupuoli: ruuna<br \/><\/span><span style=\"font-weight: 400;\">Syntym\u00e4vuosi: 2008<br \/><\/span><span style=\"font-weight: 400;\">S\u00e4k\u00e4korkeus: 140 cm<br \/><\/span>Em\u00e4: Reele ex Rella, <br \/>Is\u00e4: Amlet<br \/>Koulu: he A<br \/>Esteet 90 cm<\/p>\n<p>Aaposta tykk\u00e4\u00e4 kaikki:-) Kiltti hoitaa ja k\u00e4sitell\u00e4, mukava ratsastaa, tykk\u00e4\u00e4 hyp\u00e4t\u00e4 esteit\u00e4.<\/p>\n<p><img loading=\"lazy\" decoding=\"async\" class=\"wp-image-2661 alignnone\" src=\"http:\/\/www.relanderinponitalli.fi\/wp-content\/uploads\/Aapo-hyppaa.jpg\" alt=\"\" width=\"600\" height=\"501\" srcset=\"https:\/\/www.relanderinponitalli.fi\/wp-content\/uploads\/Aapo-hyppaa.jpg 1000w, https:\/\/www.relanderinponitalli.fi\/wp-content\/uploads\/Aapo-hyppaa-300x251.jpg 300w, https:\/\/www.relanderinponitalli.fi\/wp-content\/uploads\/Aapo-hyppaa-768x641.jpg 768w\" sizes=\"auto, (max-width: 600px) 100vw, 600px\" \/><\/p>\n<p><img loading=\"lazy\" decoding=\"async\" class=\"alignleft wp-image-2602\" src=\"http:\/\/www.relanderinponitalli.fi\/wp-content\/uploads\/AAPO_2024_4.jpg\" alt=\"\" width=\"550\" height=\"550\" srcset=\"https:\/\/www.relanderinponitalli.fi\/wp-content\/uploads\/AAPO_2024_4.jpg 928w, https:\/\/www.relanderinponitalli.fi\/wp-content\/uploads\/AAPO_2024_4-300x300.jpg 300w, https:\/\/www.relanderinponitalli.fi\/wp-content\/uploads\/AAPO_2024_4-150x150.jpg 150w, https:\/\/www.relanderinponitalli.fi\/wp-content\/uploads\/AAPO_2024_4-768x768.jpg 768w\" sizes=\"auto, (max-width: 550px) 100vw, 550px\" \/><\/p>\n\n\n\n","protected":false},"excerpt":{"rendered":"<p>Argos Lempinimi: AapoRotu: eestinhevonenSukupuoli: ruunaSyntym\u00e4vuosi: 2008S\u00e4k\u00e4korkeus: 140 cmEm\u00e4: Reele ex Rella, Is\u00e4: AmletKoulu: he AEsteet 90 cm Aaposta tykk\u00e4\u00e4 kaikki:-) Kiltti hoitaa ja k\u00e4sitell\u00e4, mukava ratsastaa, tykk\u00e4\u00e4 hyp\u00e4t\u00e4 esteit\u00e4.<\/p>\n","protected":false},"author":1,"featured_media":0,"parent":299,"menu_order":10,"comment_status":"closed","ping_status":"closed","template":"","meta":{"footnotes":""},"class_list":["post-1003","page","type-page","status-publish","hentry"],"_links":{"self":[{"href":"https:\/\/www.relanderinponitalli.fi\/index.php?rest_route=\/wp\/v2\/pages\/1003","targetHints":{"allow":["GET"]}}],"collection":[{"href":"https:\/\/www.relanderinponitalli.fi\/index.php?rest_route=\/wp\/v2\/pages"}],"about":[{"href":"https:\/\/www.relanderinponitalli.fi\/index.php?rest_route=\/wp\/v2\/types\/page"}],"author":[{"embeddable":true,"href":"https:\/\/www.relanderinponitalli.fi\/index.php?rest_route=\/wp\/v2\/users\/1"}],"replies":[{"embeddable":true,"href":"https:\/\/www.relanderinponitalli.fi\/index.php?rest_route=%2Fwp%2Fv2%2Fcomments&post=1003"}],"version-history":[{"count":18,"href":"https:\/\/www.relanderinponitalli.fi\/index.php?rest_route=\/wp\/v2\/pages\/1003\/revisions"}],"predecessor-version":[{"id":2662,"href":"https:\/\/www.relanderinponitalli.fi\/index.php?rest_route=\/wp\/v2\/pages\/1003\/revisions\/2662"}],"up":[{"embeddable":true,"href":"https:\/\/www.relanderinponitalli.fi\/index.php?rest_route=\/wp\/v2\/pages\/299"}],"wp:attachment":[{"href":"https:\/\/www.relanderinponitalli.fi\/index.php?rest_route=%2Fwp%2Fv2%2Fmedia&parent=1003"}],"curies":[{"name":"wp","href":"https:\/\/api.w.org\/{rel}","templated":true}]}}