{"id":1059,"date":"2018-03-17T09:00:23","date_gmt":"2018-03-17T07:00:23","guid":{"rendered":"http:\/\/www.relanderinponitalli.fi\/?page_id=1059"},"modified":"2018-03-17T09:11:51","modified_gmt":"2018-03-17T07:11:51","slug":"seurayhteistyo","status":"publish","type":"page","link":"https:\/\/www.relanderinponitalli.fi\/?page_id=1059","title":{"rendered":"Seurayhteisty\u00f6"},"content":{"rendered":"<h3>Sairilan Ratsastajat (SarRa)<\/h3>\n<p>Relanderin Ponitalli tekee tiiviisti yhteysty\u00f6t\u00e4 Sairilan Ratsastajien\u00a0kanssa. SarRan j\u00e4senet saavat mm. alennuksen ratsastustuntien hinnoista Lis\u00e4ksi SarRa j\u00e4rjest\u00e4\u00e4 tallilla erilaisia tapahtumia ja kilpailuja. Kannattaa seurata my\u00f6s seuran sivuja ja tapahtumia: <a href=\"http:\/\/www.sairilanratsastajat.net\/\" target=\"_blank\" rel=\"noopener\">SarRan kotisivut<\/a><\/p>\n<h3>Suomen ratsastajainliitto<\/h3>\n<p>Kuulumalla SarRaan kuulut my\u00f6s Suomen ratsastajainliittoon. Liiton j\u00e4senen\u00e4 ole oikeutettu mm. tapaturmavakuutukseen. Lue lis\u00e4\u00e4 j\u00e4seneduista:<\/p>\n<p><a href=\"http:\/\/www.relanderinponitalli.fi\/wp-content\/uploads\/Hippos_Kuulu_Seuraan_jasenedut_2018_A4-1.pdf\">SRL j\u00e4senedut 1<\/a><br \/>\n<a href=\"http:\/\/www.relanderinponitalli.fi\/wp-content\/uploads\/Hippos_Kuulu_Seuraan_jasenedut_2018_A4_s2-1.pdf\" target=\"_blank\" rel=\"noopener\">SRL J\u00e4senedut 2<\/a><\/p>\n<p>&nbsp;<\/p>\n<p>&nbsp;<\/p>\n","protected":false},"excerpt":{"rendered":"<p>Sairilan Ratsastajat (SarRa) Relanderin Ponitalli tekee tiiviisti yhteysty\u00f6t\u00e4 Sairilan Ratsastajien\u00a0kanssa. SarRan j\u00e4senet saavat mm. alennuksen ratsastustuntien hinnoista Lis\u00e4ksi SarRa j\u00e4rjest\u00e4\u00e4 tallilla erilaisia tapahtumia ja kilpailuja. Kannattaa seurata my\u00f6s seuran sivuja ja tapahtumia: SarRan kotisivut Suomen ratsastajainliitto Kuulumalla SarRaan kuulut my\u00f6s Suomen ratsastajainliittoon. Liiton j\u00e4senen\u00e4 ole oikeutettu mm. tapaturmavakuutukseen. Lue lis\u00e4\u00e4 j\u00e4seneduista: SRL j\u00e4senedut 1 SRL <a class=\"read-more\" href=\"https:\/\/www.relanderinponitalli.fi\/?page_id=1059\">Lue lis\u00e4\u00e4<\/a><\/p>\n","protected":false},"author":1,"featured_media":0,"parent":188,"menu_order":16,"comment_status":"closed","ping_status":"closed","template":"","meta":{"footnotes":""},"class_list":["post-1059","page","type-page","status-publish","hentry"],"_links":{"self":[{"href":"https:\/\/www.relanderinponitalli.fi\/index.php?rest_route=\/wp\/v2\/pages\/1059","targetHints":{"allow":["GET"]}}],"collection":[{"href":"https:\/\/www.relanderinponitalli.fi\/index.php?rest_route=\/wp\/v2\/pages"}],"about":[{"href":"https:\/\/www.relanderinponitalli.fi\/index.php?rest_route=\/wp\/v2\/types\/page"}],"author":[{"embeddable":true,"href":"https:\/\/www.relanderinponitalli.fi\/index.php?rest_route=\/wp\/v2\/users\/1"}],"replies":[{"embeddable":true,"href":"https:\/\/www.relanderinponitalli.fi\/index.php?rest_route=%2Fwp%2Fv2%2Fcomments&post=1059"}],"version-history":[{"count":5,"href":"https:\/\/www.relanderinponitalli.fi\/index.php?rest_route=\/wp\/v2\/pages\/1059\/revisions"}],"predecessor-version":[{"id":1066,"href":"https:\/\/www.relanderinponitalli.fi\/index.php?rest_route=\/wp\/v2\/pages\/1059\/revisions\/1066"}],"up":[{"embeddable":true,"href":"https:\/\/www.relanderinponitalli.fi\/index.php?rest_route=\/wp\/v2\/pages\/188"}],"wp:attachment":[{"href":"https:\/\/www.relanderinponitalli.fi\/index.php?rest_route=%2Fwp%2Fv2%2Fmedia&parent=1059"}],"curies":[{"name":"wp","href":"https:\/\/api.w.org\/{rel}","templated":true}]}}