{"id":1118,"date":"2018-05-06T12:00:56","date_gmt":"2018-05-06T09:00:56","guid":{"rendered":"http:\/\/www.relanderinponitalli.fi\/?page_id=1118"},"modified":"2025-02-20T14:50:40","modified_gmt":"2025-02-20T12:50:40","slug":"1118-2","status":"publish","type":"page","link":"https:\/\/www.relanderinponitalli.fi\/?page_id=1118","title":{"rendered":"Tuntien varaaminen ja peruuttaminen"},"content":{"rendered":"<p>Tallillamme on k\u00e4yt\u00f6ss\u00e4 <a href=\"https:\/\/www.ratsukko.fi\"><strong>Ratsukko-varauskalenteri<\/strong><\/a>. Ratsukkoa k\u00e4ytet\u00e4\u00e4n tuntien varaamiseen ja peruuttamiseen normaalitilanteissa.<\/p>\n<p>Poikkeuksena <strong>uudet asiakkaat ja ensikertalaiset:<\/strong>:<\/p>\n<ul>\n<li>varaukset kannattaa aina tehd\u00e4 puhelimitse ensimm\u00e4iselle tunnille,\u00a0p. 050\u00a0557 6209.<\/li>\n<li>N\u00e4in voimme k\u00e4yd\u00e4 l\u00e4pi ratsastustaustasi sek\u00e4 hevostoiveesi ja sopivan tasoinen ryhm\u00e4 l\u00f6ytyy helpoiten.<\/li>\n<\/ul>\n<h5><strong>Tunnin varaaminen Ratsukon kautta<\/strong><\/h5>\n<p><a href=\"http:\/\/www.relanderinponitalli.fi\/?attachment_id=1141\" rel=\"attachment wp-att-1141\"><img loading=\"lazy\" decoding=\"async\" class=\"wp-image-1141 size-medium alignright\" src=\"http:\/\/www.relanderinponitalli.fi\/wp-content\/uploads\/Ratsukko-300x192.png\" alt=\"\" width=\"300\" height=\"192\" srcset=\"https:\/\/www.relanderinponitalli.fi\/wp-content\/uploads\/Ratsukko-300x192.png 300w, https:\/\/www.relanderinponitalli.fi\/wp-content\/uploads\/Ratsukko.png 471w\" sizes=\"auto, (max-width: 300px) 100vw, 300px\" \/><\/a>Luo itsellesi tunnus Ratsukkoon.ks. <a href=\"http:\/\/www.relanderinponitalli.fi\/?page_id=1971\"><strong>ohjeet tunnuksen luomiseen<\/strong><\/a> ja<\/p>\n<p><strong>Varaa omalle tasollesi sopiva tunti<\/strong>, n\u00e4et <strong>tason<\/strong> varauskalenterin kohdasta <em>Taso<\/em>. Jos olet ep\u00e4varma, mik\u00e4 taso on sinulle sopiva, ole yhteydess\u00e4 ensin tallille soittamalla.\u00a0 Varauskalenterissa voit rajata tuntihakua halutessasi my\u00f6s kuukauden perusteella.<\/p>\n<p><strong>Vapaat paikat<\/strong> tunneille n\u00e4et kohdan <em>M\u00e4\u00e4r\u00e4<\/em> alta: esimerkiksi, 5\/7 tarkoittaa ett\u00e4 tunnille on viel\u00e4 2 paikkaa vapaana. Kokonaispaikkam\u00e4\u00e4r\u00e4 on 7.<strong>\u00a0<\/strong><\/p>\n<h5><strong>Tuntien peruuttaminen<\/strong><\/h5>\n<p><strong>Ratsukon kautta varatut tunnit tulee my\u00f6s perua sit\u00e4 kautta!\u00a0<\/strong>Peruutukset\u00a0tulee tehd\u00e4\u00a0<strong>viimeist\u00e4\u00e4n<\/strong>\u00a0kaksi vuorokautta aiemmin Ratsukkoon, muutoin tunnista menee normaali maksu.<\/p>\n<p><strong>\u00c4killisiss\u00e4 sairastapauksissa<\/strong> peruutus tulee tehd\u00e4 tekstiviestill\u00e4 tai soittaen viimeist\u00e4\u00e4n<strong> saman p\u00e4iv\u00e4n aamuna klo 10 menness\u00e4 Kirsille.<\/strong> Tuon aamu 10 j\u00e4lkeen tunnit veloitetaan normaalisti my\u00f6s sairastapauksissa eik\u00e4 tuntia voi en\u00e4\u00e4 korvata. Noudatathan peruutusk\u00e4yt\u00e4nt\u00f6\u00e4, sill\u00e4 tuntien ajoissa peruuttamisesta hy\u00f6dyt joskus itsekin &#8211; vapautuneet paikat voidaan ohjata esim. korvaustuntilaisten k\u00e4ytt\u00f6\u00f6n!<\/p>\n<p>Kun tunti on peruutettu peruutusehtoja noudattaen, voit k\u00e4ytt\u00e4\u00e4 tuntisi viel\u00e4 <strong>korvaavaan tuntiin<\/strong>.\u00a0 Kausikortin omistajien tulee ratsastaa korvaavat tunnit kahden viikon sis\u00e4ll\u00e4 perutusta tunnista!<\/p>\n<p>On hyv\u00e4 huomioida, ett\u00e4 kausikortin varausmaksun maksaminen on sitoutuminen koko kauteen ja sen maksuihin.10-kerran kortin 1. er\u00e4n maksu on sitoutuminen 10 kertaan ja my\u00f6s toisen maksuer\u00e4n maksuun.<\/p>\n<p>Ratsastuskortti ja -tuntimaksuja ei palauteta. Pitk\u00e4kestoisissa sairaslomissa tuntien siirrosta voidaan sopia.<\/p>\n<p style=\"font-weight: 400;\">\u00a0<\/p>\n\n","protected":false},"excerpt":{"rendered":"<p>Tallillamme on k\u00e4yt\u00f6ss\u00e4 Ratsukko-varauskalenteri. Ratsukkoa k\u00e4ytet\u00e4\u00e4n tuntien varaamiseen ja peruuttamiseen normaalitilanteissa. Poikkeuksena uudet asiakkaat ja ensikertalaiset:: varaukset kannattaa aina tehd\u00e4 puhelimitse ensimm\u00e4iselle tunnille,\u00a0p. 050\u00a0557 6209. N\u00e4in voimme k\u00e4yd\u00e4 l\u00e4pi ratsastustaustasi sek\u00e4 hevostoiveesi ja sopivan tasoinen ryhm\u00e4 l\u00f6ytyy helpoiten. Tunnin varaaminen Ratsukon kautta Luo itsellesi tunnus Ratsukkoon.ks. ohjeet tunnuksen luomiseen ja Varaa omalle tasollesi sopiva tunti, <a class=\"read-more\" href=\"https:\/\/www.relanderinponitalli.fi\/?page_id=1118\">Lue lis\u00e4\u00e4<\/a><\/p>\n","protected":false},"author":1,"featured_media":0,"parent":188,"menu_order":4,"comment_status":"closed","ping_status":"closed","template":"","meta":{"footnotes":""},"class_list":["post-1118","page","type-page","status-publish","hentry"],"_links":{"self":[{"href":"https:\/\/www.relanderinponitalli.fi\/index.php?rest_route=\/wp\/v2\/pages\/1118","targetHints":{"allow":["GET"]}}],"collection":[{"href":"https:\/\/www.relanderinponitalli.fi\/index.php?rest_route=\/wp\/v2\/pages"}],"about":[{"href":"https:\/\/www.relanderinponitalli.fi\/index.php?rest_route=\/wp\/v2\/types\/page"}],"author":[{"embeddable":true,"href":"https:\/\/www.relanderinponitalli.fi\/index.php?rest_route=\/wp\/v2\/users\/1"}],"replies":[{"embeddable":true,"href":"https:\/\/www.relanderinponitalli.fi\/index.php?rest_route=%2Fwp%2Fv2%2Fcomments&post=1118"}],"version-history":[{"count":17,"href":"https:\/\/www.relanderinponitalli.fi\/index.php?rest_route=\/wp\/v2\/pages\/1118\/revisions"}],"predecessor-version":[{"id":2680,"href":"https:\/\/www.relanderinponitalli.fi\/index.php?rest_route=\/wp\/v2\/pages\/1118\/revisions\/2680"}],"up":[{"embeddable":true,"href":"https:\/\/www.relanderinponitalli.fi\/index.php?rest_route=\/wp\/v2\/pages\/188"}],"wp:attachment":[{"href":"https:\/\/www.relanderinponitalli.fi\/index.php?rest_route=%2Fwp%2Fv2%2Fmedia&parent=1118"}],"curies":[{"name":"wp","href":"https:\/\/api.w.org\/{rel}","templated":true}]}}