{"id":1766,"date":"2021-12-07T20:02:00","date_gmt":"2021-12-07T18:02:00","guid":{"rendered":"https:\/\/www.relanderinponitalli.fi\/?page_id=1766"},"modified":"2026-04-23T22:42:46","modified_gmt":"2026-04-23T19:42:46","slug":"raju","status":"publish","type":"page","link":"https:\/\/www.relanderinponitalli.fi\/?page_id=1766","title":{"rendered":"Raju"},"content":{"rendered":"\n<p>Lempinimi: Raksu<br>Rotu: Risteytysponi<br>Sukupuoli: ruuna<br>Syntym\u00e4vuosi: 2015<br>S\u00e4k\u00e4korkeus: 145 cmkoulu he A, esteet 90 cm<br>Em\u00e4: Alabama (OX)<br>Is\u00e4: Rellu<\/p>\n\n\n\n<p>Mukava ratsastaa, Raksusta tykk\u00e4\u00e4 kaikki! Raksu on sopivan herkk\u00e4 ratsastaa ja<br>hoidettaessa Raksu arvostaa rauhallisia otteita.<\/p>\n\n\n<div class=\"wp-block-image\">\n<figure class=\"alignleft\"><img loading=\"lazy\" decoding=\"async\" width=\"1024\" height=\"758\" src=\"http:\/\/www.relanderinponitalli.fi\/wp-content\/uploads\/Raju-hyppaa-1024x758.jpg\" alt=\"\" class=\"wp-image-2660\" srcset=\"https:\/\/www.relanderinponitalli.fi\/wp-content\/uploads\/Raju-hyppaa-1024x758.jpg 1024w, https:\/\/www.relanderinponitalli.fi\/wp-content\/uploads\/Raju-hyppaa-300x222.jpg 300w, https:\/\/www.relanderinponitalli.fi\/wp-content\/uploads\/Raju-hyppaa-768x568.jpg 768w, https:\/\/www.relanderinponitalli.fi\/wp-content\/uploads\/Raju-hyppaa.jpg 1170w\" sizes=\"auto, (max-width: 1024px) 100vw, 1024px\" \/><\/figure>\n<\/div>\n\n\n<p><\/p>\n\n\n\n<p><\/p>\n\n\n\n<figure class=\"wp-block-image size-full\"><img loading=\"lazy\" decoding=\"async\" width=\"300\" height=\"452\" src=\"http:\/\/www.relanderinponitalli.fi\/wp-content\/uploads\/P9281432-rotated.jpg\" alt=\"\" class=\"wp-image-3091\" srcset=\"https:\/\/www.relanderinponitalli.fi\/wp-content\/uploads\/P9281432-rotated.jpg 300w, https:\/\/www.relanderinponitalli.fi\/wp-content\/uploads\/P9281432-199x300.jpg 199w\" sizes=\"auto, (max-width: 300px) 100vw, 300px\" \/><\/figure>\n\n\n\n<figure class=\"wp-block-image size-full\"><img loading=\"lazy\" decoding=\"async\" width=\"300\" height=\"450\" src=\"http:\/\/www.relanderinponitalli.fi\/wp-content\/uploads\/Picsart_25-05-04_20-16-39-571.jpg\" alt=\"\" class=\"wp-image-3092\" srcset=\"https:\/\/www.relanderinponitalli.fi\/wp-content\/uploads\/Picsart_25-05-04_20-16-39-571.jpg 300w, https:\/\/www.relanderinponitalli.fi\/wp-content\/uploads\/Picsart_25-05-04_20-16-39-571-200x300.jpg 200w\" sizes=\"auto, (max-width: 300px) 100vw, 300px\" \/><\/figure>\n\n\n\n\n\n\n\n<p>&nbsp;<\/p>\n","protected":false},"excerpt":{"rendered":"<p>Lempinimi: RaksuRotu: RisteytysponiSukupuoli: ruunaSyntym\u00e4vuosi: 2015S\u00e4k\u00e4korkeus: 145 cmkoulu he A, esteet 90 cmEm\u00e4: Alabama (OX)Is\u00e4: Rellu Mukava ratsastaa, Raksusta tykk\u00e4\u00e4 kaikki! Raksu on sopivan herkk\u00e4 ratsastaa jahoidettaessa Raksu arvostaa rauhallisia otteita. &nbsp;<\/p>\n","protected":false},"author":1,"featured_media":0,"parent":299,"menu_order":3,"comment_status":"closed","ping_status":"closed","template":"","meta":{"footnotes":""},"class_list":["post-1766","page","type-page","status-publish","hentry"],"_links":{"self":[{"href":"https:\/\/www.relanderinponitalli.fi\/index.php?rest_route=\/wp\/v2\/pages\/1766","targetHints":{"allow":["GET"]}}],"collection":[{"href":"https:\/\/www.relanderinponitalli.fi\/index.php?rest_route=\/wp\/v2\/pages"}],"about":[{"href":"https:\/\/www.relanderinponitalli.fi\/index.php?rest_route=\/wp\/v2\/types\/page"}],"author":[{"embeddable":true,"href":"https:\/\/www.relanderinponitalli.fi\/index.php?rest_route=\/wp\/v2\/users\/1"}],"replies":[{"embeddable":true,"href":"https:\/\/www.relanderinponitalli.fi\/index.php?rest_route=%2Fwp%2Fv2%2Fcomments&post=1766"}],"version-history":[{"count":15,"href":"https:\/\/www.relanderinponitalli.fi\/index.php?rest_route=\/wp\/v2\/pages\/1766\/revisions"}],"predecessor-version":[{"id":3093,"href":"https:\/\/www.relanderinponitalli.fi\/index.php?rest_route=\/wp\/v2\/pages\/1766\/revisions\/3093"}],"up":[{"embeddable":true,"href":"https:\/\/www.relanderinponitalli.fi\/index.php?rest_route=\/wp\/v2\/pages\/299"}],"wp:attachment":[{"href":"https:\/\/www.relanderinponitalli.fi\/index.php?rest_route=%2Fwp%2Fv2%2Fmedia&parent=1766"}],"curies":[{"name":"wp","href":"https:\/\/api.w.org\/{rel}","templated":true}]}}