{"id":1821,"date":"2021-12-08T06:53:55","date_gmt":"2021-12-08T04:53:55","guid":{"rendered":"http:\/\/www.relanderinponitalli.fi\/?page_id=1821"},"modified":"2026-04-22T01:59:59","modified_gmt":"2026-04-21T22:59:59","slug":"persikka","status":"publish","type":"page","link":"https:\/\/www.relanderinponitalli.fi\/?page_id=1821","title":{"rendered":"Rami"},"content":{"rendered":"\n<h2 class=\"wp-block-heading\"><span style=\"font-weight: 400;\">Aabram<\/span><\/h2>\n\n\n<div class=\"wp-block-image\">\n<figure class=\"alignright is-resized\"><img loading=\"lazy\" decoding=\"async\" width=\"800\" height=\"1205\" src=\"https:\/\/www.relanderinponitalli.fi\/wp-content\/uploads\/P92812184-rotated.jpg\" alt=\"\" class=\"wp-image-2933\" style=\"aspect-ratio:0.6639029823041703;width:249px;height:auto\" srcset=\"https:\/\/www.relanderinponitalli.fi\/wp-content\/uploads\/P92812184-rotated.jpg 800w, https:\/\/www.relanderinponitalli.fi\/wp-content\/uploads\/P92812184-199x300.jpg 199w, https:\/\/www.relanderinponitalli.fi\/wp-content\/uploads\/P92812184-680x1024.jpg 680w, https:\/\/www.relanderinponitalli.fi\/wp-content\/uploads\/P92812184-768x1157.jpg 768w\" sizes=\"auto, (max-width: 800px) 100vw, 800px\" \/><\/figure>\n<\/div>\n\n\n<p><span style=\"font-weight: 400;\">Lempinimi: Rami<br><\/span><span style=\"font-weight: 400;\">Rotu: Torinhevonen<br><\/span><span style=\"font-weight: 400;\">Sukupuoli: ruuna<br><\/span><span style=\"font-weight: 400;\">Syntym\u00e4vuosi: 2019<br><\/span><span style=\"font-weight: 400;\">S\u00e4k\u00e4korkeus: 170 cm<br><\/span>Koulu: he B<br>Esteet 80-90 cm<br>Ystv\u00e4llinen hevonen, joka vasta aloittelee opetushevosen hommia.<\/p>\n\n\n<div class=\"wp-block-image\">\n<figure class=\"alignleft is-resized\"><img loading=\"lazy\" decoding=\"async\" width=\"800\" height=\"510\" src=\"https:\/\/www.relanderinponitalli.fi\/wp-content\/uploads\/4.jpg\" alt=\"\" class=\"wp-image-2930\" style=\"aspect-ratio:1.5687134502923976;width:550px;height:auto\" srcset=\"https:\/\/www.relanderinponitalli.fi\/wp-content\/uploads\/4.jpg 800w, https:\/\/www.relanderinponitalli.fi\/wp-content\/uploads\/4-300x191.jpg 300w, https:\/\/www.relanderinponitalli.fi\/wp-content\/uploads\/4-768x490.jpg 768w\" sizes=\"auto, (max-width: 800px) 100vw, 800px\" \/><\/figure>\n<\/div>\n\n\n<p><\/p>\n\n\n","protected":false},"excerpt":{"rendered":"<p>Aabram Lempinimi: RamiRotu: TorinhevonenSukupuoli: ruunaSyntym\u00e4vuosi: 2019S\u00e4k\u00e4korkeus: 170 cmKoulu: he BEsteet 80-90 cmYstv\u00e4llinen hevonen, joka vasta aloittelee opetushevosen hommia.<\/p>\n","protected":false},"author":1,"featured_media":0,"parent":299,"menu_order":12,"comment_status":"closed","ping_status":"closed","template":"","meta":{"footnotes":""},"class_list":["post-1821","page","type-page","status-publish","hentry"],"_links":{"self":[{"href":"https:\/\/www.relanderinponitalli.fi\/index.php?rest_route=\/wp\/v2\/pages\/1821","targetHints":{"allow":["GET"]}}],"collection":[{"href":"https:\/\/www.relanderinponitalli.fi\/index.php?rest_route=\/wp\/v2\/pages"}],"about":[{"href":"https:\/\/www.relanderinponitalli.fi\/index.php?rest_route=\/wp\/v2\/types\/page"}],"author":[{"embeddable":true,"href":"https:\/\/www.relanderinponitalli.fi\/index.php?rest_route=\/wp\/v2\/users\/1"}],"replies":[{"embeddable":true,"href":"https:\/\/www.relanderinponitalli.fi\/index.php?rest_route=%2Fwp%2Fv2%2Fcomments&post=1821"}],"version-history":[{"count":9,"href":"https:\/\/www.relanderinponitalli.fi\/index.php?rest_route=\/wp\/v2\/pages\/1821\/revisions"}],"predecessor-version":[{"id":2936,"href":"https:\/\/www.relanderinponitalli.fi\/index.php?rest_route=\/wp\/v2\/pages\/1821\/revisions\/2936"}],"up":[{"embeddable":true,"href":"https:\/\/www.relanderinponitalli.fi\/index.php?rest_route=\/wp\/v2\/pages\/299"}],"wp:attachment":[{"href":"https:\/\/www.relanderinponitalli.fi\/index.php?rest_route=%2Fwp%2Fv2%2Fmedia&parent=1821"}],"curies":[{"name":"wp","href":"https:\/\/api.w.org\/{rel}","templated":true}]}}