{"id":1825,"date":"2021-12-08T06:57:53","date_gmt":"2021-12-08T04:57:53","guid":{"rendered":"http:\/\/www.relanderinponitalli.fi\/?page_id=1825"},"modified":"2026-04-23T22:32:10","modified_gmt":"2026-04-23T19:32:10","slug":"sofa","status":"publish","type":"page","link":"https:\/\/www.relanderinponitalli.fi\/?page_id=1825","title":{"rendered":"Sofa"},"content":{"rendered":"<h2><span style=\"font-weight: 400;\">Sofa<\/span><\/h2>\n<p><span style=\"font-weight: 400;\"><img loading=\"lazy\" decoding=\"async\" class=\"size-medium wp-image-1755 alignright\" src=\"http:\/\/www.relanderinponitalli.fi\/wp-content\/uploads\/Sofa2021-200x300.jpeg\" alt=\"\" width=\"200\" height=\"300\" srcset=\"https:\/\/www.relanderinponitalli.fi\/wp-content\/uploads\/Sofa2021-200x300.jpeg 200w, https:\/\/www.relanderinponitalli.fi\/wp-content\/uploads\/Sofa2021.jpeg 341w\" sizes=\"auto, (max-width: 200px) 100vw, 200px\" \/>Rotu: eestinratsuponi<br \/><\/span><span style=\"font-weight: 400;\">Sukupuoli:\u00a0 tamma<br \/><\/span><span style=\"font-weight: 400;\">Syntym\u00e4vuosi: 2009<br \/><\/span><span style=\"font-weight: 400;\">S\u00e4k\u00e4korkeus:147 cm<\/span><\/p>\n<p><span style=\"font-weight: 400;\">T\u00e4m\u00e4 upea tamma, on ennen opetushevosuraansa toiminut Virossa matkaratsastushevosena!<\/span><\/p>\n<p><span style=\"font-weight: 400;\">Sofa on herttainen ja kiltti tamma joka toimii tilanteessa kuin tilanteessa mallikkaasti. Sofan selk\u00e4\u00e4n uskaltaa laittaa talutusratsastajista l\u00e4htien kenet vain ja Sofa on ollut mukana my\u00f6s tapahtumissa talutusratsuna. T\u00e4st\u00e4 Tammasta on moneen.<\/span><\/p>\n<p><img loading=\"lazy\" decoding=\"async\" class=\"alignnone wp-image-1940\" src=\"http:\/\/www.relanderinponitalli.fi\/wp-content\/uploads\/A42B52E5-1950-4D12-B856-7F7A2939E402-300x200.jpeg\" alt=\"\" width=\"600\" height=\"401\" srcset=\"https:\/\/www.relanderinponitalli.fi\/wp-content\/uploads\/A42B52E5-1950-4D12-B856-7F7A2939E402-300x200.jpeg 300w, https:\/\/www.relanderinponitalli.fi\/wp-content\/uploads\/A42B52E5-1950-4D12-B856-7F7A2939E402-768x513.jpeg 768w, https:\/\/www.relanderinponitalli.fi\/wp-content\/uploads\/A42B52E5-1950-4D12-B856-7F7A2939E402-272x182.jpeg 272w, https:\/\/www.relanderinponitalli.fi\/wp-content\/uploads\/A42B52E5-1950-4D12-B856-7F7A2939E402.jpeg 800w\" sizes=\"auto, (max-width: 600px) 100vw, 600px\" \/><\/p>\n\n\n\n\n<figure class=\"wp-block-image size-large is-resized\"><img loading=\"lazy\" decoding=\"async\" width=\"674\" height=\"1024\" src=\"http:\/\/www.relanderinponitalli.fi\/wp-content\/uploads\/4-3-674x1024.jpg\" alt=\"\" class=\"wp-image-2945\" style=\"width:344px;height:auto\" srcset=\"https:\/\/www.relanderinponitalli.fi\/wp-content\/uploads\/4-3-674x1024.jpg 674w, https:\/\/www.relanderinponitalli.fi\/wp-content\/uploads\/4-3-197x300.jpg 197w, https:\/\/www.relanderinponitalli.fi\/wp-content\/uploads\/4-3-768x1167.jpg 768w, https:\/\/www.relanderinponitalli.fi\/wp-content\/uploads\/4-3.jpg 808w\" sizes=\"auto, (max-width: 674px) 100vw, 674px\" \/><\/figure>\n\n\n\n\n<div class=\"wp-block-image\">\n<figure class=\"alignleft size-large is-resized\"><img loading=\"lazy\" decoding=\"async\" width=\"768\" height=\"1024\" src=\"http:\/\/www.relanderinponitalli.fi\/wp-content\/uploads\/20240629_090156-768x1024.jpg\" alt=\"\" class=\"wp-image-3031\" style=\"width:365px;height:auto\" srcset=\"https:\/\/www.relanderinponitalli.fi\/wp-content\/uploads\/20240629_090156-768x1024.jpg 768w, https:\/\/www.relanderinponitalli.fi\/wp-content\/uploads\/20240629_090156-225x300.jpg 225w, https:\/\/www.relanderinponitalli.fi\/wp-content\/uploads\/20240629_090156-1152x1536.jpg 1152w, https:\/\/www.relanderinponitalli.fi\/wp-content\/uploads\/20240629_090156-1536x2048.jpg 1536w, https:\/\/www.relanderinponitalli.fi\/wp-content\/uploads\/20240629_090156-scaled.jpg 1920w\" sizes=\"auto, (max-width: 768px) 100vw, 768px\" \/><\/figure>\n<\/div>","protected":false},"excerpt":{"rendered":"<p>Sofa Rotu: eestinratsuponiSukupuoli:\u00a0 tammaSyntym\u00e4vuosi: 2009S\u00e4k\u00e4korkeus:147 cm T\u00e4m\u00e4 upea tamma, on ennen opetushevosuraansa toiminut Virossa matkaratsastushevosena! Sofa on herttainen ja kiltti tamma joka toimii tilanteessa kuin tilanteessa mallikkaasti. Sofan selk\u00e4\u00e4n uskaltaa laittaa talutusratsastajista l\u00e4htien kenet vain ja Sofa on ollut mukana my\u00f6s tapahtumissa talutusratsuna. T\u00e4st\u00e4 Tammasta on moneen.<\/p>\n","protected":false},"author":1,"featured_media":0,"parent":299,"menu_order":13,"comment_status":"closed","ping_status":"closed","template":"","meta":{"footnotes":""},"class_list":["post-1825","page","type-page","status-publish","hentry"],"_links":{"self":[{"href":"https:\/\/www.relanderinponitalli.fi\/index.php?rest_route=\/wp\/v2\/pages\/1825","targetHints":{"allow":["GET"]}}],"collection":[{"href":"https:\/\/www.relanderinponitalli.fi\/index.php?rest_route=\/wp\/v2\/pages"}],"about":[{"href":"https:\/\/www.relanderinponitalli.fi\/index.php?rest_route=\/wp\/v2\/types\/page"}],"author":[{"embeddable":true,"href":"https:\/\/www.relanderinponitalli.fi\/index.php?rest_route=\/wp\/v2\/users\/1"}],"replies":[{"embeddable":true,"href":"https:\/\/www.relanderinponitalli.fi\/index.php?rest_route=%2Fwp%2Fv2%2Fcomments&post=1825"}],"version-history":[{"count":5,"href":"https:\/\/www.relanderinponitalli.fi\/index.php?rest_route=\/wp\/v2\/pages\/1825\/revisions"}],"predecessor-version":[{"id":3086,"href":"https:\/\/www.relanderinponitalli.fi\/index.php?rest_route=\/wp\/v2\/pages\/1825\/revisions\/3086"}],"up":[{"embeddable":true,"href":"https:\/\/www.relanderinponitalli.fi\/index.php?rest_route=\/wp\/v2\/pages\/299"}],"wp:attachment":[{"href":"https:\/\/www.relanderinponitalli.fi\/index.php?rest_route=%2Fwp%2Fv2%2Fmedia&parent=1825"}],"curies":[{"name":"wp","href":"https:\/\/api.w.org\/{rel}","templated":true}]}}