{"id":1830,"date":"2021-12-08T07:01:18","date_gmt":"2021-12-08T05:01:18","guid":{"rendered":"http:\/\/www.relanderinponitalli.fi\/?page_id=1830"},"modified":"2026-04-23T22:28:29","modified_gmt":"2026-04-23T19:28:29","slug":"volta","status":"publish","type":"page","link":"https:\/\/www.relanderinponitalli.fi\/?page_id=1830","title":{"rendered":"Volta"},"content":{"rendered":"<div class=\"wp-block-image\">\n<figure class=\"alignright\"><img loading=\"lazy\" decoding=\"async\" width=\"200\" height=\"300\" src=\"http:\/\/www.relanderinponitalli.fi\/wp-content\/uploads\/Volta2021-200x300.jpeg\" alt=\"\" class=\"wp-image-1757\" srcset=\"https:\/\/www.relanderinponitalli.fi\/wp-content\/uploads\/Volta2021-200x300.jpeg 200w, https:\/\/www.relanderinponitalli.fi\/wp-content\/uploads\/Volta2021.jpeg 341w\" sizes=\"auto, (max-width: 200px) 100vw, 200px\" \/><\/figure>\n<\/div>\n\n\n<p><span style=\"font-weight: 400;\"><span style=\"font-size: revert; color: initial; font-family: -apple-system, BlinkMacSystemFont, 'Segoe UI', Roboto, Oxygen-Sans, Ubuntu, Cantarell, 'Helvetica Neue', sans-serif;\">Rotu: eestin hevonen<br><\/span><\/span><span style=\"font-weight: 400;\">Sukupuoli: Tamma<br><\/span><span style=\"font-weight: 400;\">Syntym\u00e4vuosi:2012<br><\/span><span style=\"font-weight: 400;\">S\u00e4k\u00e4korkeus:147 cm<\/span><\/p>\n\n\n\n<p><span style=\"font-weight: 400;\">Yst\u00e4v\u00e4llinen ja niin kovin yritteli\u00e4s ty\u00f6myyr\u00e4 aina vain. Volta haluaa miellytt\u00e4\u00e4 ratsastajaansa ja pit\u00e4\u00e4 ihmisen l\u00e4heisyydest\u00e4. Voltalla ei ehk\u00e4 ole porukan kauneimmat askellajit, mutta sit\u00e4kin suurempi syd\u00e4n. Sopii kaikentasoisille ratsastajille ja vet\u00e4\u00e4 opettajan kanssa my\u00f6s maastotunnit liikaa kytt\u00e4ilem\u00e4tt\u00e4.<\/span><\/p>\n\n\n\n<figure class=\"wp-block-image size-full\"><img loading=\"lazy\" decoding=\"async\" width=\"800\" height=\"524\" src=\"http:\/\/www.relanderinponitalli.fi\/wp-content\/uploads\/4-4.jpg\" alt=\"\" class=\"wp-image-2946\" srcset=\"https:\/\/www.relanderinponitalli.fi\/wp-content\/uploads\/4-4.jpg 800w, https:\/\/www.relanderinponitalli.fi\/wp-content\/uploads\/4-4-300x197.jpg 300w, https:\/\/www.relanderinponitalli.fi\/wp-content\/uploads\/4-4-768x503.jpg 768w, https:\/\/www.relanderinponitalli.fi\/wp-content\/uploads\/4-4-352x230.jpg 352w\" sizes=\"auto, (max-width: 800px) 100vw, 800px\" \/><\/figure>\n\n\n\n\n\n<figure class=\"wp-block-image size-full\"><img loading=\"lazy\" decoding=\"async\" width=\"800\" height=\"493\" src=\"http:\/\/www.relanderinponitalli.fi\/wp-content\/uploads\/43.jpg\" alt=\"\" class=\"wp-image-2956\" srcset=\"https:\/\/www.relanderinponitalli.fi\/wp-content\/uploads\/43.jpg 800w, https:\/\/www.relanderinponitalli.fi\/wp-content\/uploads\/43-300x185.jpg 300w, https:\/\/www.relanderinponitalli.fi\/wp-content\/uploads\/43-768x473.jpg 768w\" sizes=\"auto, (max-width: 800px) 100vw, 800px\" \/><\/figure>\n","protected":false},"excerpt":{"rendered":"<p>Rotu: eestin hevonenSukupuoli: TammaSyntym\u00e4vuosi:2012S\u00e4k\u00e4korkeus:147 cm Yst\u00e4v\u00e4llinen ja niin kovin yritteli\u00e4s ty\u00f6myyr\u00e4 aina vain. Volta haluaa miellytt\u00e4\u00e4 ratsastajaansa ja pit\u00e4\u00e4 ihmisen l\u00e4heisyydest\u00e4. Voltalla ei ehk\u00e4 ole porukan kauneimmat askellajit, mutta sit\u00e4kin suurempi syd\u00e4n. Sopii kaikentasoisille ratsastajille ja vet\u00e4\u00e4 opettajan kanssa my\u00f6s maastotunnit liikaa kytt\u00e4ilem\u00e4tt\u00e4.<\/p>\n","protected":false},"author":1,"featured_media":0,"parent":299,"menu_order":14,"comment_status":"closed","ping_status":"closed","template":"","meta":{"footnotes":""},"class_list":["post-1830","page","type-page","status-publish","hentry"],"_links":{"self":[{"href":"https:\/\/www.relanderinponitalli.fi\/index.php?rest_route=\/wp\/v2\/pages\/1830","targetHints":{"allow":["GET"]}}],"collection":[{"href":"https:\/\/www.relanderinponitalli.fi\/index.php?rest_route=\/wp\/v2\/pages"}],"about":[{"href":"https:\/\/www.relanderinponitalli.fi\/index.php?rest_route=\/wp\/v2\/types\/page"}],"author":[{"embeddable":true,"href":"https:\/\/www.relanderinponitalli.fi\/index.php?rest_route=\/wp\/v2\/users\/1"}],"replies":[{"embeddable":true,"href":"https:\/\/www.relanderinponitalli.fi\/index.php?rest_route=%2Fwp%2Fv2%2Fcomments&post=1830"}],"version-history":[{"count":4,"href":"https:\/\/www.relanderinponitalli.fi\/index.php?rest_route=\/wp\/v2\/pages\/1830\/revisions"}],"predecessor-version":[{"id":3084,"href":"https:\/\/www.relanderinponitalli.fi\/index.php?rest_route=\/wp\/v2\/pages\/1830\/revisions\/3084"}],"up":[{"embeddable":true,"href":"https:\/\/www.relanderinponitalli.fi\/index.php?rest_route=\/wp\/v2\/pages\/299"}],"wp:attachment":[{"href":"https:\/\/www.relanderinponitalli.fi\/index.php?rest_route=%2Fwp%2Fv2%2Fmedia&parent=1830"}],"curies":[{"name":"wp","href":"https:\/\/api.w.org\/{rel}","templated":true}]}}