{"id":188,"date":"2016-12-10T18:26:57","date_gmt":"2016-12-10T16:26:57","guid":{"rendered":"http:\/\/www.relanderinponitalli.fi\/?page_id=188"},"modified":"2026-04-23T20:31:24","modified_gmt":"2026-04-23T17:31:24","slug":"ratsastuskoulutoiminta","status":"publish","type":"page","link":"https:\/\/www.relanderinponitalli.fi\/?page_id=188","title":{"rendered":"Ratsastuskoulutoiminta"},"content":{"rendered":"<div id=\"pl-188\"  class=\"panel-layout\" ><div id=\"pg-188-0\"  class=\"panel-grid panel-no-style\" ><div id=\"pgc-188-0-0\"  class=\"panel-grid-cell\" ><div id=\"panel-188-0-0-0\" class=\"so-panel widget widget_sow-editor panel-first-child panel-last-child\" data-index=\"0\" ><div\n\t\t\t\n\t\t\tclass=\"so-widget-sow-editor so-widget-sow-editor-base\"\n\t\t\t\n\t\t>\n<div class=\"siteorigin-widget-tinymce textwidget\">\n\t<p><img loading=\"lazy\" decoding=\"async\" class=\"size-full wp-image-3049 alignright\" src=\"http:\/\/www.relanderinponitalli.fi\/wp-content\/uploads\/Picsart_23-06-30_10-09-34-916.jpg\" alt=\"\" width=\"300\" height=\"199\" \/>Tallillamme j\u00e4rjestet\u00e4\u00e4n ratsastustunteja maanantaista lauantaihin. Tunnit on jaettu mahdollisimman tarkasti tasoryhmiin. Aikuisille ja lapsille on p\u00e4\u00e4osin omat ryhm\u00e4ns\u00e4. Pienemmille ratsastajille (yli kolmevuotiaat) j\u00e4rjest\u00e4mme talutusratsastusta, jossa taluttajan avustamana p\u00e4\u00e4see harjoittelemaan erilaisia ratsastusteht\u00e4vi\u00e4 ratsastuksenopettajan ohjauksessa. Syksyisin ja kev\u00e4isin aloitamme alkeiskursseja lapsille ja aikuisille. Meill\u00e4 on mahdollisuus my\u00f6s yksityistunteihin, pienryhm\u00e4tunteihin ja istuntaharjoitustunteihin liinassa. J\u00e4rjest\u00e4mme harjoituskilpailuja, joissa oppilaat p\u00e4\u00e4sev\u00e4t harjoittelemaan kilpailemista opettajien ohjauksessa. My\u00f6s talutusratsastajille on pyritty j\u00e4rjest\u00e4m\u00e4\u00e4n oma luokkansa n\u00e4ihin kisoihin.<\/p>\n<p>Kaikkien vakituisesti ratsastavien tulee joko kuulua johonkin ratsastuseuraan, esimerkiksi Sairilan Ratsastajiin, tai hankkia Green Card -kortti. T\u00e4ll\u00e4 varmistetaan ett\u00e4 kaikilla SRL:n hyv\u00e4ksymiss\u00e4 ja valvomissa ratsastuskouluissa ja harrastetalleissa ratsastavilla on riitt\u00e4v\u00e4 vakuutusturva ratsastusharrastukseen liittyen<\/p>\n<\/div>\n<\/div><\/div><\/div><\/div><div id=\"pg-188-1\"  class=\"panel-grid panel-no-style\" ><div id=\"pgc-188-1-0\"  class=\"panel-grid-cell\" ><div id=\"panel-188-1-0-0\" class=\"so-panel widget widget_sow-editor panel-first-child panel-last-child\" data-index=\"1\" ><div\n\t\t\t\n\t\t\tclass=\"so-widget-sow-editor so-widget-sow-editor-base\"\n\t\t\t\n\t\t>\n<div class=\"siteorigin-widget-tinymce textwidget\">\n\t<p><a href=\"http:\/\/www.relanderinponitalli.fi\/?page_id=594\"><img loading=\"lazy\" decoding=\"async\" class=\"alignnone wp-image-138 size-full\" src=\"http:\/\/www.relanderinponitalli.fi\/wp-content\/uploads\/Usva_2016-e1481442118172.jpg\" width=\"350\" height=\"250\" srcset=\"https:\/\/www.relanderinponitalli.fi\/wp-content\/uploads\/Usva_2016-e1481442118172.jpg 350w, https:\/\/www.relanderinponitalli.fi\/wp-content\/uploads\/Usva_2016-e1481442118172-300x214.jpg 300w\" sizes=\"auto, (max-width: 350px) 100vw, 350px\" \/><\/a><\/p>\n<h3>Tuntikalenteri<\/h3>\n<p>Syksyn tuntikalenteri<\/p>\n<\/div>\n<\/div><\/div><\/div><div id=\"pgc-188-1-1\"  class=\"panel-grid-cell\" ><div id=\"panel-188-1-1-0\" class=\"so-panel widget widget_sow-editor panel-first-child panel-last-child\" data-index=\"2\" ><div\n\t\t\t\n\t\t\tclass=\"so-widget-sow-editor so-widget-sow-editor-base\"\n\t\t\t\n\t\t>\n<div class=\"siteorigin-widget-tinymce textwidget\">\n\t<p><a href=\"http:\/\/www.relanderinponitalli.fi\/?page_id=618\"><img loading=\"lazy\" decoding=\"async\" class=\"alignnone wp-image-169 size-full\" src=\"http:\/\/www.relanderinponitalli.fi\/wp-content\/uploads\/pahkina-1-e1481441960583.jpg\" width=\"350\" height=\"250\" srcset=\"https:\/\/www.relanderinponitalli.fi\/wp-content\/uploads\/pahkina-1-e1481441960583.jpg 350w, https:\/\/www.relanderinponitalli.fi\/wp-content\/uploads\/pahkina-1-e1481441960583-300x214.jpg 300w\" sizes=\"auto, (max-width: 350px) 100vw, 350px\" \/><\/a><\/p>\n<h3>Hinnat<\/h3>\n<p>Kausikorttien ja yksityistuntien hinnat.<\/p>\n<\/div>\n<\/div><\/div><\/div><div id=\"pgc-188-1-2\"  class=\"panel-grid-cell\" ><div id=\"panel-188-1-2-0\" class=\"so-panel widget widget_sow-editor panel-first-child panel-last-child\" data-index=\"3\" ><div\n\t\t\t\n\t\t\tclass=\"so-widget-sow-editor so-widget-sow-editor-base\"\n\t\t\t\n\t\t>\n<div class=\"siteorigin-widget-tinymce textwidget\">\n\t<p><a href=\"http:\/\/www.relanderinponitalli.fi\/?page_id=206\"><img loading=\"lazy\" decoding=\"async\" class=\"alignnone size-full wp-image-259\" src=\"http:\/\/www.relanderinponitalli.fi\/wp-content\/uploads\/snaigemaasto2014-1-e1481443069303.jpg\" alt=\"\" width=\"350\" height=\"250\" srcset=\"https:\/\/www.relanderinponitalli.fi\/wp-content\/uploads\/snaigemaasto2014-1-e1481443069303.jpg 350w, https:\/\/www.relanderinponitalli.fi\/wp-content\/uploads\/snaigemaasto2014-1-e1481443069303-300x214.jpg 300w\" sizes=\"auto, (max-width: 350px) 100vw, 350px\" \/><\/a><\/p>\n<h3>Leirit<\/h3>\n<p>Leireihin liittyv\u00e4\u00e4 tietoa sek\u00e4 tulevan kes\u00e4n ohjlema<\/p>\n<\/div>\n<\/div><\/div><\/div><div id=\"pgc-188-1-3\"  class=\"panel-grid-cell\" ><div id=\"panel-188-1-3-0\" class=\"so-panel widget widget_sow-editor panel-first-child panel-last-child\" data-index=\"4\" ><div\n\t\t\t\n\t\t\tclass=\"so-widget-sow-editor so-widget-sow-editor-base\"\n\t\t\t\n\t\t>\n<div class=\"siteorigin-widget-tinymce textwidget\">\n\t<p><a href=\"http:\/\/www.relanderinponitalli.fi\/?page_id=216\"><img loading=\"lazy\" decoding=\"async\" class=\"alignnone wp-image-263 size-full\" src=\"http:\/\/www.relanderinponitalli.fi\/wp-content\/uploads\/peppi_esteet2012-1-e1481443905818.jpg\" width=\"255\" height=\"183\" \/><\/a><\/p>\n<h3>Kurssit<\/h3>\n<p>Tallin kurssitarjontaa<\/p>\n<\/div>\n<\/div><\/div><\/div><\/div><\/div>","protected":false},"excerpt":{"rendered":"<p>Tallillamme j\u00e4rjestet\u00e4\u00e4n ratsastustunteja maanantaista lauantaihin. Tunnit on jaettu mahdollisimman tarkasti tasoryhmiin. Aikuisille ja lapsille on p\u00e4\u00e4osin omat ryhm\u00e4ns\u00e4. Pienemmille ratsastajille (yli kolmevuotiaat) j\u00e4rjest\u00e4mme talutusratsastusta, jossa taluttajan avustamana p\u00e4\u00e4see harjoittelemaan erilaisia ratsastusteht\u00e4vi\u00e4 ratsastuksenopettajan ohjauksessa. Syksyisin ja kev\u00e4isin aloitamme alkeiskursseja lapsille ja aikuisille. Meill\u00e4 on mahdollisuus my\u00f6s yksityistunteihin, pienryhm\u00e4tunteihin ja istuntaharjoitustunteihin liinassa. J\u00e4rjest\u00e4mme harjoituskilpailuja, joissa oppilaat p\u00e4\u00e4sev\u00e4t <a class=\"read-more\" href=\"https:\/\/www.relanderinponitalli.fi\/?page_id=188\">Lue lis\u00e4\u00e4<\/a><\/p>\n","protected":false},"author":1,"featured_media":0,"parent":0,"menu_order":3,"comment_status":"closed","ping_status":"closed","template":"","meta":{"footnotes":""},"class_list":["post-188","page","type-page","status-publish","hentry"],"_links":{"self":[{"href":"https:\/\/www.relanderinponitalli.fi\/index.php?rest_route=\/wp\/v2\/pages\/188","targetHints":{"allow":["GET"]}}],"collection":[{"href":"https:\/\/www.relanderinponitalli.fi\/index.php?rest_route=\/wp\/v2\/pages"}],"about":[{"href":"https:\/\/www.relanderinponitalli.fi\/index.php?rest_route=\/wp\/v2\/types\/page"}],"author":[{"embeddable":true,"href":"https:\/\/www.relanderinponitalli.fi\/index.php?rest_route=\/wp\/v2\/users\/1"}],"replies":[{"embeddable":true,"href":"https:\/\/www.relanderinponitalli.fi\/index.php?rest_route=%2Fwp%2Fv2%2Fcomments&post=188"}],"version-history":[{"count":27,"href":"https:\/\/www.relanderinponitalli.fi\/index.php?rest_route=\/wp\/v2\/pages\/188\/revisions"}],"predecessor-version":[{"id":3050,"href":"https:\/\/www.relanderinponitalli.fi\/index.php?rest_route=\/wp\/v2\/pages\/188\/revisions\/3050"}],"wp:attachment":[{"href":"https:\/\/www.relanderinponitalli.fi\/index.php?rest_route=%2Fwp%2Fv2%2Fmedia&parent=188"}],"curies":[{"name":"wp","href":"https:\/\/api.w.org\/{rel}","templated":true}]}}