{"id":1971,"date":"2021-12-18T08:43:55","date_gmt":"2021-12-18T06:43:55","guid":{"rendered":"http:\/\/www.relanderinponitalli.fi\/?page_id=1971"},"modified":"2021-12-30T18:08:15","modified_gmt":"2021-12-30T16:08:15","slug":"ohje-ratsukko-varausjarjestelman-kayttoon","status":"publish","type":"page","link":"https:\/\/www.relanderinponitalli.fi\/?page_id=1971","title":{"rendered":"Ohje uuden Ratsukko -varausj\u00e4rjestelm\u00e4n k\u00e4ytt\u00f6\u00f6n"},"content":{"rendered":"<p>N\u00e4m\u00e4 ohjeet koskevat 1.1.2022 k\u00e4ytt\u00f6\u00f6notettavan <strong><a href=\"https:\/\/www.ratsukko.fi\">ratsukko.fi<\/a><\/strong>\u00a0-sivun kautta luotavaa tunnusta.<\/p>\n<h2>Tunnuksen luominen ja omien tietojen tallentaminen<\/h2>\n<p><strong>Ensimm\u00e4iseksi tee seuraavat asiat:<\/strong><\/p>\n<ol>\n<li>Luo itsellesi tunnus uuteen Ratsukkoon, jos et ole sit\u00e4 viel\u00e4 tehnyt<\/li>\n<li>K\u00e4y vahvistamassa luomasi tunnus ko. s\u00e4hk\u00f6postiosoitteeseen<br \/>\nl\u00e4hetetyn vahvistuslinkin kautta<\/li>\n<li>Kirjaudu Ratsukkoon<\/li>\n<li>Liity Relanderin ponitalliin: heti kirjautumisen j\u00e4lkeen etusivulla\u00a0on kohta Ei viel\u00e4 tallia? Kirjoita hakukentt\u00e4\u00e4n relanderin ja paina\u00a0etsi. Kun saat tallin n\u00e4kyviin, paina LIITY<\/li>\n<li>K\u00e4y p\u00e4ivitt\u00e4m\u00e4ss\u00e4 omat tiedot:\u00a0valitse sivun yl\u00e4reunasta OMAT TIEDOT, sen alta avautuu sivuja, valitse\u00a0niist\u00e4 Henkil\u00f6tiedot ja sitten paina MUOKKAA<\/li>\n<li>P\u00e4ivit\u00e4 kaikki kysytyt tiedot, syntym\u00e4aika kohdassa voit my\u00f6s<br \/>\nnumeron\u00e4pp\u00e4imin kirjoittaa syntym\u00e4aikasi<\/li>\n<li>Lopuksi paina P\u00c4IVIT\u00c4, tietosi tallentuvat<\/li>\n<\/ol>\n<p>Jos haluat luoda oman tunnuksesi alle <strong>alitunnuksen, voit tehd\u00e4 sen\u00a0samassa kohdassa<\/strong>. HUOM! Alitunnukselle tarvitset oman\u00a0s\u00e4hk\u00f6postiosoitteen, et voi k\u00e4ytt\u00e4\u00e4 samaa s\u00e4hk\u00f6postiosoitetta\u00a0kahdesti!<\/p>\n<p>Lis\u00e4\u00e4 alitunnus ja salasana sille ja k\u00e4y vahvistamassa alitunnus sen\u00a0s\u00e4hk\u00f6postiosoitteeseen l\u00e4hetetyn linkin kautta. Kun olet vahvistanut\u00a0alitunnuksen, kirjaudu sill\u00e4 Ratsukkoon ja liity talliin, samalla\u00a0tavalla kuin liityit p\u00e4\u00e4tunnuksella. Tarkat ohjeet tunnuksen ja\u00a0alitunnuksen luomiseen l\u00f6ytyv\u00e4t sivulta <span dir=\"ltr\">ratsukko.com\/luo-tunnus<\/span><\/p>\n<h2>Osta itsellesi oikeanlainen ratsastuskortti<\/h2>\n<p>T\u00e4rke\u00e4\u00e4 on, ett\u00e4 <strong>ennen kuin varaat tunteja, ostat itsellesi ja\u00a0alitunnuksille oikean ratsastuskortin ja k\u00e4yt\u00e4t korttia<\/strong>\/ kortteja\u00a0varatessasi tunteja.\u00a0Kortit ovat <span dir=\"ltr\">20.12.2021<\/span> eteenp\u00e4in Ratsukossa sivulla TUOTTEET.<\/p>\n<p>Huomioithan, ett\u00e4 tuotteita ostaessasi maksutapana n\u00e4kyy <strong>Maksu\u00a0Tallilla<\/strong>, valitse se.<\/p>\n<ul>\n<li><strong>Kev\u00e4tkauden kortit ja varaukset laskutetaan tallin kautta<\/strong>, joten\u00a0valitessasi Maksu tallilla maksutavan maksua ei tapahdu, vaan saat\u00a0tuttuun tapaan laskun tallin kautta.<\/li>\n<li><strong>Syyskaudelle otamme k\u00e4ytt\u00f6\u00f6n verkkomaksut<\/strong> Ratsukkoon ja syyskauden\u00a0kortit ja tunnit p\u00e4\u00e4sen maksamaan suoraan Ratsukosta.\u00a0Tiedotamme kes\u00e4n aikana viel\u00e4 t\u00e4st\u00e4 tarkemmin.<\/li>\n<\/ul>\n<p>Ennen tuntien varaamista Ratsukosta, sinun tulee valita itsellesi\u00a0oikeanlainen ratsastuskortti sen mukaan, miten olet ilmoittanut meille\u00a0ratsastavasi kev\u00e4tkaudella.<\/p>\n<p><strong>Toimi n\u00e4in:<\/strong><\/p>\n<ol>\n<li><span style=\"font-size: revert; color: initial;\">Mene Ratsukossa <strong>Relanderin ponitallin<\/strong> sivuille ja valitse sielt\u00e4 sivu <strong>TUOTTEET<\/strong><\/span><\/li>\n<li><span style=\"font-size: revert; color: initial;\">Valitse sinulle <strong>oikeanlainen ratsastuskortti<\/strong>: esimerkiksi Kausikortti\u00a0<\/span><span style=\"font-size: revert; color: initial;\">kev\u00e4t 2022, 6 ratsastajan ryhm\u00e4 jos olet sopinut ratsastavasi koko\u00a0<\/span><span style=\"font-size: revert; color: initial;\">kauden 6 ratsastajan ryhm\u00e4ss\u00e4<\/span><\/li>\n<li><span style=\"font-size: revert; color: initial;\">Paina <strong>OSTA TUOTE<\/strong> ja sen j\u00e4lkeen, kun kaikki tietosi on\u00a0<\/span><span style=\"font-size: revert; color: initial;\">Maksaja-tiedoissa, valitse <strong>Maksutavaksi Maksu tallilla<\/strong> ja paina <strong>VAHVISTA\u00a0<\/strong><\/span><strong><span style=\"font-size: revert; color: initial;\">MAKSU<\/span><\/strong><\/li>\n<li><span style=\"font-size: revert; color: initial;\">Ostettu kortti n\u00e4kyy sinulla OMAT TIEDOT, Kortit, alla<\/span><\/li>\n<li><span style=\"font-size: revert; color: initial;\">Mene <strong>kalenterissa sen tunnin kohdalle, jonka haluat varata<\/strong> ja paina\u00a0<\/span><strong><span style=\"font-size: revert; color: initial;\">VARAA<\/span><\/strong><\/li>\n<li><span style=\"font-size: revert; color: initial;\">Jos sinulla on <strong>alitunnuksia<\/strong> oman tunnuksen alla, <strong>valitse<\/strong> se\u00a0<\/span><span style=\"font-size: revert; color: initial;\"><strong>ratsastaja<\/strong>, kenelle olet ostanut kortin ja tekem\u00e4ss\u00e4 varausta.\u00a0<\/span><span style=\"font-size: revert; color: initial;\">Laita Kerrat-kohtaan se m\u00e4\u00e4r\u00e4 tunteja, joita sinulla on ostamallasi\u00a0<\/span><span style=\"font-size: revert; color: initial;\">kortilla<\/span><\/li>\n<li><span style=\"font-size: revert; color: initial;\">Paina <strong>VARAA TUNTI<\/strong><\/span><\/li>\n<li><span style=\"font-size: revert; color: initial;\">Ennen kuin Vahvistat Maksun, valitse <strong>maksutavaksi se ratsastuskortti,\u00a0<\/strong><\/span><span style=\"font-size: revert; color: initial;\"><strong>jonka k\u00e4yt\u00e4t nyt varauksiin<\/strong>. Saat ostamasi kortit n\u00e4kyviin Valitse\u00a0<\/span><span style=\"font-size: revert; color: initial;\">Maksutapa- valikon pienen nuolen kautta<\/span><\/li>\n<li><span style=\"font-size: revert; color: initial;\">Kun olet valinnut oikean ratsastuskortin maksutavaksi, k\u00e4ytet\u00e4\u00e4n\u00a0<\/span><span style=\"font-size: revert; color: initial;\">ostamasi kortti tuntivarauksiin<\/span><\/li>\n<\/ol>\n<p>N\u00e4et <strong>omat varauksesi OMAT TIEDOT, Varaukseni alta.<\/strong> P\u00e4\u00e4set my\u00f6s sit\u00e4\u00a0kautta <strong>perumaan tunteja<\/strong>. Peruttu tunti palautetaan aina sille kortille,\u00a0jolla se on varattu. Kun varaat r\u00e4stituntia perutun tunnin tilalle,\u00a0valitse varausta vahvistaessasi Maksutavaksi ratsastuskortti, johon on\u00a0palautunut perumasi tuntikerrat uudelleen varattaviksi.<\/p>\n<h3>Huomioitavaa<\/h3>\n<p>Huomioithan, ett\u00e4 jos ostat 10 kerran ratsastuskortin ja varaat 11 tai\u00a0suuremman m\u00e4\u00e4r\u00e4n tunteja kerralla, ei kortti tule n\u00e4kyviin\u00a0maksutapana, sill\u00e4 siin\u00e4 on v\u00e4hemm\u00e4n varattavia tunteja.<\/p>\n<p>Jos sinulla on useampia ratsastuskortteja, k\u00e4yt\u00e4 oikeaa korttia\u00a0tunneille, jotka varaat.<\/p>\n<p>Jos et saa mit\u00e4\u00e4n ratsastuskorttia n\u00e4kyviin maksutapoihin, olet joko\u00a0varaamassa suurempaa m\u00e4\u00e4r\u00e4\u00e4 tunteja kuin korteillasi per kortti on,\u00a0tai olet jo varannut kaikki korttisi t\u00e4yteen.<\/p>\n<p>Omissa tiedoissasi, Kortit-sivulla, sinulla n\u00e4kyy t\u00e4yteen varattu\u00a0kortti esim. 0\/23. Jos perut tunnin, kortti n\u00e4ytt\u00e4\u00e4 <span dir=\"ltr\">1\/23<\/span> eli ett\u00e4\u00a0sinulla on yksi tunti varattavissa ko. kortilla.<\/p>\n","protected":false},"excerpt":{"rendered":"<p>N\u00e4m\u00e4 ohjeet koskevat 1.1.2022 k\u00e4ytt\u00f6\u00f6notettavan ratsukko.fi\u00a0-sivun kautta luotavaa tunnusta. Tunnuksen luominen ja omien tietojen tallentaminen Ensimm\u00e4iseksi tee seuraavat asiat: Luo itsellesi tunnus uuteen Ratsukkoon, jos et ole sit\u00e4 viel\u00e4 tehnyt K\u00e4y vahvistamassa luomasi tunnus ko. s\u00e4hk\u00f6postiosoitteeseen l\u00e4hetetyn vahvistuslinkin kautta Kirjaudu Ratsukkoon Liity Relanderin ponitalliin: heti kirjautumisen j\u00e4lkeen etusivulla\u00a0on kohta Ei viel\u00e4 tallia? Kirjoita hakukentt\u00e4\u00e4n relanderin <a class=\"read-more\" href=\"https:\/\/www.relanderinponitalli.fi\/?page_id=1971\">Lue lis\u00e4\u00e4<\/a><\/p>\n","protected":false},"author":1,"featured_media":0,"parent":188,"menu_order":0,"comment_status":"closed","ping_status":"closed","template":"","meta":{"footnotes":""},"class_list":["post-1971","page","type-page","status-publish","hentry"],"_links":{"self":[{"href":"https:\/\/www.relanderinponitalli.fi\/index.php?rest_route=\/wp\/v2\/pages\/1971","targetHints":{"allow":["GET"]}}],"collection":[{"href":"https:\/\/www.relanderinponitalli.fi\/index.php?rest_route=\/wp\/v2\/pages"}],"about":[{"href":"https:\/\/www.relanderinponitalli.fi\/index.php?rest_route=\/wp\/v2\/types\/page"}],"author":[{"embeddable":true,"href":"https:\/\/www.relanderinponitalli.fi\/index.php?rest_route=\/wp\/v2\/users\/1"}],"replies":[{"embeddable":true,"href":"https:\/\/www.relanderinponitalli.fi\/index.php?rest_route=%2Fwp%2Fv2%2Fcomments&post=1971"}],"version-history":[{"count":11,"href":"https:\/\/www.relanderinponitalli.fi\/index.php?rest_route=\/wp\/v2\/pages\/1971\/revisions"}],"predecessor-version":[{"id":2004,"href":"https:\/\/www.relanderinponitalli.fi\/index.php?rest_route=\/wp\/v2\/pages\/1971\/revisions\/2004"}],"up":[{"embeddable":true,"href":"https:\/\/www.relanderinponitalli.fi\/index.php?rest_route=\/wp\/v2\/pages\/188"}],"wp:attachment":[{"href":"https:\/\/www.relanderinponitalli.fi\/index.php?rest_route=%2Fwp%2Fv2%2Fmedia&parent=1971"}],"curies":[{"name":"wp","href":"https:\/\/api.w.org\/{rel}","templated":true}]}}