{"id":2,"date":"2016-12-10T10:16:11","date_gmt":"2016-12-10T08:16:11","guid":{"rendered":"http:\/\/www.relanderinponitalli.fi\/?page_id=2"},"modified":"2023-02-13T18:59:11","modified_gmt":"2023-02-13T16:59:11","slug":"esimerkkisivu","status":"publish","type":"page","link":"https:\/\/www.relanderinponitalli.fi\/","title":{"rendered":"Ponitalli"},"content":{"rendered":"<div id=\"pl-2\"  class=\"panel-layout\" ><div id=\"pg-2-0\"  class=\"panel-grid panel-no-style\" ><div id=\"pgc-2-0-0\"  class=\"panel-grid-cell\" ><div id=\"panel-2-0-0-0\" class=\"so-panel widget widget_sow-editor panel-first-child panel-last-child\" data-index=\"0\" ><div\n\t\t\t\n\t\t\tclass=\"so-widget-sow-editor so-widget-sow-editor-base\"\n\t\t\t\n\t\t>\n<div class=\"siteorigin-widget-tinymce textwidget\">\n\t<h1><strong>Tervetuloa ratsastamaan!<\/strong><\/h1>\n<p>Relanderin Ponitalli on laadukas ratsastuskoulu koko perheelle. Laadun varmistamme p\u00e4tev\u00e4ll\u00e4 henkil\u00f6kunnalla, osaavilla ratsuilla sek\u00e4 tietysti hyvin hoidetuilla tallialueella!<\/p>\n<p>Kaikki tallin vakituiseen henkil\u00f6kuntaan kuuluvat ovat kouluttautuneet p\u00e4teviksi Suomen Ratsastajainliiton hyv\u00e4ksymiksi ratsastuksenopettajiksi tai \u2013ohjaajiksi (koulutus kest\u00e4\u00e4 useamman vuoden alan oppilaitoksissa). Kaikilla opettajilla on my\u00f6s voimassa EA2-tason ensiapukoulutus. Koko tallin toiminta pohjaa turvallisuuteen. Tallilla kaikki toimivat samojen ohjeiden mukaan ja ratsastamisen lis\u00e4ksi opetamme asiakkaillemme t\u00e4rkeit\u00e4 hevostaitoja. Tallillamme pystyy suorittamaan Suomen Ratsastajainliiton ratsastus- ja hoitomerkkej\u00e4.<\/p>\n<p>Meill\u00e4 on kolmenkokoisia opetusponeja ja \u2013hevosia. Pienimm\u00e4t ovat 110-120 cm kokoisia pikkuponeja, keskikokoiset ponit ovat 140-145 cm kokoisia isoja poneja, ja aikuisille ja pidemmille nuorille l\u00f6ytyy runsas joukko erirakenteisia hevosia. Kaikki opetusratsumme ovat teht\u00e4v\u00e4\u00e4ns\u00e4 koulutettuja. Monet tallimme ratsuista ovat kilpailleet I ja II tason kilpailuissa, muutamat ovat kilpailleet jopa III (ent. kansallinen) tasolla.<\/p>\n<p>Opetus tapahtuu 6-7 oppilaan ryhmiss\u00e4. Jokaisen ryhm\u00e4n opetus etenee systemaattisesti opettajan tekem\u00e4n kausisuunnitelman mukaisesti. Kaikki oppilaamme saavat vankan pohjan ratsastusharrastukselle ja t\u00e4lt\u00e4 pohjalta innokkaimmat ponnistavat kilpauralle ja hevosalan ammattilaisiksi. Monet mikkelil\u00e4iset t\u00e4m\u00e4n hetken kilparatsastajat ovat ratsastaneet ensimm\u00e4iset vuotensa meill\u00e4 ja useat tallillamme lapsena ja nuorena k\u00e4yneet ovat t\u00e4m\u00e4n p\u00e4iv\u00e4n ratsastuksenohjaajia, ratsuttajia, tallimestareita ja hevostenhoitajia.<\/p>\n<p>Relanderin ponitalli on Suomen Ratsastajainliiton hyv\u00e4ksym\u00e4 ratsastuskoulu ja se on valittu Vuoden Ratsastustalliksi 2007! Kes\u00e4ll\u00e4 2012 talli sai my\u00f6s Suomen el\u00e4insuojeluyhdistysten liiton SEYn my\u00f6nt\u00e4m\u00e4n hevosalan el\u00e4insuojelupalkinnon. Perusteena palkinnolle oli hevosten ja ponien hyvinvoinnista huolehtiminen hyvin niin ratsastuskeskuksen puitteiden kuin p\u00e4ivitt\u00e4isen toiminnan osalta. Vuonna 2020 talli valittiin Mikkelin yritt\u00e4j\u00e4ksi ja nyt 2023 omistaja Kirsi Relander sai Vuoden liikuttaja -palkinnon!<\/p>\n<\/div>\n<\/div><\/div><\/div><div id=\"pgc-2-0-1\"  class=\"panel-grid-cell\" ><div id=\"panel-2-0-1-0\" class=\"widget_text so-panel widget widget_custom_html panel-first-child panel-last-child\" data-index=\"1\" ><div class=\"textwidget custom-html-widget\"><div id=\"fb-root\"><\/div>\n<script async defer crossorigin=\"anonymous\" src=\"https:\/\/connect.facebook.net\/fi_FI\/sdk.js#xfbml=1&version=v13.0\" nonce=\"nN1afSv5\"><\/script>\n\n<div class=\"fb-page\" data-href=\"https:\/\/www.facebook.com\/Relanderinponitalli\/\" data-tabs=\"timeline\" data-width=\"350\" data-height=\"600\" data-small-header=\"true\" data-adapt-container-width=\"true\" data-hide-cover=\"false\" data-show-facepile=\"false\"><blockquote cite=\"https:\/\/www.facebook.com\/Relanderinponitalli\/\" class=\"fb-xfbml-parse-ignore\"><a href=\"https:\/\/www.facebook.com\/Relanderinponitalli\/\">Relanderin ponitalli<\/a><\/blockquote><\/div><\/div><\/div><\/div><\/div><div id=\"pg-2-1\"  class=\"panel-grid panel-no-style\" ><div id=\"pgc-2-1-0\"  class=\"panel-grid-cell\" ><div id=\"panel-2-1-0-0\" class=\"so-panel widget widget_sow-post-carousel panel-first-child panel-last-child\" data-index=\"2\" ><div\n\t\t\t\n\t\t\tclass=\"so-widget-sow-post-carousel so-widget-sow-post-carousel-base-b4d80e009b31-2\"\n\t\t\t\n\t\t>\t<div\n\t\tclass=\"sow-post-carousel-wrapper sow-post-carousel-theme-base\"\n\t\tstyle=\"overflow: hidden; max-width: 100%; min-height: 230px\"\n\t>\n\t\t<div class=\"sow-carousel-title has-title\">\n\t<h3 class=\"widget-title\">Ajankohtaista<\/h3>\t\t<div class=\"sow-carousel-navigation \">\n\t\t\t\t\t\t<a href=\"#\" class=\"sow-carousel-next\" title=\"Next\" aria-label=\"Next Posts\" role=\"button\"><\/a>\n\t\t\t\t\t\t<a href=\"#\" class=\"sow-carousel-previous\" title=\"Previous\" aria-label=\"Previous Posts\" role=\"button\"><\/a>\n\t\t\t\t\t<\/div>\n\t<\/div>\n\n<div class=\"sow-carousel-container \">\n\t\t<div class=\"sow-carousel-wrapper\"\n\t\tdata-dir=\"ltr\"\n\t\tstyle=\"opacity: 0;\"\n\t\tdata-widget=\"post\" data-fetching=\"false\" data-page=\"1\" data-ajax-url=\"https:\/\/www.relanderinponitalli.fi\/wp-admin\/admin-ajax.php?_widgets_nonce=719078722e\" data-item_count=\"37\" data-carousel_settings=\"{&quot;loop&quot;:true,&quot;animation&quot;:&quot;Ease&quot;,&quot;animation_speed&quot;:400,&quot;autoplay&quot;:&quot;&quot;,&quot;pauseOnHover&quot;:&quot;&quot;,&quot;autoplaySpeed&quot;:8000,&quot;item_overflow&quot;:true,&quot;autoplay_continuous_scroll&quot;:false}\" data-responsive=\"{&quot;desktop_slides_to_scroll&quot;:1,&quot;tablet_landscape_breakpoint&quot;:1366,&quot;tablet_landscape_slides_to_scroll&quot;:2,&quot;tablet_portrait_breakpoint&quot;:1025,&quot;tablet_portrait_slides_to_scroll&quot;:2,&quot;mobile_breakpoint&quot;:480,&quot;mobile_slides_to_scroll&quot;:1}\" data-variable_width=\"true\" \t>\n\t\t<div\n\t\t\tclass=\"sow-carousel-items\"\n\t\t\t\t\t>\n\t\t\t\t<div class=\"sow-carousel-item\" tabindex=\"-1\" style=\"float: left;\">\n\t\t<div class=\"sow-carousel-thumbnail\">\n\t\t\t\t\t\t\t<a\n\t\t\t\t\thref=\"https:\/\/www.relanderinponitalli.fi\/?p=3161\"\n\t\t\t\t\t\t\t\t\t\tstyle=\"background-image: url( https:\/\/www.relanderinponitalli.fi\/wp-content\/uploads\/IMG_20240528_223557_251-1-352x230.jpg )\"\n\t\t\t\t\taria-labelledby=\"sow-carousel-id-3161\"\n\t\t\t\t\ttabindex=\"-1\"\n\t\t\t\t>\n\t\t\t\t\t<span class=\"overlay\"><\/span>\n\t\t\t\t<\/a>\n\t\t\t\t\t<\/div>\n\t\t<h3 class=\"sow-carousel-item-title\">\n\t\t\t<a\n\t\t\t\thref=\"https:\/\/www.relanderinponitalli.fi\/?p=3161\"\n\t\t\t\tid=\"sow-carousel-id-3161\"\n\t\t\t\t\t\t\t\ttabindex=\"-1\"\n\t\t\t>\n\n\t\t\t\tLapsen ratsastusharrastuksen aloittaminen!\t\t\t<\/a>\n\t\t<\/h3>\n\t<\/div>\n\t\t<div class=\"sow-carousel-item\" tabindex=\"-1\" style=\"float: left;\">\n\t\t<div class=\"sow-carousel-thumbnail\">\n\t\t\t\t\t\t\t<a\n\t\t\t\t\thref=\"https:\/\/www.relanderinponitalli.fi\/?p=3150\"\n\t\t\t\t\t\t\t\t\t\tstyle=\"background-image: url( https:\/\/www.relanderinponitalli.fi\/wp-content\/uploads\/Picsart_23-06-30_10-09-34-916.jpg )\"\n\t\t\t\t\taria-labelledby=\"sow-carousel-id-3150\"\n\t\t\t\t\ttabindex=\"-1\"\n\t\t\t\t>\n\t\t\t\t\t<span class=\"overlay\"><\/span>\n\t\t\t\t<\/a>\n\t\t\t\t\t<\/div>\n\t\t<h3 class=\"sow-carousel-item-title\">\n\t\t\t<a\n\t\t\t\thref=\"https:\/\/www.relanderinponitalli.fi\/?p=3150\"\n\t\t\t\tid=\"sow-carousel-id-3150\"\n\t\t\t\t\t\t\t\ttabindex=\"-1\"\n\t\t\t>\n\n\t\t\t\tSyyskauden 2026 ilmoittautuminen &#8211; ohjeet ja ilmoittautumislomake\t\t\t<\/a>\n\t\t<\/h3>\n\t<\/div>\n\t\t<div class=\"sow-carousel-item\" tabindex=\"-1\" style=\"float: left;\">\n\t\t<div class=\"sow-carousel-thumbnail\">\n\t\t\t\t\t\t\t<a\n\t\t\t\t\thref=\"https:\/\/www.relanderinponitalli.fi\/?p=2901\"\n\t\t\t\t\t\t\t\t\t\tstyle=\"background-image: url( https:\/\/www.relanderinponitalli.fi\/wp-content\/uploads\/SIBE_2024_1-352x230.jpg )\"\n\t\t\t\t\taria-labelledby=\"sow-carousel-id-2901\"\n\t\t\t\t\ttabindex=\"-1\"\n\t\t\t\t>\n\t\t\t\t\t<span class=\"overlay\"><\/span>\n\t\t\t\t<\/a>\n\t\t\t\t\t<\/div>\n\t\t<h3 class=\"sow-carousel-item-title\">\n\t\t\t<a\n\t\t\t\thref=\"https:\/\/www.relanderinponitalli.fi\/?p=2901\"\n\t\t\t\tid=\"sow-carousel-id-2901\"\n\t\t\t\t\t\t\t\ttabindex=\"-1\"\n\t\t\t>\n\n\t\t\t\tKes\u00e4n ohjelmaan lis\u00e4tty uusi leiri!\t\t\t<\/a>\n\t\t<\/h3>\n\t<\/div>\n\t\t<div class=\"sow-carousel-item\" tabindex=\"-1\" style=\"float: left;\">\n\t\t<div class=\"sow-carousel-thumbnail\">\n\t\t\t\t\t\t\t<a\n\t\t\t\t\thref=\"https:\/\/www.relanderinponitalli.fi\/?p=2859\"\n\t\t\t\t\t\t\t\t\t\tstyle=\"background-image: url( https:\/\/www.relanderinponitalli.fi\/wp-content\/uploads\/Kadru-uimassa-352x230.jpg )\"\n\t\t\t\t\taria-labelledby=\"sow-carousel-id-2859\"\n\t\t\t\t\ttabindex=\"-1\"\n\t\t\t\t>\n\t\t\t\t\t<span class=\"overlay\"><\/span>\n\t\t\t\t<\/a>\n\t\t\t\t\t<\/div>\n\t\t<h3 class=\"sow-carousel-item-title\">\n\t\t\t<a\n\t\t\t\thref=\"https:\/\/www.relanderinponitalli.fi\/?p=2859\"\n\t\t\t\tid=\"sow-carousel-id-2859\"\n\t\t\t\t\t\t\t\ttabindex=\"-1\"\n\t\t\t>\n\n\t\t\t\tKesaleirit 2026!\t\t\t<\/a>\n\t\t<\/h3>\n\t<\/div>\n\t\t<div class=\"sow-carousel-item\" tabindex=\"-1\" style=\"float: left;\">\n\t\t<div class=\"sow-carousel-thumbnail\">\n\t\t\t\t\t\t\t<a\n\t\t\t\t\thref=\"https:\/\/www.relanderinponitalli.fi\/?p=2777\"\n\t\t\t\t\t\t\t\t\t\tstyle=\"background-image: url( https:\/\/www.relanderinponitalli.fi\/wp-content\/uploads\/AAPO_2024_2-352x230.jpg )\"\n\t\t\t\t\taria-labelledby=\"sow-carousel-id-2777\"\n\t\t\t\t\ttabindex=\"-1\"\n\t\t\t\t>\n\t\t\t\t\t<span class=\"overlay\"><\/span>\n\t\t\t\t<\/a>\n\t\t\t\t\t<\/div>\n\t\t<h3 class=\"sow-carousel-item-title\">\n\t\t\t<a\n\t\t\t\thref=\"https:\/\/www.relanderinponitalli.fi\/?p=2777\"\n\t\t\t\tid=\"sow-carousel-id-2777\"\n\t\t\t\t\t\t\t\ttabindex=\"-1\"\n\t\t\t>\n\n\t\t\t\tRatsastuksen aloittaminen\t\t\t<\/a>\n\t\t<\/h3>\n\t<\/div>\n\t\t<div class=\"sow-carousel-item\" tabindex=\"-1\" style=\"float: left;\">\n\t\t<div class=\"sow-carousel-thumbnail\">\n\t\t\t\t\t\t\t<a\n\t\t\t\t\thref=\"https:\/\/www.relanderinponitalli.fi\/?p=2510\"\n\t\t\t\t\t\t\t\t\t\tstyle=\"background-image: url( https:\/\/www.relanderinponitalli.fi\/wp-content\/uploads\/F97F1DC1-420E-4B46-99A7-41D7FE9B926D_4_5005_c-352x230.jpeg )\"\n\t\t\t\t\taria-labelledby=\"sow-carousel-id-2510\"\n\t\t\t\t\ttabindex=\"-1\"\n\t\t\t\t>\n\t\t\t\t\t<span class=\"overlay\"><\/span>\n\t\t\t\t<\/a>\n\t\t\t\t\t<\/div>\n\t\t<h3 class=\"sow-carousel-item-title\">\n\t\t\t<a\n\t\t\t\thref=\"https:\/\/www.relanderinponitalli.fi\/?p=2510\"\n\t\t\t\tid=\"sow-carousel-id-2510\"\n\t\t\t\t\t\t\t\ttabindex=\"-1\"\n\t\t\t>\n\n\t\t\t\tTuntien peruuttaminen\t\t\t<\/a>\n\t\t<\/h3>\n\t<\/div>\n\t\t<div class=\"sow-carousel-item\" tabindex=\"-1\" style=\"float: left;\">\n\t\t<div class=\"sow-carousel-thumbnail\">\n\t\t\t\t\t\t\t<a\n\t\t\t\t\thref=\"https:\/\/www.relanderinponitalli.fi\/?p=2454\"\n\t\t\t\t\t\t\t\t\t\tstyle=\"background-image: url( https:\/\/www.relanderinponitalli.fi\/wp-content\/uploads\/FullSizeRender-352x230.jpeg )\"\n\t\t\t\t\taria-labelledby=\"sow-carousel-id-2454\"\n\t\t\t\t\ttabindex=\"-1\"\n\t\t\t\t>\n\t\t\t\t\t<span class=\"overlay\"><\/span>\n\t\t\t\t<\/a>\n\t\t\t\t\t<\/div>\n\t\t<h3 class=\"sow-carousel-item-title\">\n\t\t\t<a\n\t\t\t\thref=\"https:\/\/www.relanderinponitalli.fi\/?p=2454\"\n\t\t\t\tid=\"sow-carousel-id-2454\"\n\t\t\t\t\t\t\t\ttabindex=\"-1\"\n\t\t\t>\n\n\t\t\t\tHarrasteratsastajan taidot\t\t\t<\/a>\n\t\t<\/h3>\n\t<\/div>\n\t\t<div class=\"sow-carousel-item\" tabindex=\"-1\" style=\"float: left;\">\n\t\t<div class=\"sow-carousel-thumbnail\">\n\t\t\t\t\t\t\t<a\n\t\t\t\t\thref=\"https:\/\/www.relanderinponitalli.fi\/?p=2277\"\n\t\t\t\t\t\t\t\t\t\tstyle=\"background-image: url( https:\/\/www.relanderinponitalli.fi\/wp-content\/uploads\/D8430EE8-3A52-450E-94D9-43C51AE7A936-352x230.jpeg )\"\n\t\t\t\t\taria-labelledby=\"sow-carousel-id-2277\"\n\t\t\t\t\ttabindex=\"-1\"\n\t\t\t\t>\n\t\t\t\t\t<span class=\"overlay\"><\/span>\n\t\t\t\t<\/a>\n\t\t\t\t\t<\/div>\n\t\t<h3 class=\"sow-carousel-item-title\">\n\t\t\t<a\n\t\t\t\thref=\"https:\/\/www.relanderinponitalli.fi\/?p=2277\"\n\t\t\t\tid=\"sow-carousel-id-2277\"\n\t\t\t\t\t\t\t\ttabindex=\"-1\"\n\t\t\t>\n\n\t\t\t\tVuoden liikuttaja: Kirsi Relander \/ Relanderin ponitalli\t\t\t<\/a>\n\t\t<\/h3>\n\t<\/div>\n\t\t<div class=\"sow-carousel-item\" tabindex=\"-1\" style=\"float: left;\">\n\t\t<div class=\"sow-carousel-thumbnail\">\n\t\t\t\t\t\t\t<a\n\t\t\t\t\thref=\"https:\/\/www.relanderinponitalli.fi\/?p=1290\"\n\t\t\t\t\t\t\t\t\t\tstyle=\"background-image: url( https:\/\/www.relanderinponitalli.fi\/wp-content\/uploads\/rosellamaasto-350x230.jpg )\"\n\t\t\t\t\taria-labelledby=\"sow-carousel-id-1290\"\n\t\t\t\t\ttabindex=\"-1\"\n\t\t\t\t>\n\t\t\t\t\t<span class=\"overlay\"><\/span>\n\t\t\t\t<\/a>\n\t\t\t\t\t<\/div>\n\t\t<h3 class=\"sow-carousel-item-title\">\n\t\t\t<a\n\t\t\t\thref=\"https:\/\/www.relanderinponitalli.fi\/?p=1290\"\n\t\t\t\tid=\"sow-carousel-id-1290\"\n\t\t\t\t\t\t\t\ttabindex=\"-1\"\n\t\t\t>\n\n\t\t\t\tKentt\u00e4ratsastuskurssi 27.-28.7.\t\t\t<\/a>\n\t\t<\/h3>\n\t<\/div>\n\t\t<div class=\"sow-carousel-item\" tabindex=\"-1\" style=\"float: left;\">\n\t\t<div class=\"sow-carousel-thumbnail\">\n\t\t\t\t\t\t\t<a\n\t\t\t\t\thref=\"https:\/\/www.relanderinponitalli.fi\/?p=1287\"\n\t\t\t\t\t\t\t\t\t\tstyle=\"background-image: url( https:\/\/www.relanderinponitalli.fi\/wp-content\/uploads\/Dafi-350x230.jpg )\"\n\t\t\t\t\taria-labelledby=\"sow-carousel-id-1287\"\n\t\t\t\t\ttabindex=\"-1\"\n\t\t\t\t>\n\t\t\t\t\t<span class=\"overlay\"><\/span>\n\t\t\t\t<\/a>\n\t\t\t\t\t<\/div>\n\t\t<h3 class=\"sow-carousel-item-title\">\n\t\t\t<a\n\t\t\t\thref=\"https:\/\/www.relanderinponitalli.fi\/?p=1287\"\n\t\t\t\tid=\"sow-carousel-id-1287\"\n\t\t\t\t\t\t\t\ttabindex=\"-1\"\n\t\t\t>\n\n\t\t\t\tSyksyn uudet alkeisryhm\u00e4t\t\t\t<\/a>\n\t\t<\/h3>\n\t<\/div>\n\t\t\t<\/div>\n\t\t\t<\/div>\n\n\t<\/div>\n\t\t<input type=\"hidden\" name=\"instance_hash\" value=\"95ca6167\"\/>\n\t<\/div>\n<\/div><\/div><\/div><\/div><\/div>","protected":false},"excerpt":{"rendered":"<p>Tervetuloa ratsastamaan! Relanderin Ponitalli on laadukas ratsastuskoulu koko perheelle. Laadun varmistamme p\u00e4tev\u00e4ll\u00e4 henkil\u00f6kunnalla, osaavilla ratsuilla sek\u00e4 tietysti hyvin hoidetuilla tallialueella! Kaikki tallin vakituiseen henkil\u00f6kuntaan kuuluvat ovat kouluttautuneet p\u00e4teviksi Suomen Ratsastajainliiton hyv\u00e4ksymiksi ratsastuksenopettajiksi tai \u2013ohjaajiksi (koulutus kest\u00e4\u00e4 useamman vuoden alan oppilaitoksissa). Kaikilla opettajilla on my\u00f6s voimassa EA2-tason ensiapukoulutus. Koko tallin toiminta pohjaa turvallisuuteen. Tallilla kaikki toimivat <a class=\"read-more\" href=\"https:\/\/www.relanderinponitalli.fi\/\">Lue lis\u00e4\u00e4<\/a><\/p>\n","protected":false},"author":1,"featured_media":0,"parent":0,"menu_order":0,"comment_status":"closed","ping_status":"open","template":"","meta":{"footnotes":""},"class_list":["post-2","page","type-page","status-publish","hentry"],"_links":{"self":[{"href":"https:\/\/www.relanderinponitalli.fi\/index.php?rest_route=\/wp\/v2\/pages\/2","targetHints":{"allow":["GET"]}}],"collection":[{"href":"https:\/\/www.relanderinponitalli.fi\/index.php?rest_route=\/wp\/v2\/pages"}],"about":[{"href":"https:\/\/www.relanderinponitalli.fi\/index.php?rest_route=\/wp\/v2\/types\/page"}],"author":[{"embeddable":true,"href":"https:\/\/www.relanderinponitalli.fi\/index.php?rest_route=\/wp\/v2\/users\/1"}],"replies":[{"embeddable":true,"href":"https:\/\/www.relanderinponitalli.fi\/index.php?rest_route=%2Fwp%2Fv2%2Fcomments&post=2"}],"version-history":[{"count":106,"href":"https:\/\/www.relanderinponitalli.fi\/index.php?rest_route=\/wp\/v2\/pages\/2\/revisions"}],"predecessor-version":[{"id":2276,"href":"https:\/\/www.relanderinponitalli.fi\/index.php?rest_route=\/wp\/v2\/pages\/2\/revisions\/2276"}],"wp:attachment":[{"href":"https:\/\/www.relanderinponitalli.fi\/index.php?rest_route=%2Fwp%2Fv2%2Fmedia&parent=2"}],"curies":[{"name":"wp","href":"https:\/\/api.w.org\/{rel}","templated":true}]}}