{"id":216,"date":"2016-12-11T08:11:52","date_gmt":"2016-12-11T06:11:52","guid":{"rendered":"http:\/\/www.relanderinponitalli.fi\/?page_id=216"},"modified":"2017-12-27T09:58:23","modified_gmt":"2017-12-27T07:58:23","slug":"kurssit","status":"publish","type":"page","link":"https:\/\/www.relanderinponitalli.fi\/?page_id=216","title":{"rendered":"Kurssit"},"content":{"rendered":"<div id=\"pl-216\"  class=\"panel-layout\" ><div id=\"pg-216-0\"  class=\"panel-grid panel-no-style\" ><div id=\"pgc-216-0-0\"  class=\"panel-grid-cell\" ><div id=\"panel-216-0-0-0\" class=\"so-panel widget widget_siteorigin-panels-postloop panel-first-child panel-last-child\" data-index=\"0\" ><article id=\"post-2859\" class=\" blog-post-side-layout post-2859 post type-post status-publish format-standard has-post-thumbnail hentry category-kurssit category-tapahtumat\">\n    \n        <div class=\"post-loop-images\">\n        \n        <div class=\"post-loop-images-carousel-wrapper post-loop-images-carousel-wrapper-remove\">\n            <div class=\"post-loop-images-carousel post-loop-images-carousel-remove\">\t\n\t\t\t\t<div>\n\t\t\t\t\t<img decoding=\"async\" src=\"https:\/\/www.relanderinponitalli.fi\/wp-content\/uploads\/Kadru-uimassa-352x230.jpg\" alt=\"Kadru uimassa\" \/>\n\t\t\t\t<\/div>\n            <\/div>\n            \n        <\/div>\n        \n    <\/div>\t\t\t\t\n    \n    <div class=\"post-loop-content\">\n    \n    \t<header class=\"entry-header\">\n    \t\t<h2 class=\"entry-title\"><a href=\"https:\/\/www.relanderinponitalli.fi\/?p=2859\" rel=\"bookmark\">Kesaleirit 2026!<\/a><\/h2>\n    \t\t    \t\t<div class=\"entry-meta\">\n    \t\t\t<span class=\"posted-on\">Posted on <a href=\"https:\/\/www.relanderinponitalli.fi\/?p=2859\" rel=\"bookmark\"><time class=\"entry-date published\" datetime=\"2025-11-23T16:37:02+02:00\">23.11.2025<\/time><time class=\"updated\" datetime=\"2025-12-29T18:10:48+02:00\">29.12.2025<\/time><\/a><\/span><span class=\"byline\"> by <span class=\"author vcard\"><a class=\"url fn n\" href=\"https:\/\/www.relanderinponitalli.fi\/?author=1\">admin<\/a><\/span><\/span>    \t\t<\/div><!-- .entry-meta -->\n    \t\t    \t<\/header><!-- .entry-header -->\n\n    \t<div class=\"entry-content\">\n    \t\t<p>Kes\u00e4n 2026 leirit ja kurssit\u00a0 on julkaistu! K\u00e4y etsim\u00e4ss\u00e4 joukosta omasi ja ilmoittaudu kiireen vilkkaa leirisivulla annettujen ohjeiden mukaisesta!<\/p>\n\n    \t\t    \t<\/div><!-- .entry-content -->\n\n    \t<footer class=\"entry-footer\">\n    \t\t<span class=\"cat-links\">Posted in <a href=\"https:\/\/www.relanderinponitalli.fi\/?cat=33\" rel=\"category\">Kurssit<\/a>, <a href=\"https:\/\/www.relanderinponitalli.fi\/?cat=34\" rel=\"category\">Tapahtumat<\/a> <\/span>    \t<\/footer><!-- .entry-footer -->\n    \n    <\/div>\n    \n    <div class=\"clearboth\"><\/div>\n<\/article><!-- #post-## --><article id=\"post-1290\" class=\" blog-post-side-layout post-1290 post type-post status-publish format-standard has-post-thumbnail hentry category-kurssit\">\n    \n        <div class=\"post-loop-images\">\n        \n        <div class=\"post-loop-images-carousel-wrapper post-loop-images-carousel-wrapper-remove\">\n            <div class=\"post-loop-images-carousel post-loop-images-carousel-remove\">\t\n\t\t\t\t<div>\n\t\t\t\t\t<img decoding=\"async\" src=\"https:\/\/www.relanderinponitalli.fi\/wp-content\/uploads\/rosellamaasto-350x230.jpg\" alt=\"rosellamaasto\" \/>\n\t\t\t\t<\/div>\n            <\/div>\n            \n        <\/div>\n        \n    <\/div>\t\t\t\t\n    \n    <div class=\"post-loop-content\">\n    \n    \t<header class=\"entry-header\">\n    \t\t<h2 class=\"entry-title\"><a href=\"https:\/\/www.relanderinponitalli.fi\/?p=1290\" rel=\"bookmark\">Kentt\u00e4ratsastuskurssi 27.-28.7.<\/a><\/h2>\n    \t\t    \t\t<div class=\"entry-meta\">\n    \t\t\t<span class=\"posted-on\">Posted on <a href=\"https:\/\/www.relanderinponitalli.fi\/?p=1290\" rel=\"bookmark\"><time class=\"entry-date published updated\" datetime=\"2018-06-13T20:33:34+03:00\">13.6.2018<\/time><\/a><\/span><span class=\"byline\"> by <span class=\"author vcard\"><a class=\"url fn n\" href=\"https:\/\/www.relanderinponitalli.fi\/?author=1\">admin<\/a><\/span><\/span>    \t\t<\/div><!-- .entry-meta -->\n    \t\t    \t<\/header><!-- .entry-header -->\n\n    \t<div class=\"entry-content\">\n    \t\t<p>Kes\u00e4n uutena kurssina Kentt\u00e4ratsastuskurssi\u00a0pe-la 27.-28.7. Virve Haajasen vet\u00e4m\u00e4n\u00e4. Kurssilla tutustutaan kentt\u00e4ratsastukseen &#8211; ratsastuksen kuninkuuslajiin. Sopii nuorille ja aikuisille. Tehd\u00e4\u00e4n kuitenkin helpolla tasolla. Iloista ja hauskaa tekemist\u00e4 ponien ja hevosten kanssa. T\u00e4m\u00e4 on hyv\u00e4 vuodenaika kokeilla reippaampaa tekemist\u00e4, kun ratsut ovat rauhallisimmillaan laidunkauden aikaan. Kurssi sis\u00e4lt\u00e4\u00e4 noin 5 tuntia ratsastusta(4 ratsastuskertaa): esteit\u00e4 kent\u00e4ll\u00e4 ja tallin l\u00e4hist\u00f6ll\u00e4, <a class=\"read-more\" href=\"https:\/\/www.relanderinponitalli.fi\/?p=1290\">Lue lis\u00e4\u00e4<\/a><\/p>\n\n    \t\t    \t<\/div><!-- .entry-content -->\n\n    \t<footer class=\"entry-footer\">\n    \t\t<span class=\"cat-links\">Posted in <a href=\"https:\/\/www.relanderinponitalli.fi\/?cat=33\" rel=\"category\">Kurssit<\/a> <\/span>    \t<\/footer><!-- .entry-footer -->\n    \n    <\/div>\n    \n    <div class=\"clearboth\"><\/div>\n<\/article><!-- #post-## --><article id=\"post-1287\" class=\" blog-post-side-layout post-1287 post type-post status-publish format-standard has-post-thumbnail hentry category-kurssit\">\n    \n        <div class=\"post-loop-images\">\n        \n        <div class=\"post-loop-images-carousel-wrapper post-loop-images-carousel-wrapper-remove\">\n            <div class=\"post-loop-images-carousel post-loop-images-carousel-remove\">\t\n\t\t\t\t<div>\n\t\t\t\t\t<img decoding=\"async\" src=\"https:\/\/www.relanderinponitalli.fi\/wp-content\/uploads\/Dafi-350x230.jpg\" alt=\"Dafi\" \/>\n\t\t\t\t<\/div>\n            <\/div>\n            \n        <\/div>\n        \n    <\/div>\t\t\t\t\n    \n    <div class=\"post-loop-content\">\n    \n    \t<header class=\"entry-header\">\n    \t\t<h2 class=\"entry-title\"><a href=\"https:\/\/www.relanderinponitalli.fi\/?p=1287\" rel=\"bookmark\">Syksyn uudet alkeisryhm\u00e4t<\/a><\/h2>\n    \t\t    \t\t<div class=\"entry-meta\">\n    \t\t\t<span class=\"posted-on\">Posted on <a href=\"https:\/\/www.relanderinponitalli.fi\/?p=1287\" rel=\"bookmark\"><time class=\"entry-date published updated\" datetime=\"2018-06-13T20:20:52+03:00\">13.6.2018<\/time><\/a><\/span><span class=\"byline\"> by <span class=\"author vcard\"><a class=\"url fn n\" href=\"https:\/\/www.relanderinponitalli.fi\/?author=1\">admin<\/a><\/span><\/span>    \t\t<\/div><!-- .entry-meta -->\n    \t\t    \t<\/header><!-- .entry-header -->\n\n    \t<div class=\"entry-content\">\n    \t\t<p>Alkeisryhm\u00e4t on tarkoitettu v\u00e4hint\u00e4\u00e4 8-vuotialle, jotka ovat k\u00e4yneet jo paljon ohjatussa talutusratsastuksessa tai jos ik\u00e4\u00e4 on v\u00e4hint\u00e4\u00e4n 10-vuotta voi mukaan tulla v\u00e4h\u00e4isemm\u00e4ll\u00e4 talutusratsastukokemuksella. J\u00e4rjestet\u00e4\u00e4n kaksi ryhm\u00e4\u00e4: keskiviikkoisin klo 15.45-17 (17.15), aloitus 8.8. ja lauantaisin klo 14.15-15.30 (15.45) aloitus 11.8. Kurssin pituus on 12 kertaa ja hinta 335 euroa, varausmaksu 100 euroa maksetaan kahden viikon sis\u00e4ll\u00e4 <a class=\"read-more\" href=\"https:\/\/www.relanderinponitalli.fi\/?p=1287\">Lue lis\u00e4\u00e4<\/a><\/p>\n\n    \t\t    \t<\/div><!-- .entry-content -->\n\n    \t<footer class=\"entry-footer\">\n    \t\t<span class=\"cat-links\">Posted in <a href=\"https:\/\/www.relanderinponitalli.fi\/?cat=33\" rel=\"category\">Kurssit<\/a> <\/span>    \t<\/footer><!-- .entry-footer -->\n    \n    <\/div>\n    \n    <div class=\"clearboth\"><\/div>\n<\/article><!-- #post-## --><article id=\"post-1087\" class=\" blog-post-side-layout post-1087 post type-post status-publish format-standard has-post-thumbnail hentry category-kurssit\">\n    \n        <div class=\"post-loop-images\">\n        \n        <div class=\"post-loop-images-carousel-wrapper post-loop-images-carousel-wrapper-remove\">\n            <div class=\"post-loop-images-carousel post-loop-images-carousel-remove\">\t\n\t\t\t\t<div>\n\t\t\t\t\t<img decoding=\"async\" src=\"https:\/\/www.relanderinponitalli.fi\/wp-content\/uploads\/WE-Jonna-352x230.png\" alt=\"WE-Jonna\" \/>\n\t\t\t\t<\/div>\n            <\/div>\n            \n        <\/div>\n        \n    <\/div>\t\t\t\t\n    \n    <div class=\"post-loop-content\">\n    \n    \t<header class=\"entry-header\">\n    \t\t<h2 class=\"entry-title\"><a href=\"https:\/\/www.relanderinponitalli.fi\/?p=1087\" rel=\"bookmark\">Working Equitation- ja ohjasajoviikonloppu 7.-8.7. aikuisille ja\u00a0 nuorille<\/a><\/h2>\n    \t\t    \t\t<div class=\"entry-meta\">\n    \t\t\t<span class=\"posted-on\">Posted on <a href=\"https:\/\/www.relanderinponitalli.fi\/?p=1087\" rel=\"bookmark\"><time class=\"entry-date published\" datetime=\"2018-04-04T18:30:09+03:00\">4.4.2018<\/time><time class=\"updated\" datetime=\"2018-04-04T19:14:59+03:00\">4.4.2018<\/time><\/a><\/span><span class=\"byline\"> by <span class=\"author vcard\"><a class=\"url fn n\" href=\"https:\/\/www.relanderinponitalli.fi\/?author=1\">admin<\/a><\/span><\/span>    \t\t<\/div><!-- .entry-meta -->\n    \t\t    \t<\/header><!-- .entry-header -->\n\n    \t<div class=\"entry-content\">\n    \t\t<p>Mukavaa ja erilaista touhua heppojen ja ponien kanssa! Mit\u00e4 working equitation (WE) on? Ratsastuksen laji, jonka teht\u00e4v\u00e4t on kehitetty ty\u00f6ratsastuksen todellisutta vastaaviksi. Teht\u00e4v\u00e4rata sis\u00e4lt\u00e4\u00e4 erilaisia portteja, tuikkoja kulmia, puomeja, perutuksia, sillan ylitys jne. Samanlaisia haasteita voit kohdata maa- ja karjatilojen t\u00f6iss\u00e4. WE soveltuu kaikentasoisille ratsukoille. Monipuolista vaihtelua ja haastetta ratsastukseen! Tarkoitus tehd\u00e4 kaksi ryhm\u00e4\u00e4. Toinen <a class=\"read-more\" href=\"https:\/\/www.relanderinponitalli.fi\/?p=1087\">Lue lis\u00e4\u00e4<\/a><\/p>\n\n    \t\t    \t<\/div><!-- .entry-content -->\n\n    \t<footer class=\"entry-footer\">\n    \t\t<span class=\"cat-links\">Posted in <a href=\"https:\/\/www.relanderinponitalli.fi\/?cat=33\" rel=\"category\">Kurssit<\/a> <\/span>    \t<\/footer><!-- .entry-footer -->\n    \n    <\/div>\n    \n    <div class=\"clearboth\"><\/div>\n<\/article><!-- #post-## --><article id=\"post-881\" class=\" blog-post-side-layout post-881 post type-post status-publish format-standard has-post-thumbnail hentry category-kurssit category-yleinen\">\n    \n        <div class=\"post-loop-images\">\n        \n        <div class=\"post-loop-images-carousel-wrapper post-loop-images-carousel-wrapper-remove\">\n            <div class=\"post-loop-images-carousel post-loop-images-carousel-remove\">\t\n\t\t\t\t<div>\n\t\t\t\t\t<img decoding=\"async\" src=\"https:\/\/www.relanderinponitalli.fi\/wp-content\/uploads\/Dafi-350x230.jpg\" alt=\"Dafi\" \/>\n\t\t\t\t<\/div>\n            <\/div>\n            \n        <\/div>\n        \n    <\/div>\t\t\t\t\n    \n    <div class=\"post-loop-content\">\n    \n    \t<header class=\"entry-header\">\n    \t\t<h2 class=\"entry-title\"><a href=\"https:\/\/www.relanderinponitalli.fi\/?p=881\" rel=\"bookmark\">Seuraavat lasten ja nuorten alkeiskurssit<\/a><\/h2>\n    \t\t    \t\t<div class=\"entry-meta\">\n    \t\t\t<span class=\"posted-on\">Posted on <a href=\"https:\/\/www.relanderinponitalli.fi\/?p=881\" rel=\"bookmark\"><time class=\"entry-date published\" datetime=\"2018-01-04T17:41:23+02:00\">4.1.2018<\/time><time class=\"updated\" datetime=\"2018-01-23T19:37:45+02:00\">23.1.2018<\/time><\/a><\/span><span class=\"byline\"> by <span class=\"author vcard\"><a class=\"url fn n\" href=\"https:\/\/www.relanderinponitalli.fi\/?author=2\">Kirsi<\/a><\/span><\/span>    \t\t<\/div><!-- .entry-meta -->\n    \t\t    \t<\/header><!-- .entry-header -->\n\n    \t<div class=\"entry-content\">\n    \t\t<p>Seuraavat alkeiskurssit alkavat maaliskuussa: lauantaina 10.3. klo 14.30 alkaa ryhm\u00e4; hintaan 330 euroa 12 tuntia! Mahtuu mukaan! Toista ryhm\u00e4\u00e4 kaavaillaan alkamaan arki-iltap\u00e4iv\u00e4\u00e4n. T\u00e4m\u00e4 ryhm\u00e4 tulee olemaan pienryhm\u00e4 3-4 ratsastajaa, hintana vain 230 euroa!!! Ryhm\u00e4n vet\u00e4\u00e4 kokenut ratsastaja, hevostenhoitaja Jonna H\u00e4m\u00e4l\u00e4inen, joka suorittaa parhaillaan ratsastuksenohjaajatutkintoa. Jonnan ty\u00f6skentely\u00e4 valvovat ratsastuksenopettajat Kirsi Relander ja Jonna Siren.\u00a0 T\u00e4m\u00e4 ryhm\u00e4 <a class=\"read-more\" href=\"https:\/\/www.relanderinponitalli.fi\/?p=881\">Lue lis\u00e4\u00e4<\/a><\/p>\n\n    \t\t    \t<\/div><!-- .entry-content -->\n\n    \t<footer class=\"entry-footer\">\n    \t\t<span class=\"cat-links\">Posted in <a href=\"https:\/\/www.relanderinponitalli.fi\/?cat=33\" rel=\"category\">Kurssit<\/a>, <a href=\"https:\/\/www.relanderinponitalli.fi\/?cat=1\" rel=\"category\">Yleinen<\/a> <\/span>    \t<\/footer><!-- .entry-footer -->\n    \n    <\/div>\n    \n    <div class=\"clearboth\"><\/div>\n<\/article><!-- #post-## --><article id=\"post-773\" class=\" blog-post-side-layout post-773 post type-post status-publish format-standard has-post-thumbnail hentry category-kurssit category-yleinen\">\n    \n        <div class=\"post-loop-images\">\n        \n        <div class=\"post-loop-images-carousel-wrapper post-loop-images-carousel-wrapper-remove\">\n            <div class=\"post-loop-images-carousel post-loop-images-carousel-remove\">\t\n\t\t\t\t<div>\n\t\t\t\t\t<img decoding=\"async\" src=\"https:\/\/www.relanderinponitalli.fi\/wp-content\/uploads\/qvist-352x230.jpg\" alt=\"qvist\" \/>\n\t\t\t\t<\/div>\n            <\/div>\n            \n        <\/div>\n        \n    <\/div>\t\t\t\t\n    \n    <div class=\"post-loop-content\">\n    \n    \t<header class=\"entry-header\">\n    \t\t<h2 class=\"entry-title\"><a href=\"https:\/\/www.relanderinponitalli.fi\/?p=773\" rel=\"bookmark\">Joulukurssit<\/a><\/h2>\n    \t\t    \t\t<div class=\"entry-meta\">\n    \t\t\t<span class=\"posted-on\">Posted on <a href=\"https:\/\/www.relanderinponitalli.fi\/?p=773\" rel=\"bookmark\"><time class=\"entry-date published\" datetime=\"2017-11-19T09:46:09+02:00\">19.11.2017<\/time><time class=\"updated\" datetime=\"2017-12-27T09:57:34+02:00\">27.12.2017<\/time><\/a><\/span><span class=\"byline\"> by <span class=\"author vcard\"><a class=\"url fn n\" href=\"https:\/\/www.relanderinponitalli.fi\/?author=1\">admin<\/a><\/span><\/span>    \t\t<\/div><!-- .entry-meta -->\n    \t\t    \t<\/header><!-- .entry-header -->\n\n    \t<div class=\"entry-content\">\n    \t\t<p>Kurssit pidet\u00e4\u00e4n keskiviikko 27.12. ja torstai 28.12. Opettajana Virve Haajanen Ponitytt\u00f6jen kurssi klo 15-16 \u00a0&#8211; HINTA VAIN 50 \u20ac. T\u00c4H\u00c4N MAHTUU MUKAAN \u00bd vuotta-4 vuotta ratsastaneita ponikokoisia! Kankikurssi klo 16-17.15 (aika sis. kankien s\u00e4\u00e4d\u00f6t)t\u00e4ynn\u00e4 Istunta- ja perusratsastus klo 17.15-18.15 t\u00e4ynn\u00e4 Estekurssi aikuisille klo 18.15-19.30 (aika sis. esteiden\u00a0rakentamisen t\u00e4ynn\u00e4 Estekurssi enemm\u00e4n hyp\u00e4nneet 19.30-20.30 t\u00e4ynn\u00e4 Kaksi iltaa <a class=\"read-more\" href=\"https:\/\/www.relanderinponitalli.fi\/?p=773\">Lue lis\u00e4\u00e4<\/a><\/p>\n\n    \t\t    \t<\/div><!-- .entry-content -->\n\n    \t<footer class=\"entry-footer\">\n    \t\t<span class=\"cat-links\">Posted in <a href=\"https:\/\/www.relanderinponitalli.fi\/?cat=33\" rel=\"category\">Kurssit<\/a>, <a href=\"https:\/\/www.relanderinponitalli.fi\/?cat=1\" rel=\"category\">Yleinen<\/a> <\/span>    \t<\/footer><!-- .entry-footer -->\n    \n    <\/div>\n    \n    <div class=\"clearboth\"><\/div>\n<\/article><!-- #post-## --><\/div><\/div><\/div><\/div>","protected":false},"excerpt":{"rendered":"","protected":false},"author":1,"featured_media":0,"parent":188,"menu_order":4,"comment_status":"closed","ping_status":"closed","template":"","meta":{"footnotes":""},"class_list":["post-216","page","type-page","status-publish","hentry"],"_links":{"self":[{"href":"https:\/\/www.relanderinponitalli.fi\/index.php?rest_route=\/wp\/v2\/pages\/216","targetHints":{"allow":["GET"]}}],"collection":[{"href":"https:\/\/www.relanderinponitalli.fi\/index.php?rest_route=\/wp\/v2\/pages"}],"about":[{"href":"https:\/\/www.relanderinponitalli.fi\/index.php?rest_route=\/wp\/v2\/types\/page"}],"author":[{"embeddable":true,"href":"https:\/\/www.relanderinponitalli.fi\/index.php?rest_route=\/wp\/v2\/users\/1"}],"replies":[{"embeddable":true,"href":"https:\/\/www.relanderinponitalli.fi\/index.php?rest_route=%2Fwp%2Fv2%2Fcomments&post=216"}],"version-history":[{"count":2,"href":"https:\/\/www.relanderinponitalli.fi\/index.php?rest_route=\/wp\/v2\/pages\/216\/revisions"}],"predecessor-version":[{"id":862,"href":"https:\/\/www.relanderinponitalli.fi\/index.php?rest_route=\/wp\/v2\/pages\/216\/revisions\/862"}],"up":[{"embeddable":true,"href":"https:\/\/www.relanderinponitalli.fi\/index.php?rest_route=\/wp\/v2\/pages\/188"}],"wp:attachment":[{"href":"https:\/\/www.relanderinponitalli.fi\/index.php?rest_route=%2Fwp%2Fv2%2Fmedia&parent=216"}],"curies":[{"name":"wp","href":"https:\/\/api.w.org\/{rel}","templated":true}]}}