{"id":2218,"date":"2022-11-15T21:25:57","date_gmt":"2022-11-15T19:25:57","guid":{"rendered":"https:\/\/www.relanderinponitalli.fi\/?page_id=2218"},"modified":"2025-11-10T19:42:47","modified_gmt":"2025-11-10T17:42:47","slug":"hinnat-kevatkausi","status":"publish","type":"page","link":"https:\/\/www.relanderinponitalli.fi\/?page_id=2218","title":{"rendered":"Hinnat &#8211; kev\u00e4tkausi"},"content":{"rendered":"<h3><b>Kev\u00e4tkausi (29.12.2025-6.6.2026<\/b><b><span class=\"s3\">)<\/span><span class=\"s3\"> \u00a023 <\/span><span class=\"s3\">viikkoa<\/span><\/b><\/h3>\n<p><span style=\"font-size: revert;\">Tunnit p\u00e4\u00e4s\u00e4\u00e4nt\u00f6isesti varataan ja maksetaan s\u00e4hk\u00f6isen varauskalenteri Ratsukon kautta. Jos sinulla ei ole Ratsukko-tunnuksia, niin varauksen voi tehd\u00e4 Kirsille puhelimella tai s\u00e4hk\u00f6postilla ja maksaa k\u00e4teisell\u00e4 rahalla, maksukortit eiv\u00e4t meille k\u00e4y. Samoin k\u00e4ytt\u00e4ess\u00e4 e-passia, smartumia, edenredi\u00e4 maksaessa, tulee varaus tehd\u00e4 suoraan Kirsille<br \/>\n<\/span><\/p>\n<table style=\"height: 105px; width: 70.515%; border-collapse: collapse; border-color: #000000; border-style: solid;\" border=\"1\" cellspacing=\"10\" cellpadding=\"10\">\n<tbody>\n<tr style=\"height: 23px;\">\n<td style=\"width: 44.25717852684146%; height: 10px;\"><b>IRTOTUNTI &#8211; <\/b>maksu k\u00e4teisell\u00e4<\/td>\n<td style=\"width: 27.777777777777768%; height: 10px;\">41 \u20ac \/ 7 hl\u00f6n ryhm\u00e4<br \/>\n44 \u20ac \/ 6 hl\u00f6n ryhm\u00e4<\/td>\n<\/tr>\n<tr style=\"height: 20px;\">\n<td style=\"width: 44.25717852684146%; height: 20px;\"><strong>KAUSIKORTTI<\/strong>\u00a0&#8211; 7 hl\u00f6n ryhm\u00e4t<\/td>\n<td style=\"width: 27.777777777777768%; height: 20px;\">800 \u20ac (a 34,78 \u20ac)<\/td>\n<\/tr>\n<tr style=\"height: 19px;\">\n<td style=\"width: 44.25717852684146%; height: 19px;\"><strong>KAUSIKORTTI<\/strong> &#8211; 6 hl\u00f6n ryhm\u00e4t<\/td>\n<td style=\"width: 27.777777777777768%; height: 19px;\">909 \u20ac (a 39,52 \u20ac)<\/td>\n<\/tr>\n<tr style=\"height: 23px;\">\n<td style=\"width: 44.2572%; height: 23px;\"><strong>KAUSIKORTTI<\/strong> &#8211; Jussin ryhm\u00e4t ma 18-21<\/td>\n<td style=\"width: 27.7778%; height: 23px;\">978 \u20ac (a 42,52 \u20ac)<\/td>\n<\/tr>\n<tr>\n<td style=\"width: 44.2572%;\"><strong>10-TUNNIN KORTTI <\/strong>&#8211; 7 hl\u00f6n ryhm\u00e4t<\/td>\n<td style=\"width: 27.7778%;\">390 \u20ac (a 39,00 \u20ac)<\/td>\n<\/tr>\n<tr style=\"height: 10px;\">\n<td style=\"width: 44.25717852684146%; height: 10px;\"><strong>10-TUNNIN KORTTI<\/strong> &#8211; 6 hl\u00f6n ryhm\u00e4t<br \/>\n(10-kortit voimassa 11 viikkoa)<\/td>\n<td style=\"width: 27.777777777777768%; height: 10px;\">415 \u20ac (a 41,50 \u20ac)<br \/>\n.<\/td>\n<\/tr>\n<tr style=\"height: 23px;\">\n<td style=\"width: 44.2572%; height: 23px;\"><strong>ALKEISKURSSI<\/strong> 12 TUNTIA<\/td>\n<td style=\"width: 27.7778%; height: 23px;\">440 \u20ac (a 36,70 \u20ac)<\/td>\n<\/tr>\n<\/tbody>\n<\/table>\n<p><strong>LASTEN RATSASTUSTUNNIT<\/strong><\/p>\n<table style=\"height: 80px; width: 85.5945%; border-collapse: collapse; border-style: solid;\" border=\"1\" cellspacing=\"10\" cellpadding=\"10\">\n<tbody>\n<tr style=\"height: 20px;\">\n<td style=\"width: 44.382%; height: 20px;\">LASTEN RATSASTUSTUNNIT ( \u00bd h)<\/td>\n<td style=\"width: 41.2132%; height: 20px;\">28 \u20ac \/ oman taluttajan kanssa 26 \u20ac<\/td>\n<\/tr>\n<tr style=\"height: 20px;\">\n<td style=\"width: 44.382%; height: 20px;\">&#8212; 10-KERRAN KORTTI (voimassa 3kk)<\/td>\n<td style=\"width: 41.2132%; height: 20px;\">260 \u20ac \/ oman taluttajan kanssa 240 \u20ac<\/td>\n<\/tr>\n<tr style=\"height: 20px;\">\n<td style=\"width: 44.382%; height: 20px;\">RATSASTUS- JA HOITOTUNTI (45 min)<\/td>\n<td style=\"width: 41.2132%; height: 20px;\">34 \u20ac \/ oman taluttajan kanssa 30 \u20ac<\/td>\n<\/tr>\n<tr style=\"height: 20px;\">\n<td style=\"width: 44.382%; height: 20px;\">&#8212; 10 KERRAN KORTTI (voimassa 3kk)<\/td>\n<td style=\"width: 41.2132%; height: 20px;\">310 \u20ac \/ oman avustajan kanssa 270 \u20ac<\/td>\n<\/tr>\n<\/tbody>\n<\/table>\n<p><strong>TUNNIT YKSIN TAI PIENESS\u00c4 RYHM\u00c4SS\u00c4!<\/strong><\/p>\n<p><span style=\"font-weight: 400;\">Haluatko tehoa opetukseen tai omalle porukalle oman tunnin esim. maastoon, esteit\u00e4, istuntaa, kankisuitsia, polttariratsastusta jne. Kysy lis\u00e4\u00e4! <\/span>Ensimm\u00e4inen hinta Kaisan pit\u00e4mist\u00e4 tunneista, j\u00e4lkimm\u00e4inen Virven. Jussin tunnit onnistuu t\u00e4ll\u00e4 hetkell\u00e4 vain satunnaisesti.<\/p>\n<p class=\"p3\"><span class=\"s2\">Yksityistunti (50 min, este 45min) 75 \u20ac, Jussin ja Virven pit\u00e4m\u00e4t 85 \u20ac<br \/>\n<\/span><span class=\"s2\">Yksityistunti (30 min) 50 \u20ac, Jussin ja Virven pit\u00e4m\u00e4t 60 \u20ac<br \/>\n<\/span><span class=\"s2\">Istuntatunti liinassa (40 min) 60 \u20ac, Jussin ja Virven pit\u00e4m\u00e4t 70 \u20ac<br \/>\n<\/span><span class=\"s2\">Tunti 2-3 hl\u00f6 (60 min) 60 \u20ac\/hl\u00f6, Jussin ja Virven pit\u00e4m\u00e4t 70 \u20ac<br \/>\n<\/span><span class=\"s2\">Tunti 4 hl\u00f6 55 \u20ac\/hl\u00f6, Jussin ja Virven pit\u00e4m\u00e4t 60 \u20ac<\/span><\/p>\n<p>Tunnit 1-3 hl\u00f6n ryhm\u00e4ss\u00e4 sis\u00e4lt\u00e4\u00e4 alv:n 25,5 %, muut ryhm\u00e4tunnit 14 %<\/p>\n<p><strong>HEVOSEN JA PONIN VUOKRA VALMENNUKSIIN<\/strong><\/p>\n<table style=\"border-collapse: collapse; width: 53.5566%;\" border=\"1\">\n<tbody>\n<tr>\n<td style=\"width: 42.8115%;\">OMALLA TALLILLA<\/td>\n<td style=\"width: 10.7465%;\">40 \u20ac<\/td>\n<\/tr>\n<\/tbody>\n<\/table>\n<p><strong>MANEESIN JA KENT\u00c4N VUOKRA ULKOPUOLISILLE K\u00c4YTT\u00c4JILLE<\/strong><\/p>\n<table style=\"border-collapse: collapse; width: 51.193%; height: 45px;\" border=\"1\">\n<tbody>\n<tr style=\"height: 25px;\">\n<td style=\"width: 81.7054%; height: 25px;\">YKSITT\u00c4ISET KERRAT<\/td>\n<td style=\"width: 29.1473%; height: 25px;\">20 \u20ac<\/td>\n<\/tr>\n<tr style=\"height: 20px;\">\n<td style=\"width: 81.7054%; height: 20px;\">10 KERRAN KORTTI (VOIMASSA 5 KK)<\/td>\n<td style=\"width: 29.1473%; height: 20px;\">150 \u20ac<\/td>\n<\/tr>\n<\/tbody>\n<\/table>\n<p><span style=\"font-weight: 400;\"><strong>HUOMIO<\/strong>!<\/span><\/p>\n<ul>\n<li><span style=\"font-weight: 400;\">Ryhm\u00e4\u00e4n voit saada vakituisen paikan vain hankkimalla ensisijaisesti kausikortin. Jos paikkoja j\u00e4\u00e4 p\u00e4\u00e4ilmoittautumisen j\u00e4lkeen, niin 7 hengen ryhmiin voi hankkia my\u00f6s 10-tunnin kortin.<\/span><\/li>\n<li><span style=\"font-weight: 400;\">Ratsastaessasi useamman tunnin viikossa, tarvitset oman kortin jokaiseen ryhm\u00e4\u00e4n!<\/span><\/li>\n<li><strong>Perheet, joissa ratsastetaan v\u00e4hint\u00e4\u00e4n 3 vakituista viikkotuntia, saavat kaikista korteista 5 % alennuksen kaikista korteista.\u00a0<\/strong><\/li>\n<li>On hyv\u00e4 huomioida, ett\u00e4 kausikortin varausmaksun maksaminen on sitoutuminen koko kauteen ja sen maksuihin.10-kerran kortin 1. er\u00e4n maksu on sitoutuminen 10 kertaan ja my\u00f6s toisen maksuer\u00e4n maksuun.<\/li>\n<li>Ratsastuskortti ja -tuntimaksuja ei palauteta. Pitk\u00e4kestoisissa sairaslomissa tuntien siirrosta voidaan sopia.<\/li>\n<li style=\"list-style-type: none;\"><\/li>\n<\/ul>\n","protected":false},"excerpt":{"rendered":"<p>Kev\u00e4tkausi (29.12.2025-6.6.2026) \u00a023 viikkoa Tunnit p\u00e4\u00e4s\u00e4\u00e4nt\u00f6isesti varataan ja maksetaan s\u00e4hk\u00f6isen varauskalenteri Ratsukon kautta. Jos sinulla ei ole Ratsukko-tunnuksia, niin varauksen voi tehd\u00e4 Kirsille puhelimella tai s\u00e4hk\u00f6postilla ja maksaa k\u00e4teisell\u00e4 rahalla, maksukortit eiv\u00e4t meille k\u00e4y. Samoin k\u00e4ytt\u00e4ess\u00e4 e-passia, smartumia, edenredi\u00e4 maksaessa, tulee varaus tehd\u00e4 suoraan Kirsille IRTOTUNTI &#8211; maksu k\u00e4teisell\u00e4 41 \u20ac \/ 7 hl\u00f6n ryhm\u00e4 <a class=\"read-more\" href=\"https:\/\/www.relanderinponitalli.fi\/?page_id=2218\">Lue lis\u00e4\u00e4<\/a><\/p>\n","protected":false},"author":1,"featured_media":0,"parent":188,"menu_order":0,"comment_status":"closed","ping_status":"closed","template":"","meta":{"footnotes":""},"class_list":["post-2218","page","type-page","status-publish","hentry"],"_links":{"self":[{"href":"https:\/\/www.relanderinponitalli.fi\/index.php?rest_route=\/wp\/v2\/pages\/2218","targetHints":{"allow":["GET"]}}],"collection":[{"href":"https:\/\/www.relanderinponitalli.fi\/index.php?rest_route=\/wp\/v2\/pages"}],"about":[{"href":"https:\/\/www.relanderinponitalli.fi\/index.php?rest_route=\/wp\/v2\/types\/page"}],"author":[{"embeddable":true,"href":"https:\/\/www.relanderinponitalli.fi\/index.php?rest_route=\/wp\/v2\/users\/1"}],"replies":[{"embeddable":true,"href":"https:\/\/www.relanderinponitalli.fi\/index.php?rest_route=%2Fwp%2Fv2%2Fcomments&post=2218"}],"version-history":[{"count":29,"href":"https:\/\/www.relanderinponitalli.fi\/index.php?rest_route=\/wp\/v2\/pages\/2218\/revisions"}],"predecessor-version":[{"id":2801,"href":"https:\/\/www.relanderinponitalli.fi\/index.php?rest_route=\/wp\/v2\/pages\/2218\/revisions\/2801"}],"up":[{"embeddable":true,"href":"https:\/\/www.relanderinponitalli.fi\/index.php?rest_route=\/wp\/v2\/pages\/188"}],"wp:attachment":[{"href":"https:\/\/www.relanderinponitalli.fi\/index.php?rest_route=%2Fwp%2Fv2%2Fmedia&parent=2218"}],"curies":[{"name":"wp","href":"https:\/\/api.w.org\/{rel}","templated":true}]}}