{"id":280,"date":"2016-12-15T20:37:24","date_gmt":"2016-12-15T18:37:24","guid":{"rendered":"http:\/\/www.relanderinponitalli.fi\/?page_id=280"},"modified":"2018-05-05T14:39:48","modified_gmt":"2018-05-05T11:39:48","slug":"ohjeita-ratsastajille","status":"publish","type":"page","link":"https:\/\/www.relanderinponitalli.fi\/?page_id=280","title":{"rendered":"Ohjeita ratsastajille"},"content":{"rendered":"<h3>Ratsastustunnille pukeutuminen:<\/h3>\n<figure id=\"attachment_281\" aria-describedby=\"caption-attachment-281\" style=\"width: 200px\" class=\"wp-caption alignright\"><img loading=\"lazy\" decoding=\"async\" class=\"wp-image-281 size-full\" src=\"http:\/\/www.relanderinponitalli.fi\/wp-content\/uploads\/satula-1.jpg\" width=\"200\" height=\"217\" \/><figcaption id=\"caption-attachment-281\" class=\"wp-caption-text\">Ratsastajalla on aina ote ohjaksista hoitaessaan ratsua<\/figcaption><\/figure>\n<ul>\n<li>Ratsastussaappaat tai kumisaappaat, joissa on erillinen korko, ovat turvalisimmat jalkineet. Talvipakkasilla voit ratsastaa my\u00f6s muissa varrellisissa ja korollisissa jalkineissa. Sile\u00e4pohjaiset jalkineet ovat ratsastuksessa turvallisimmat.<\/li>\n<li>Housuiksi k\u00e4yv\u00e4t joustavat housut, joissa ei ole kovia saumoja reiden sis\u00e4pinnalla<\/li>\n<li>Pyri pukeutumaan mahdollisimman istuviin vaatteisiin, jotta opettaja pystyy arvioimaan istuntaasi helpommin<\/li>\n<li>Ratsastushanskoilla s\u00e4\u00e4st\u00e4t k\u00e4si\u00e4si<\/li>\n<li>Kyp\u00e4r\u00e4n k\u00e4ytt\u00f6 on pakollista! Kyp\u00e4r\u00e4ksi k\u00e4yv\u00e4t vain hyv\u00e4ksytyt turvakyp\u00e4r\u00e4t. Ratsastuskyp\u00e4rien kierr\u00e4tt\u00e4mist\u00e4 ei suositella ja kyp\u00e4r\u00e4 pit\u00e4isi uusia sen saatua kovemman kolauksen, jotta se suojaisi p\u00e4\u00e4t\u00e4 riitt\u00e4v\u00e4sti. Voit tarvitttaessa lainata kyp\u00e4r\u00e4n tallilta. Kyp\u00e4ri\u00e4 l\u00f6yd\u00e4t varustehuoneen kaapista.<\/li>\n<li>Pitk\u00e4hiuksisten on turvallisuussyist\u00e4 pidett\u00e4v\u00e4 hiuksensa kiinni<\/li>\n<li>Kovemmilla pakkasilla pukeudu kuitenkin l\u00e4mpim\u00e4sti eli silloin toppavaatteet p\u00e4\u00e4lle ja rukkaset k\u00e4teen! Ks. Ratsastaminen talvella<\/li>\n<\/ul>\n<figure id=\"attachment_285\" aria-describedby=\"caption-attachment-285\" style=\"width: 450px\" class=\"wp-caption alignleft\"><img loading=\"lazy\" decoding=\"async\" class=\"wp-image-285 size-full\" src=\"http:\/\/www.relanderinponitalli.fi\/wp-content\/uploads\/Biccolo_maastoeste.jpg\" width=\"450\" height=\"300\" srcset=\"https:\/\/www.relanderinponitalli.fi\/wp-content\/uploads\/Biccolo_maastoeste.jpg 450w, https:\/\/www.relanderinponitalli.fi\/wp-content\/uploads\/Biccolo_maastoeste-300x200.jpg 300w, https:\/\/www.relanderinponitalli.fi\/wp-content\/uploads\/Biccolo_maastoeste-272x182.jpg 272w\" sizes=\"auto, (max-width: 450px) 100vw, 450px\" \/><figcaption id=\"caption-attachment-285\" class=\"wp-caption-text\">Maastossa hyp\u00e4tt\u00e4ess\u00e4 k\u00e4ytet\u00e4\u00e4n aina turvaliivi\u00e4<\/figcaption><\/figure>\n<p><strong>Turvaliivi<\/strong>: Talli suosittelee turvaliivin k\u00e4ytt\u00f6\u00e4 kaikilla tunneilla, erityisesti este- ja maastotunneilla. Maastossa hyp\u00e4tt\u00e4ess\u00e4 turvaliivin k\u00e4ytt\u00f6 on pakollista! Tallilla on muutamia lasten turvaliivej\u00e4, joita voi lainata tunnille. Turvaliivi suojaa keskivartaloasi jos satut putoamaan.<\/p>\n<p><strong>Turvallisuusohjeita kaikille tallilla k\u00e4vij\u00f6ille:<\/strong><\/p>\n<ul>\n<li>K\u00e4ytt\u00e4ydy aina hevosten l\u00e4hell\u00e4 rauhallisesti. Kent\u00e4n ja maneesin l\u00e4hell\u00e4 ei saa juosta, huutaa, riehua, kolistella tms. Hevoset voivat s\u00e4ikky\u00e4 \u00e4killisi\u00e4 \u00e4\u00e4ni\u00e4, jolloin kokeneempikin ratsastaja saattaa menett\u00e4\u00e4 tasapainonsa.<\/li>\n<li>V\u00e4lt\u00e4 tuomasta kent\u00e4n liepeille mit\u00e4\u00e4n mit\u00e4 hevoset voivat s\u00e4ikky\u00e4. Esim. sateenvarjot, ilmapallot ja v\u00e4rikk\u00e4\u00e4t muovikassit ovat t\u00e4llaisia esineit\u00e4.<\/li>\n<li>V\u00e4lt\u00e4 maneesiin ratsastuspuolelle tulemista kesken tunnin. Jos sinne kuitenkin tulet, tule rauhallisesti kahvion sis\u00e4\u00e4nk\u00e4ynnin kautta. Liukuovea ei saa koskaan avata kesken tunnin.<\/li>\n<li>Tallissa kulkiessasi sulje kaikki ovet per\u00e4ss\u00e4si<\/li>\n<li>Hevosten kaikenlainen ruokkiminen on ehdottomasti kielletty. Tarhoissakaan oleville hevosille ei sy\u00f6tet\u00e4 esim. hein\u00e4nj\u00e4mi\u00e4, mit\u00e4 saattaa l\u00f6yty\u00e4 maasta. My\u00f6s hevosten silitt\u00e4mist\u00e4 aidan raoista tulee v\u00e4ltt\u00e4\u00e4. Vaikka tallimme hevoset ovat kilttej\u00e4, voi niill\u00e4kin olla toisinaan huonoja p\u00e4ivi\u00e4.<\/li>\n<li>\u00c4l\u00e4 koskaan ty\u00f6nn\u00e4 sormia karsinoiden kaltereiden v\u00e4list\u00e4 silitt\u00e4\u00e4ksesi hevosta. Jos haluat silitt\u00e4\u00e4, pyyd\u00e4 joltakulta hoitajalta lupa silitt\u00e4\u00e4 karsinassa olevaa hevosta.<\/li>\n<li>HUOM! TIETO LIS\u00c4\u00c4 TURVALLISUUTTA! Mit\u00e4 enemm\u00e4n opit hevosia ja niiden k\u00e4ytt\u00e4ytymist\u00e4 tuntemaan, sen turvallisemmaksi laji tulee. Leireill\u00e4 ja kursseilla tulee ratsastuksen lis\u00e4ksi paljon harjoitusta hevosten kanssa toimimisesta my\u00f6s tallissa. Lis\u00e4ksi my\u00f6s teoriaa ja erilaisia k\u00e4yt\u00e4nn\u00f6n harjoituksia.<\/li>\n<\/ul>\n<p>N\u00e4m\u00e4 ohjeet on laadittu tallilla k\u00e4vij\u00f6iden, ratsastajien ja hevosten turvallisuuden parantamiseksi!Kerrothan niist\u00e4 my\u00f6s saattajille ja satunnaisille vierailijoille. KIITOS!<\/p>\n<h3>Ratsun hoitaminen ratsastustunnin yhteydess\u00e4<\/h3>\n<figure id=\"attachment_283\" aria-describedby=\"caption-attachment-283\" style=\"width: 200px\" class=\"wp-caption alignright\"><img loading=\"lazy\" decoding=\"async\" class=\"size-full wp-image-283\" src=\"http:\/\/www.relanderinponitalli.fi\/wp-content\/uploads\/suojat-1.jpg\" alt=\"\" width=\"200\" height=\"253\" \/><figcaption id=\"caption-attachment-283\" class=\"wp-caption-text\">Etujalkojen suojat<\/figcaption><\/figure>\n<p><strong>Ennen tuntia:<\/strong><\/p>\n<ul>\n<li>Tallin ilmoitustaululta voi tarkistaa mill\u00e4 ratsulle osallistut tunnille.<\/li>\n<li>Varaudu tulemaan tallille noin 30 min ennen tunnin alkua, jotta ehdit harjata hevosen\/ponin ja laittamaan suojat sek\u00e4 varusteet sille.<\/li>\n<li>Jos hevonen on mennyt jo aiemmin tunnin samana p\u00e4iv\u00e4n\u00e4, annetaan sen lev\u00e4t\u00e4 rauhassa karsinassaan mahdollisimman pitk\u00e4\u00e4n. Silloin kevyt harjaus ja nopea varusteiden laitto riitt\u00e4v\u00e4t valmisteluiksi (n. 20 min riitt\u00e4\u00e4 varmasti t\u00e4h\u00e4n).<\/li>\n<li>Jokaiselle hevoselle l\u00f6ytyy oma harjapakki tallissa olevasta hyllyst\u00e4.<\/li>\n<li>Kokeilethan aina harjauksesi tuloksen k\u00e4dell\u00e4si, jotta huomaat onko kaikki hiekanjyv\u00e4t harjattu pois hevosen karvasta<\/li>\n<li>Tarkista harjapakkien vierest\u00e4 sein\u00e4lt\u00e4 mit\u00e4 suojia ja pinteleit\u00e4 ratsullesi laitetaan, sill\u00e4 kaikille poneille ei niit\u00e4 tule. Suojat l\u00f6ytyv\u00e4t yleens\u00e4 joko harjapakista tai karsinan ovesta kuivamasta.<br \/>\nHarjapakit palautetaan aina paikoilleen hyllyyn ennen kuin haetaan muut varusteet<\/li>\n<li>Hevoset\/ponit satuloidaan kiinni sidottuina<\/li>\n<li>Satula laitetaan aina ensin ja sitten vasta suitset<\/li>\n<li>Hevosta ei voi j\u00e4tt\u00e4\u00e4 irti karsinaan varusteet p\u00e4\u00e4ll\u00e4<\/li>\n<li>Samalle tunnille menevien ratsastajien kesken toivotaan yhteishenke\u00e4, kaikki auttaisivat kaikkia hevosten laitossa, n\u00e4in kenellek\u00e4\u00e4n ei tulisi kiire tai stressi<\/li>\n<li>Voit tarvittaessa lainata tallilta kyp\u00e4r\u00e4n ja raipan. Tallin lainakyp\u00e4r\u00e4t l\u00f6ytyv\u00e4t varustehuoneen kaapista. Raippoja on puolestaan harjapakkihyllyn vieress\u00e4.Muista ett\u00e4 hoitajia on aina tallissa valmiina avustamaan ratsastajia!!<\/li>\n<\/ul>\n<p>Tallin ty\u00f6ntekij\u00e4t ovat niin ik\u00e4\u00e4n valmiita ohjaamaan ja opettamaan hevosten k\u00e4sittelyss\u00e4 ja keskustelevat mielell\u00e4\u00e4n hevosiin liittyvist\u00e4 asioista ja pulmista ratsastajien kanssa. Uskaltakaa vain tulla jututtamaa heit\u00e4 ja hy\u00f6dynt\u00e4m\u00e4\u00e4n heid\u00e4n tietotaitoansa.<\/p>\n<figure id=\"attachment_282\" aria-describedby=\"caption-attachment-282\" style=\"width: 400px\" class=\"wp-caption alignleft\"><img loading=\"lazy\" decoding=\"async\" class=\"wp-image-282 size-full\" src=\"http:\/\/www.relanderinponitalli.fi\/wp-content\/uploads\/satulahuone-1.jpg\" width=\"400\" height=\"300\" srcset=\"https:\/\/www.relanderinponitalli.fi\/wp-content\/uploads\/satulahuone-1.jpg 400w, https:\/\/www.relanderinponitalli.fi\/wp-content\/uploads\/satulahuone-1-300x225.jpg 300w\" sizes=\"auto, (max-width: 400px) 100vw, 400px\" \/><figcaption id=\"caption-attachment-282\" class=\"wp-caption-text\">Varustehuoneessa on jokaiselle hevoselle omat satula ja suitset.<\/figcaption><\/figure>\n<p><strong>Tunnin j\u00e4lkeen:<\/strong><\/p>\n<ul>\n<li>Hevonen\/poni tuodaan omaan karsinaan ja laitetaan p\u00e4itset kaulalle. Sitten suitset pois ja heti p\u00e4itset napakasti p\u00e4\u00e4h\u00e4n ja varmistetaan, ett\u00e4 hevonen on kiinni sidottuna. Sitten vasta otetaan satula pois.<\/li>\n<li>Suitsien kuolaimet pest\u00e4\u00e4n pesupaikalla olevassa \u00e4mp\u00e4riss\u00e4 ja kuivataan varustehuoneessa asiaan nimetyll\u00e4 pyyhkeell\u00e4. Suitset niputetaan ja laitetaan nimell\u00e4 varustetulle paikalle. Hoitajat ovat aina apuna, jos niin haluat.<\/li>\n<li>Satula vied\u00e4\u00e4n my\u00f6s varustehuoneeseen nimetylle paikalle.<\/li>\n<li>Suojat\/pintelit j\u00e4tet\u00e4\u00e4n hevoselle, mik\u00e4li se menee tunnille viel\u00e4 tunnin p\u00e4\u00e4st\u00e4. Jos hevosella ei ole en\u00e4\u00e4 tunteja, tai ne ovat vasta my\u00f6hemmin, otetaan kaikki varusteet pois.<\/li>\n<li>Suojat harjataan puhtaaksi hiekasta ja laitetaan pakkiin, paitsi jos ne ovat m\u00e4r\u00e4t. M\u00e4r\u00e4t suojat ja pintelit sek\u00e4 patjat j\u00e4tet\u00e4\u00e4n karsinan oven telineeseen roikkumaan.<\/li>\n<li>Hevonen\/poni harjataan kevyesti ja sen kaviot puhdistetaan. Maneesin hiekassa on talvisin suolaa ja siksi t\u00e4m\u00e4 puhdistus t\u00e4rke\u00e4\u00e4.<\/li>\n<li>Puhdistuksen j\u00e4lkeen hevonen\/poni p\u00e4\u00e4stet\u00e4\u00e4n karsinaan lep\u00e4\u00e4m\u00e4\u00e4n irti.<\/li>\n<\/ul>\n<p>Hoitajat auttavat aina kun on tarvetta, joten rohkeasti vain kysym\u00e4\u00e4n!<\/p>\n","protected":false},"excerpt":{"rendered":"<p>Ratsastustunnille pukeutuminen: Ratsastussaappaat tai kumisaappaat, joissa on erillinen korko, ovat turvalisimmat jalkineet. Talvipakkasilla voit ratsastaa my\u00f6s muissa varrellisissa ja korollisissa jalkineissa. Sile\u00e4pohjaiset jalkineet ovat ratsastuksessa turvallisimmat. Housuiksi k\u00e4yv\u00e4t joustavat housut, joissa ei ole kovia saumoja reiden sis\u00e4pinnalla Pyri pukeutumaan mahdollisimman istuviin vaatteisiin, jotta opettaja pystyy arvioimaan istuntaasi helpommin Ratsastushanskoilla s\u00e4\u00e4st\u00e4t k\u00e4si\u00e4si Kyp\u00e4r\u00e4n k\u00e4ytt\u00f6 on pakollista! <a class=\"read-more\" href=\"https:\/\/www.relanderinponitalli.fi\/?page_id=280\">Lue lis\u00e4\u00e4<\/a><\/p>\n","protected":false},"author":1,"featured_media":0,"parent":188,"menu_order":5,"comment_status":"closed","ping_status":"closed","template":"","meta":{"footnotes":""},"class_list":["post-280","page","type-page","status-publish","hentry"],"_links":{"self":[{"href":"https:\/\/www.relanderinponitalli.fi\/index.php?rest_route=\/wp\/v2\/pages\/280","targetHints":{"allow":["GET"]}}],"collection":[{"href":"https:\/\/www.relanderinponitalli.fi\/index.php?rest_route=\/wp\/v2\/pages"}],"about":[{"href":"https:\/\/www.relanderinponitalli.fi\/index.php?rest_route=\/wp\/v2\/types\/page"}],"author":[{"embeddable":true,"href":"https:\/\/www.relanderinponitalli.fi\/index.php?rest_route=\/wp\/v2\/users\/1"}],"replies":[{"embeddable":true,"href":"https:\/\/www.relanderinponitalli.fi\/index.php?rest_route=%2Fwp%2Fv2%2Fcomments&post=280"}],"version-history":[{"count":4,"href":"https:\/\/www.relanderinponitalli.fi\/index.php?rest_route=\/wp\/v2\/pages\/280\/revisions"}],"predecessor-version":[{"id":289,"href":"https:\/\/www.relanderinponitalli.fi\/index.php?rest_route=\/wp\/v2\/pages\/280\/revisions\/289"}],"up":[{"embeddable":true,"href":"https:\/\/www.relanderinponitalli.fi\/index.php?rest_route=\/wp\/v2\/pages\/188"}],"wp:attachment":[{"href":"https:\/\/www.relanderinponitalli.fi\/index.php?rest_route=%2Fwp%2Fv2%2Fmedia&parent=280"}],"curies":[{"name":"wp","href":"https:\/\/api.w.org\/{rel}","templated":true}]}}