{"id":292,"date":"2016-12-15T20:51:28","date_gmt":"2016-12-15T18:51:28","guid":{"rendered":"http:\/\/www.relanderinponitalli.fi\/?page_id=292"},"modified":"2026-01-24T21:37:28","modified_gmt":"2026-01-24T19:37:28","slug":"ratsastaminen-talvella","status":"publish","type":"page","link":"https:\/\/www.relanderinponitalli.fi\/?page_id=292","title":{"rendered":"Ratsastaminen talvella"},"content":{"rendered":"<h3>PAKKASET PAUKKUU &#8211; PIDET\u00c4\u00c4NK\u00d6H\u00c4N TUNNIT&#8230;?<\/h3>\n<p><img loading=\"lazy\" decoding=\"async\" class=\"wp-image-1056 alignright\" src=\"http:\/\/www.relanderinponitalli.fi\/wp-content\/uploads\/Dafi_Fotor.jpg\" alt=\"\" width=\"322\" height=\"500\" srcset=\"https:\/\/www.relanderinponitalli.fi\/wp-content\/uploads\/Dafi_Fotor.jpg 515w, https:\/\/www.relanderinponitalli.fi\/wp-content\/uploads\/Dafi_Fotor-193x300.jpg 193w\" sizes=\"auto, (max-width: 322px) 100vw, 322px\" \/><\/p>\n<p><span style=\"font-weight: 400;\">Vaikka pakkasta olisi enemm\u00e4n, niin <strong>l\u00e4ht\u00f6kohtaisesti tunnit pidet\u00e4\u00e4n<\/strong>, mutta j<\/span><span style=\"font-weight: 400;\">os pakkasta alkaa olla l\u00e4hes 20 astetta, pienill\u00e4 ja kokemattomilla voimme pit\u00e4\u00e4 osan tunnista tallissa t\u00e4rkeit\u00e4 tallitaitoja harjoitellen ja ratsastaa vaan v\u00e4h\u00e4n aikaa.<\/span><\/p>\n<p><span style=\"font-weight: 400;\">Isommilla ja kokeneemmilla ratsastamme hieman kovemmallakin pakkasella. Mutta heill\u00e4kin voi olla osa tunnista\/koko tunti. esim. maastak\u00e4sittely\u00e4 tai talliharjoituksia.<\/span><\/p>\n<p><span style=\"font-weight: 400;\">Hevostaidot ovat osa t\u00e4t\u00e4 harratusta; niiden kehitt\u00e4minen parantaa omaa turvallisuutta ja hevosten hyvinvointia. Joten ymm\u00e4rr\u00e4th\u00e4n niiden t\u00e4rkeyden.<\/span><\/p>\n<p><span style=\"font-weight: 400;\"><strong>Laitamme tallin facebook -sivuille tiedon, jos emme pid\u00e4 tuntia ollenkaan<\/strong>. Laitamme tiedon <strong>my\u00f6s Ratsukkoon<\/strong> (varauskalenteri). Olethan ottanut ilmoitukset k\u00e4ytt\u00f6\u00f6n MyRatsukossa, silloin mahdollisista muutoksista, tulee viesti suoraan puhelimeen!<\/span><\/p>\n<p><span style=\"font-weight: 400;\">Pakkasella on mahdollista my\u00f6s yhdist\u00e4\u00e4 ryhmi\u00e4, jos joku ryhm\u00e4 n\u00e4ytt\u00e4\u00e4 syyst\u00e4 tai toisesta j\u00e4\u00e4v\u00e4n pieneksi. Seuraa siis Ratsukkoa ja tallin facebook-sivuja pakkasp\u00e4iv\u00e4n aikana. Peruutuksia harvoin tehd\u00e4\u00e4n viel\u00e4 aamusta, joten etenkin iltap\u00e4iv\u00e4ll\u00e4 seuraa tiedotusta!<\/span><span style=\"font-weight: 400;\">.<\/span><\/p>\n<p>Huomioi viel\u00e4, ett\u00e4 maneesissa on 5-7 astetta v\u00e4hemm\u00e4n pakkasta kuin ulkona ja sinne ei k\u00e4y viima. <strong>Pukeutua toki t\u00e4ytyy!\u00a0<\/strong><\/p>\n<h3>Pukeutuminen talviselle ratsastustunnille<\/h3>\n<p>Pakkaslukeman l\u00e4hestyess\u00e4 -10 astetta, t\u00e4ytyy tunnille pukeutumista mietti\u00e4 jo kunnolla.<\/p>\n<ul>\n<li><strong>Kerrospukeutuminen<\/strong> on hyv\u00e4 juttu; t\u00e4ll\u00f6in voit tarvittaessa v\u00e4hent\u00e4\u00e4 vaatteita tunnin aikana. Hyv\u00e4 my\u00f6s huomata, ett\u00e4 hevosta harjatessa ennen tuntia, p\u00e4rj\u00e4\u00e4t v\u00e4hemmill\u00e4 vaatteilla. Lis\u00e4\u00e4t sitten, kun olet l\u00e4hd\u00f6ss\u00e4 maneesiin. Turvaliivin alle ei mahdu kovin paljon vaatetta, mutta sen p\u00e4\u00e4lleh\u00e4n voi hyvin laittaa viel\u00e4 esim. toppatakin.<\/li>\n<li><strong>Kyp\u00e4r\u00e4n alla oltava kyp\u00e4r\u00e4myssy, tuubihuivi tai ohut pipo\u00a0<\/strong><\/li>\n<li><strong>Kunnolliset lapaset\/rukkaset tai talviratsastushanskat<\/strong>. Voit tehd\u00e4 my\u00f6s niin, ett\u00e4 laitat hanskojen p\u00e4\u00e4lle viel\u00e4 lapaset, jotka voi sitten tunnin edetess\u00e4 ja sormien l\u00e4mmetess\u00e4 ottaa pois.<\/li>\n<li>Reidet palelevat my\u00f6s helposti eli r<span style=\"font-weight: 400;\">atsastushousujen alle talvella aina paksut sukkahousut tai kalsarit.<\/span> <strong>Toppahousut<\/strong> jalkaan viimeist\u00e4\u00e4n -10 asteessa! On olemassa my\u00f6s ratsastustoppahousuja, joissa on nahkapaikat takana.<\/li>\n<li>Kumisaappaat on syyt\u00e4 vaihtaa nyt <strong>l\u00e4mpimiin jalkineisiin<\/strong>. Jalkineita valitessasi on hyv\u00e4 muistaa: riitt\u00e4v\u00e4n suuret jalkineet, jotta sinne mahtuu my\u00f6s l\u00e4mmin villasukka, eik\u00e4 silti saa kirist\u00e4\u00e4. Jalkineiden tulee olla varrelliset ja mieluusti my\u00f6s kannalliset. Ja mielell\u00e4\u00e4n mahdollisimman sile\u00e4pohjaiset. <span style=\"font-weight: 400;\">Kovemmilla pakkasilla voit ratsastaa esim. toppakengill\u00e4. V\u00e4lt\u00e4 kuitenkin jalkineita, joissa on tosi syv\u00e4t juomut pohjissa. <\/span>Pohjan isoihin uurteisiin jalustin voi j\u00e4\u00e4d\u00e4 jumiin. Ratsastustarvikeliikkeet myyv\u00e4t erilaisia ns tallikenki\u00e4, jotka ovat melko hyv\u00e4t talviratsastusjalkineet. Ratsastuskenkiin on saatavilla my\u00f6s hyvi\u00e4 pohjallisia: lampaankarva l\u00e4mmitt\u00e4\u00e4 hyvin ja edullisimmillaan voit v\u00e4rk\u00e4t\u00e4 erist\u00e4v\u00e4n pohjallisen muutamasta kerroksest L\u00e4nsi-Savoa \ud83d\ude09\u00a0On my\u00f6s olemassa akkuk\u00e4ytt\u00f6isi\u00e4 sormien ja varpaiden l\u00e4mmittimi\u00e4.<\/li>\n<li><strong>Huom!<\/strong> <span style=\"font-weight: 400;\"><strong>Pitk\u00e4t ratsastustakit ovat meill\u00e4 kuitenkin kielletty turvallisuussyist\u00e4.<\/strong> Huonoja vaihtoehtoja ovat todella liukaspintaiset housut ja paljon kahissevat takit.<\/span><strong>\u00a0<\/strong><\/li>\n<\/ul>\n<p><span style=\"font-weight: 400;\">Talli pid\u00e4tt\u00e4\u00e4 oikeuden pienemm\u00e4ll\u00e4kin pakkasella olla ottamatta ratsastajaa tunnille, jos ratsastaja tulee aivan liian v\u00e4hiss\u00e4 vaatteissa tunnille.<\/span><\/p>\n<p><strong>MUKAVIA TALVIRATSASTUSHETKI\u00c4!!!<\/strong><\/p>\n","protected":false},"excerpt":{"rendered":"<p>PAKKASET PAUKKUU &#8211; PIDET\u00c4\u00c4NK\u00d6H\u00c4N TUNNIT&#8230;? Vaikka pakkasta olisi enemm\u00e4n, niin l\u00e4ht\u00f6kohtaisesti tunnit pidet\u00e4\u00e4n, mutta jos pakkasta alkaa olla l\u00e4hes 20 astetta, pienill\u00e4 ja kokemattomilla voimme pit\u00e4\u00e4 osan tunnista tallissa t\u00e4rkeit\u00e4 tallitaitoja harjoitellen ja ratsastaa vaan v\u00e4h\u00e4n aikaa. Isommilla ja kokeneemmilla ratsastamme hieman kovemmallakin pakkasella. Mutta heill\u00e4kin voi olla osa tunnista\/koko tunti. esim. maastak\u00e4sittely\u00e4 tai talliharjoituksia. <a class=\"read-more\" href=\"https:\/\/www.relanderinponitalli.fi\/?page_id=292\">Lue lis\u00e4\u00e4<\/a><\/p>\n","protected":false},"author":1,"featured_media":0,"parent":280,"menu_order":0,"comment_status":"closed","ping_status":"closed","template":"","meta":{"footnotes":""},"class_list":["post-292","page","type-page","status-publish","hentry"],"_links":{"self":[{"href":"https:\/\/www.relanderinponitalli.fi\/index.php?rest_route=\/wp\/v2\/pages\/292","targetHints":{"allow":["GET"]}}],"collection":[{"href":"https:\/\/www.relanderinponitalli.fi\/index.php?rest_route=\/wp\/v2\/pages"}],"about":[{"href":"https:\/\/www.relanderinponitalli.fi\/index.php?rest_route=\/wp\/v2\/types\/page"}],"author":[{"embeddable":true,"href":"https:\/\/www.relanderinponitalli.fi\/index.php?rest_route=\/wp\/v2\/users\/1"}],"replies":[{"embeddable":true,"href":"https:\/\/www.relanderinponitalli.fi\/index.php?rest_route=%2Fwp%2Fv2%2Fcomments&post=292"}],"version-history":[{"count":10,"href":"https:\/\/www.relanderinponitalli.fi\/index.php?rest_route=\/wp\/v2\/pages\/292\/revisions"}],"predecessor-version":[{"id":2892,"href":"https:\/\/www.relanderinponitalli.fi\/index.php?rest_route=\/wp\/v2\/pages\/292\/revisions\/2892"}],"up":[{"embeddable":true,"href":"https:\/\/www.relanderinponitalli.fi\/index.php?rest_route=\/wp\/v2\/pages\/280"}],"wp:attachment":[{"href":"https:\/\/www.relanderinponitalli.fi\/index.php?rest_route=%2Fwp%2Fv2%2Fmedia&parent=292"}],"curies":[{"name":"wp","href":"https:\/\/api.w.org\/{rel}","templated":true}]}}