{"id":309,"date":"2016-12-17T22:44:26","date_gmt":"2016-12-17T20:44:26","guid":{"rendered":"http:\/\/www.relanderinponitalli.fi\/?page_id=309"},"modified":"2026-04-23T23:09:11","modified_gmt":"2026-04-23T20:09:11","slug":"dafi-2","status":"publish","type":"page","link":"https:\/\/www.relanderinponitalli.fi\/?page_id=309","title":{"rendered":"Dafi"},"content":{"rendered":"<p><img loading=\"lazy\" decoding=\"async\" class=\"alignright wp-image-904\" src=\"http:\/\/www.relanderinponitalli.fi\/wp-content\/uploads\/Dafi_05-680x1024.jpg\" alt=\"\" width=\"266\" height=\"400\" srcset=\"https:\/\/www.relanderinponitalli.fi\/wp-content\/uploads\/Dafi_05-680x1024.jpg 680w, https:\/\/www.relanderinponitalli.fi\/wp-content\/uploads\/Dafi_05-199x300.jpg 199w, https:\/\/www.relanderinponitalli.fi\/wp-content\/uploads\/Dafi_05-768x1157.jpg 768w, https:\/\/www.relanderinponitalli.fi\/wp-content\/uploads\/Dafi_05.jpg 1062w\" sizes=\"auto, (max-width: 266px) 100vw, 266px\" \/>Lempinimi: Dafi<br \/>Rotu: risteytysponi<br \/>Sukupuoli: ruuna<br \/>Syntym\u00e4vuosi: 2009<br \/>S\u00e4k\u00e4korkeus: 118 cm<\/p>\n<p><span style=\"font-weight: 400;\">T\u00e4m\u00e4 ihastuttava valkoinen poni , Dafi on 2009 syntynyt ristetysponi, jonka sukutiedoista ei ole varmuutta muutakuin, ett\u00e4 se on syntynyt Puolassa. S\u00e4k\u00e4korkeutta sill\u00e4 on noin 118 cm. Dafi on herkk\u00e4 ja on monen ratsastajan suosikki, toimien tunneilla aiheuttamatta suurempia ongelmia. Pikkuponiksi osaava ja hypp\u00e4\u00e4kin mukavasti pienill\u00e4kin ratsastajilla.<\/span><span style=\"font-weight: 400;\"><br \/><\/span><span style=\"font-weight: 400;\">Herkkyys tulee esiin hoitotilanteissa, jonka vuoksi hoidetaankin usein kengitys- tai pesupaikalla.<\/span><span style=\"font-weight: 400;\"><br \/><\/span><span style=\"font-weight: 400;\">Dafi on tullut tallille vuoden 2014 alussa<\/span><\/p>\n<p><img loading=\"lazy\" decoding=\"async\" class=\"alignleft wp-image-900\" src=\"http:\/\/www.relanderinponitalli.fi\/wp-content\/uploads\/Dafi_01-672x1024.jpg\" alt=\"\" width=\"263\" height=\"400\" srcset=\"https:\/\/www.relanderinponitalli.fi\/wp-content\/uploads\/Dafi_01.jpg 672w, https:\/\/www.relanderinponitalli.fi\/wp-content\/uploads\/Dafi_01-197x300.jpg 197w\" sizes=\"auto, (max-width: 263px) 100vw, 263px\" \/><a href=\"https:\/\/www.relanderinponitalli.fi\/?attachment_id=1735\" rel=\"attachment wp-att-1735\"><img loading=\"lazy\" decoding=\"async\" class=\"size-medium wp-image-1735 alignleft\" src=\"http:\/\/www.relanderinponitalli.fi\/wp-content\/uploads\/Dafi2021-200x300.jpeg\" alt=\"\" width=\"200\" height=\"300\" srcset=\"https:\/\/www.relanderinponitalli.fi\/wp-content\/uploads\/Dafi2021-200x300.jpeg 200w, https:\/\/www.relanderinponitalli.fi\/wp-content\/uploads\/Dafi2021.jpeg 341w\" sizes=\"auto, (max-width: 200px) 100vw, 200px\" \/><\/a><\/p>\n\n\n<figure class=\"wp-block-image size-large\"><img loading=\"lazy\" decoding=\"async\" width=\"1024\" height=\"560\" src=\"http:\/\/www.relanderinponitalli.fi\/wp-content\/uploads\/IMG_20240528_223557_251-scaled-e1776964715152-1024x560.jpg\" alt=\"\" class=\"wp-image-3039\" srcset=\"https:\/\/www.relanderinponitalli.fi\/wp-content\/uploads\/IMG_20240528_223557_251-scaled-e1776964715152-1024x560.jpg 1024w, https:\/\/www.relanderinponitalli.fi\/wp-content\/uploads\/IMG_20240528_223557_251-scaled-e1776964715152-300x164.jpg 300w, https:\/\/www.relanderinponitalli.fi\/wp-content\/uploads\/IMG_20240528_223557_251-scaled-e1776964715152-768x420.jpg 768w, https:\/\/www.relanderinponitalli.fi\/wp-content\/uploads\/IMG_20240528_223557_251-scaled-e1776964715152-1536x840.jpg 1536w, https:\/\/www.relanderinponitalli.fi\/wp-content\/uploads\/IMG_20240528_223557_251-scaled-e1776964715152-2048x1120.jpg 2048w\" sizes=\"auto, (max-width: 1024px) 100vw, 1024px\" \/><\/figure>\n","protected":false},"excerpt":{"rendered":"<p>Lempinimi: DafiRotu: risteytysponiSukupuoli: ruunaSyntym\u00e4vuosi: 2009S\u00e4k\u00e4korkeus: 118 cm T\u00e4m\u00e4 ihastuttava valkoinen poni , Dafi on 2009 syntynyt ristetysponi, jonka sukutiedoista ei ole varmuutta muutakuin, ett\u00e4 se on syntynyt Puolassa. S\u00e4k\u00e4korkeutta sill\u00e4 on noin 118 cm. Dafi on herkk\u00e4 ja on monen ratsastajan suosikki, toimien tunneilla aiheuttamatta suurempia ongelmia. Pikkuponiksi osaava ja hypp\u00e4\u00e4kin mukavasti pienill\u00e4kin ratsastajilla.Herkkyys tulee <a class=\"read-more\" href=\"https:\/\/www.relanderinponitalli.fi\/?page_id=309\">Lue lis\u00e4\u00e4<\/a><\/p>\n","protected":false},"author":1,"featured_media":0,"parent":299,"menu_order":2,"comment_status":"closed","ping_status":"closed","template":"","meta":{"footnotes":""},"class_list":["post-309","page","type-page","status-publish","hentry"],"_links":{"self":[{"href":"https:\/\/www.relanderinponitalli.fi\/index.php?rest_route=\/wp\/v2\/pages\/309","targetHints":{"allow":["GET"]}}],"collection":[{"href":"https:\/\/www.relanderinponitalli.fi\/index.php?rest_route=\/wp\/v2\/pages"}],"about":[{"href":"https:\/\/www.relanderinponitalli.fi\/index.php?rest_route=\/wp\/v2\/types\/page"}],"author":[{"embeddable":true,"href":"https:\/\/www.relanderinponitalli.fi\/index.php?rest_route=\/wp\/v2\/users\/1"}],"replies":[{"embeddable":true,"href":"https:\/\/www.relanderinponitalli.fi\/index.php?rest_route=%2Fwp%2Fv2%2Fcomments&post=309"}],"version-history":[{"count":6,"href":"https:\/\/www.relanderinponitalli.fi\/index.php?rest_route=\/wp\/v2\/pages\/309\/revisions"}],"predecessor-version":[{"id":3109,"href":"https:\/\/www.relanderinponitalli.fi\/index.php?rest_route=\/wp\/v2\/pages\/309\/revisions\/3109"}],"up":[{"embeddable":true,"href":"https:\/\/www.relanderinponitalli.fi\/index.php?rest_route=\/wp\/v2\/pages\/299"}],"wp:attachment":[{"href":"https:\/\/www.relanderinponitalli.fi\/index.php?rest_route=%2Fwp%2Fv2%2Fmedia&parent=309"}],"curies":[{"name":"wp","href":"https:\/\/api.w.org\/{rel}","templated":true}]}}