{"id":331,"date":"2016-12-17T23:28:30","date_gmt":"2016-12-17T21:28:30","guid":{"rendered":"http:\/\/www.relanderinponitalli.fi\/?page_id=331"},"modified":"2026-04-23T22:49:19","modified_gmt":"2026-04-23T19:49:19","slug":"dexter","status":"publish","type":"page","link":"https:\/\/www.relanderinponitalli.fi\/?page_id=331","title":{"rendered":"Dexter"},"content":{"rendered":"\n<p>Lempinimi: Dexter<br>Rotu:<br>Sukupuoli: ruuna<br>Syntym\u00e4vuosi: &nbsp;2004<br>S\u00e4k\u00e4korkeus: 145 cm<br>Koulu: &nbsp;Helppo A+<br>Rataesteet: 110 cm<\/p>\n\n\n\n<p><span style=\"font-weight: 400;\">T\u00e4ss\u00e4 esitt\u00e4ytyy saksalainen ruuna Dexter, joka on\u00a0 on kiltti ja kaikin puolin mukava herra. Parhaimmillaan kokenut ruuna on ollut esteradoilla ja  hakenutkin paljon ruusukkeita kotiin. Dexter on saanut 2015 Kaakkois-Suomen hallimestaruuksista hopeaa poniluokasta! Nuorempana hyp\u00e4nnyt Hollannissa isoja esteit\u00e4 eli noin 110-120 cm ratoja.<\/span><\/p>\n\n\n\n<p><span style=\"font-weight: 400;\">T\u00e4ll\u00e4 herralla voisi l\u00e4hte\u00e4 t\u00e4n\u00e4\u00e4n kisoihin suorittamaan hienosti esteet ja huomenna Mikkelin torille poniratsastusrinkiin<\/span>, Mutta nyky\u00e4\u00e4n korkean ik\u00e4ns\u00e4 vuoksi Dexter herra harrastelee rauhallisempia opetushommia ja kisailut on j\u00e4tetty nuoremmille.<\/p>\n\n\n\n<p><\/p>\n\n\n\n<p><\/p>\n\n\n\n<figure class=\"wp-block-gallery alignleft has-nested-images columns-default is-cropped wp-block-gallery-1 is-layout-flex wp-block-gallery-is-layout-flex\">\n<figure class=\"wp-block-image size-large is-resized\"><img loading=\"lazy\" decoding=\"async\" width=\"720\" height=\"960\" data-id=\"1512\" src=\"https:\/\/www.relanderinponitalli.fi\/wp-content\/uploads\/FFEFEC1C-3875-419D-943A-C62D91F1C08B.jpeg\" alt=\"\" class=\"wp-image-1512\" style=\"width:324px;height:auto\"\/><figcaption class=\"wp-element-caption\">Vilma ja Dexter &#8211; Kaakkois-Suomen alueen poniratsastajien mestaruus kouluratsastuksessa 65,88 % tuloksella. Lis\u00e4ksi ratsastuskouluoppilaiden mestaruuksista 2019 esteill\u00e4 hopeaa!<\/figcaption><\/figure>\n<\/figure>\n\n\n\n<figure class=\"wp-block-image size-large is-resized\"><img loading=\"lazy\" decoding=\"async\" width=\"633\" height=\"1024\" src=\"http:\/\/www.relanderinponitalli.fi\/wp-content\/uploads\/32-633x1024.jpg\" alt=\"\" class=\"wp-image-2939\" style=\"width:291px;height:auto\" srcset=\"https:\/\/www.relanderinponitalli.fi\/wp-content\/uploads\/32-633x1024.jpg 633w, https:\/\/www.relanderinponitalli.fi\/wp-content\/uploads\/32-186x300.jpg 186w, https:\/\/www.relanderinponitalli.fi\/wp-content\/uploads\/32-768x1242.jpg 768w, https:\/\/www.relanderinponitalli.fi\/wp-content\/uploads\/32.jpg 841w\" sizes=\"auto, (max-width: 633px) 100vw, 633px\" \/><\/figure>\n\n\n\n<figure class=\"wp-block-image size-large is-resized\"><img loading=\"lazy\" decoding=\"async\" width=\"899\" height=\"1376\" src=\"https:\/\/www.relanderinponitalli.fi\/wp-content\/uploads\/24-669x1024.jpg\" alt=\"\" class=\"wp-image-2938\" style=\"width:243px;height:auto\" srcset=\"https:\/\/www.relanderinponitalli.fi\/wp-content\/uploads\/24-669x1024.jpg 669w, https:\/\/www.relanderinponitalli.fi\/wp-content\/uploads\/24-196x300.jpg 196w, https:\/\/www.relanderinponitalli.fi\/wp-content\/uploads\/24-768x1175.jpg 768w, https:\/\/www.relanderinponitalli.fi\/wp-content\/uploads\/24.jpg 899w\" sizes=\"auto, (max-width: 899px) 100vw, 899px\" \/><\/figure>\n\n\n\n<p><\/p>\n\n\n\n<p><\/p>\n\n\n\n\n\n\n","protected":false},"excerpt":{"rendered":"<p>Lempinimi: DexterRotu:Sukupuoli: ruunaSyntym\u00e4vuosi: &nbsp;2004S\u00e4k\u00e4korkeus: 145 cmKoulu: &nbsp;Helppo A+Rataesteet: 110 cm T\u00e4ss\u00e4 esitt\u00e4ytyy saksalainen ruuna Dexter, joka on\u00a0 on kiltti ja kaikin puolin mukava herra. Parhaimmillaan kokenut ruuna on ollut esteradoilla ja hakenutkin paljon ruusukkeita kotiin. Dexter on saanut 2015 Kaakkois-Suomen hallimestaruuksista hopeaa poniluokasta! Nuorempana hyp\u00e4nnyt Hollannissa isoja esteit\u00e4 eli noin 110-120 cm ratoja. T\u00e4ll\u00e4 herralla <a class=\"read-more\" href=\"https:\/\/www.relanderinponitalli.fi\/?page_id=331\">Lue lis\u00e4\u00e4<\/a><\/p>\n","protected":false},"author":1,"featured_media":0,"parent":299,"menu_order":12,"comment_status":"closed","ping_status":"closed","template":"","meta":{"footnotes":""},"class_list":["post-331","page","type-page","status-publish","hentry"],"_links":{"self":[{"href":"https:\/\/www.relanderinponitalli.fi\/index.php?rest_route=\/wp\/v2\/pages\/331","targetHints":{"allow":["GET"]}}],"collection":[{"href":"https:\/\/www.relanderinponitalli.fi\/index.php?rest_route=\/wp\/v2\/pages"}],"about":[{"href":"https:\/\/www.relanderinponitalli.fi\/index.php?rest_route=\/wp\/v2\/types\/page"}],"author":[{"embeddable":true,"href":"https:\/\/www.relanderinponitalli.fi\/index.php?rest_route=\/wp\/v2\/users\/1"}],"replies":[{"embeddable":true,"href":"https:\/\/www.relanderinponitalli.fi\/index.php?rest_route=%2Fwp%2Fv2%2Fcomments&post=331"}],"version-history":[{"count":10,"href":"https:\/\/www.relanderinponitalli.fi\/index.php?rest_route=\/wp\/v2\/pages\/331\/revisions"}],"predecessor-version":[{"id":3097,"href":"https:\/\/www.relanderinponitalli.fi\/index.php?rest_route=\/wp\/v2\/pages\/331\/revisions\/3097"}],"up":[{"embeddable":true,"href":"https:\/\/www.relanderinponitalli.fi\/index.php?rest_route=\/wp\/v2\/pages\/299"}],"wp:attachment":[{"href":"https:\/\/www.relanderinponitalli.fi\/index.php?rest_route=%2Fwp%2Fv2%2Fmedia&parent=331"}],"curies":[{"name":"wp","href":"https:\/\/api.w.org\/{rel}","templated":true}]}}