{"id":368,"date":"2017-01-06T17:29:22","date_gmt":"2017-01-06T15:29:22","guid":{"rendered":"http:\/\/www.relanderinponitalli.fi\/?page_id=368"},"modified":"2021-12-08T06:50:40","modified_gmt":"2021-12-08T04:50:40","slug":"ratturas","status":"publish","type":"page","link":"https:\/\/www.relanderinponitalli.fi\/?page_id=368","title":{"rendered":"Rasse"},"content":{"rendered":"<h2><img loading=\"lazy\" decoding=\"async\" class=\"alignright size-full wp-image-40\" src=\"http:\/\/www.relanderinponitalli.fi\/wp-content\/uploads\/rasse_ravi.jpg\" alt=\"\" width=\"350\" height=\"296\" srcset=\"https:\/\/www.relanderinponitalli.fi\/wp-content\/uploads\/rasse_ravi.jpg 350w, https:\/\/www.relanderinponitalli.fi\/wp-content\/uploads\/rasse_ravi-300x254.jpg 300w\" sizes=\"auto, (max-width: 350px) 100vw, 350px\" \/>Ratturas<\/h2>\n<p>Lempinimi: Rasse<br \/>\nRotu: Eestinhevonen<br \/>\nSukupuoli: ruuna<br \/>\nSyntym\u00e4vuosi: 2011<br \/>\nS\u00e4k\u00e4korkeus: 146 cm<br \/>\nEm\u00e4: Vigurv\u00e4nt<br \/>\nIs\u00e4: Rikoshet<br \/>\nKoulu: Helppo C-B<br \/>\nRataesteet: 70 cm<\/p>\n<p><span style=\"font-weight: 400;\">Rassella s\u00e4k\u00e4korkeutta on noin 146 cm , mutta rungoltaan Rasse on hevonen. Rasse on rodultaan eestinhevonen ja saapui tallille suoraan Virosta. Rasse kuuluu tallin yhtiin suosituimmista opetushevosista ollen sopivan herkk\u00e4 ja yhteisty\u00f6haluinen ratsu. Hypp\u00e4\u00e4 mallikkaasti esteit\u00e4 70-80 cm asti ja kouluratsastuskiemuratkin menee helppoon A:han asti. <\/span><span style=\"font-weight: 400;\">\u00a0Hoidettaessa herrasmies.<\/span><\/p>\n<p><em><strong>Esittely tallin fb-sivuilla:\u00a0<\/strong><\/em><\/p>\n<p>Ratturas eli kotoisammin Rasse. S\u00e4k\u00e4korkeutta sill\u00e4 on noin 146 cm , mutta rungoltaan jo hevonen. Rasse on rodultaan eestinhevonen, saapui tallille suoraan Virosta 3 vuotta sitten. Ik\u00e4\u00e4 h\u00e4ll\u00e4 on vasta 8 vuotta. Varsin nopeasti tullut yhdeksi tallin suosituimmaksi opetusponiksi ollen sopivan herkk\u00e4 ja yhteisty\u00f6haluinen ratsu. Hypp\u00e4\u00e4 mallikkaasti esteit\u00e4 70-80 cm asti ja kouluratsastuskiemuratkin menee helppoon A:han asti. Kilpailuissakin ehtinyt jo py\u00f6r\u00e4ht\u00e4\u00e4 useamman kerran. Kiltti ja seurallinen hoitotoimenpiteiss\u00e4kin. Joka ratsastuskoulun koossa pit\u00e4v\u00e4 voima sopiessaan lapsille ja aikuisillekin.<\/p>\n<p><img loading=\"lazy\" decoding=\"async\" class=\"alignleft size-full wp-image-38\" src=\"http:\/\/www.relanderinponitalli.fi\/wp-content\/uploads\/rasse_esteet_2016.jpg\" alt=\"\" width=\"350\" height=\"233\" srcset=\"https:\/\/www.relanderinponitalli.fi\/wp-content\/uploads\/rasse_esteet_2016.jpg 350w, https:\/\/www.relanderinponitalli.fi\/wp-content\/uploads\/rasse_esteet_2016-300x200.jpg 300w\" sizes=\"auto, (max-width: 350px) 100vw, 350px\" \/><img loading=\"lazy\" decoding=\"async\" class=\"alignnone size-medium wp-image-1750\" src=\"http:\/\/www.relanderinponitalli.fi\/wp-content\/uploads\/Rasse2021-200x300.jpeg\" alt=\"\" width=\"200\" height=\"300\" srcset=\"https:\/\/www.relanderinponitalli.fi\/wp-content\/uploads\/Rasse2021-200x300.jpeg 200w, https:\/\/www.relanderinponitalli.fi\/wp-content\/uploads\/Rasse2021.jpeg 341w\" sizes=\"auto, (max-width: 200px) 100vw, 200px\" \/><\/p>\n","protected":false},"excerpt":{"rendered":"<p>Ratturas Lempinimi: Rasse Rotu: Eestinhevonen Sukupuoli: ruuna Syntym\u00e4vuosi: 2011 S\u00e4k\u00e4korkeus: 146 cm Em\u00e4: Vigurv\u00e4nt Is\u00e4: Rikoshet Koulu: Helppo C-B Rataesteet: 70 cm Rassella s\u00e4k\u00e4korkeutta on noin 146 cm , mutta rungoltaan Rasse on hevonen. Rasse on rodultaan eestinhevonen ja saapui tallille suoraan Virosta. Rasse kuuluu tallin yhtiin suosituimmista opetushevosista ollen sopivan herkk\u00e4 ja yhteisty\u00f6haluinen ratsu. <a class=\"read-more\" href=\"https:\/\/www.relanderinponitalli.fi\/?page_id=368\">Lue lis\u00e4\u00e4<\/a><\/p>\n","protected":false},"author":1,"featured_media":0,"parent":299,"menu_order":99,"comment_status":"closed","ping_status":"closed","template":"","meta":{"footnotes":""},"class_list":["post-368","page","type-page","status-publish","hentry"],"_links":{"self":[{"href":"https:\/\/www.relanderinponitalli.fi\/index.php?rest_route=\/wp\/v2\/pages\/368","targetHints":{"allow":["GET"]}}],"collection":[{"href":"https:\/\/www.relanderinponitalli.fi\/index.php?rest_route=\/wp\/v2\/pages"}],"about":[{"href":"https:\/\/www.relanderinponitalli.fi\/index.php?rest_route=\/wp\/v2\/types\/page"}],"author":[{"embeddable":true,"href":"https:\/\/www.relanderinponitalli.fi\/index.php?rest_route=\/wp\/v2\/users\/1"}],"replies":[{"embeddable":true,"href":"https:\/\/www.relanderinponitalli.fi\/index.php?rest_route=%2Fwp%2Fv2%2Fcomments&post=368"}],"version-history":[{"count":6,"href":"https:\/\/www.relanderinponitalli.fi\/index.php?rest_route=\/wp\/v2\/pages\/368\/revisions"}],"predecessor-version":[{"id":1820,"href":"https:\/\/www.relanderinponitalli.fi\/index.php?rest_route=\/wp\/v2\/pages\/368\/revisions\/1820"}],"up":[{"embeddable":true,"href":"https:\/\/www.relanderinponitalli.fi\/index.php?rest_route=\/wp\/v2\/pages\/299"}],"wp:attachment":[{"href":"https:\/\/www.relanderinponitalli.fi\/index.php?rest_route=%2Fwp%2Fv2%2Fmedia&parent=368"}],"curies":[{"name":"wp","href":"https:\/\/api.w.org\/{rel}","templated":true}]}}