{"id":445,"date":"2017-01-06T21:07:25","date_gmt":"2017-01-06T19:07:25","guid":{"rendered":"http:\/\/www.relanderinponitalli.fi\/?page_id=445"},"modified":"2024-09-22T15:57:02","modified_gmt":"2024-09-22T12:57:02","slug":"miten-aloittaa-ratsastus","status":"publish","type":"page","link":"https:\/\/www.relanderinponitalli.fi\/?page_id=445","title":{"rendered":"Miten aloittaa ratsastus"},"content":{"rendered":"<h2>Lapsi ratsaille\u00a0&#8211; miten aloittaa ratsastusharrastus?<\/h2>\n<p><img loading=\"lazy\" decoding=\"async\" class=\"size-full wp-image-111 alignright\" src=\"http:\/\/www.relanderinponitalli.fi\/wp-content\/uploads\/tomppa.jpg\" alt=\"\" width=\"350\" height=\"260\" srcset=\"https:\/\/www.relanderinponitalli.fi\/wp-content\/uploads\/tomppa.jpg 350w, https:\/\/www.relanderinponitalli.fi\/wp-content\/uploads\/tomppa-300x223.jpg 300w\" sizes=\"auto, (max-width: 350px) 100vw, 350px\" \/><strong>Ratsastusta 3-13-vuotiaille<\/strong><\/p>\n<p class=\"p1\"><span style=\"font-size: revert;\">Ratsastusharrastus kannattaa aloittaa <strong>puolen tunnin lasten ratsastustunneilla<\/strong>. Voit tuoda oman taluttajan tai pyyt\u00e4\u00e4 tallilta taluttajan. Tunneilla harjoitellaan ratsastuksen perusteita, toisinaan lyhyt maastolenkki, jumppaa ponien sel\u00e4ss\u00e4, puomien ylityst\u00e4 tai leikkej\u00e4 ponien sel\u00e4ss\u00e4 jne.<\/span><\/p>\n<p class=\"p3\"><span class=\"s4\">Irralliset kerrat 28 \u20ac, oman taluttajan kanssa 26 \u20ac. Perjantaisin ja lauantaisin klo 15.30.<\/span><\/p>\n<p class=\"p1\"><strong>6-13-vuotiaat<\/strong><\/p>\n<p class=\"p3\"><span class=\"s4\">Jos olet jo k\u00e4ynyt puolen tunnin talutusratsastustunneilla ja haluat jo v\u00e4h\u00e4n enemm\u00e4n ja ehk\u00e4 v\u00e4hitellen kokeilla joskus jo ilman taluttajaa, niin t\u00e4m\u00e4 <strong>45 min ratsastus- ja hoitotunti<\/strong> on Sinulle. Ryhm\u00e4 ratsastaa useimmiten noin puoli tuntia ja lis\u00e4ksi harjoitellaan hetki jotain muuta hevostaitoa. Mutta tunti on hyvin monipuolinen, eri kerroilla voi olla hyvin erilainen sis\u00e4lt\u00f6. T\u00e4h\u00e4nkin voit halutessasi tuoda oman taluttajan tai pyyt\u00e4\u00e4 tallilta taluttajan. <\/span><\/p>\n<p class=\"p3\"><span class=\"s4\">Ryhm\u00e4 on lauantaisin klo 16.00. Irralliset kerrat tallin taluttajalla 34 \u20ac, omalla taluttajalla 28 \u20ac.<\/span><\/p>\n<p class=\"p3\"><span class=\"s4\">Jos kysynt\u00e4\u00e4 on reilusti arki-iltap\u00e4iv\u00e4\u00e4n, niin sinnekin voidaan ryhm\u00e4\u00e4 harkita.<\/span><\/p>\n<p><b>Alkeiskurssit<\/b><\/p>\n<p class=\"p3\"><span class=\"s4\">Varsinaisille alkeiskursseille siirryt\u00e4\u00e4n siin\u00e4 vaiheessa, kun lapsi osaa perusteita ratsastuksesta, ja rohkenee talutustunneilla ratsastaa p\u00e4tki\u00e4 ilman taluttajaa. Ja osaa alkeita my\u00f6s ponien hoitamisesta ja k\u00e4sittelyst\u00e4. Joku k\u00e4y useamman vuoden talutusratsastustunneilla, jollekin riitt\u00e4\u00e4 10 kertaa. Jokainen etenee omaa tahtia kohti itsen\u00e4ist\u00e4 ratsastusta. Seuraava alkeiskurssi alkaa vuoden 2025 puolella!<\/span><\/p>\n<p class=\"p3\"><span class=\"s4\">Meill\u00e4 on s\u00e4hk\u00f6inen varauskalenteri Ratsukko k\u00e4yt\u00f6ss\u00e4, jonka kautta voit maksaa ostamasi \u201dtuotteet\u201d verkkopankin kautta. Tarvittaessa kysy ohjeita tai alkuun voit tehd\u00e4 varauksen my\u00f6s joko: <\/span><span class=\"s5\">kirsi.relander@relanderinponitalli.fi<\/span><span class=\"s4\"><span class=\"Apple-converted-space\">\u00a0 <\/span>tai puh. 050 5576209 t\u00e4ll\u00f6in maksat tunnit k\u00e4teisell\u00e4 tullessasi tallille (maksukortit eiv\u00e4t k\u00e4y)<\/span><\/p>\n<h2>Ent\u00e4 aikuiset?<\/h2>\n<p class=\"p1\">Aikuiset voivat my\u00f6s osallistua lasten ratsastustunneille kokeillakseen ratsastusta. Pyrimme toisinaan j\u00e4rjest\u00e4m\u00e4\u00e4n aikuisille omia kokeilutunteja. My\u00f6s aikuisten alkeiskursseja ollaan j\u00e4rjestetty l\u00e4hes joka vuosi. Toki my\u00f6s yksityistunnit ovat hyv\u00e4 tilaisuus harjoitella ratsastuksen perustaitoja.<\/p>\n<p>Ilmoittautumiset ja lis\u00e4tiedot ryhmist\u00e4 ja kursseista Kirsilt\u00e4!<\/p>\n<h2>Mist\u00e4 lis\u00e4\u00e4 tietoa ja oppia?<\/h2>\n<p>Suomen Ratsastajainliitto on julkaissut uusille ja miksei kokeneimmillekin harrastajille ja heid\u00e4n huoltajilleen koulutuksen <strong>Tallille!<\/strong><\/p>\n<p>Lainaus SRL:n tiedotteesta:<\/p>\n<blockquote>\n<p class=\"summary\"><strong><em>Mit\u00e4 olisi hyv\u00e4 tiet\u00e4\u00e4 ennen alkeiskurssille osallistumista?\u00a0Millainen el\u00e4in hevonen on?\u00a0Mit\u00e4 hevonen tarvitsee voidakseen hyvin?\u00a0Miten tallilla toimitaan turvallisesti?<\/em><\/strong><\/p>\n<\/blockquote>\n<div class=\"body\">\n<blockquote><p>N\u00e4ihin kysymyksiin vastataan uudella Tallille!\u00a0-kurssilla, joka on nyt julkaistu <a href=\"http:\/\/ratsastus.mmg.fi\/\" target=\"_blank\" rel=\"noopener\">Kavioura-oppimisalustalla<\/a>. Se on kaikille avoin ilman kirjautumista, ja mahdollistaa n\u00e4in tutustumisen hevoseen el\u00e4imen\u00e4 sek\u00e4 tallilla toimimiseen kaikille kiinnostuneille.\u00a0Suosittelemme kurssia kaikille hevosista kiinnostuneille sek\u00e4 uuden oppimiseen ett\u00e4 asioiden kertaamiseen. Se sopii hyvin esimerkiksi ennen alkeiskurssia k\u00e4yt\u00e4v\u00e4ksi\u00a0tai ratsastavien lasten huoltajille, ja jo hevosia harrastavat voivat kerrata kurssilta esimerkiksi hevosen laumak\u00e4ytt\u00e4ytymist\u00e4<\/p><\/blockquote>\n<p><em>L\u00e4hde: https:\/\/www.ratsastus.fi\/tiedotteet\/tallille-kaikille-avoin-hevostaitokurssi-kaviouralla\/ (27.11.2023)<\/em><\/p>\n<\/div>\n","protected":false},"excerpt":{"rendered":"<p>Lapsi ratsaille\u00a0&#8211; miten aloittaa ratsastusharrastus? Ratsastusta 3-13-vuotiaille Ratsastusharrastus kannattaa aloittaa puolen tunnin lasten ratsastustunneilla. Voit tuoda oman taluttajan tai pyyt\u00e4\u00e4 tallilta taluttajan. Tunneilla harjoitellaan ratsastuksen perusteita, toisinaan lyhyt maastolenkki, jumppaa ponien sel\u00e4ss\u00e4, puomien ylityst\u00e4 tai leikkej\u00e4 ponien sel\u00e4ss\u00e4 jne. Irralliset kerrat 28 \u20ac, oman taluttajan kanssa 26 \u20ac. Perjantaisin ja lauantaisin klo 15.30. 6-13-vuotiaat Jos <a class=\"read-more\" href=\"https:\/\/www.relanderinponitalli.fi\/?page_id=445\">Lue lis\u00e4\u00e4<\/a><\/p>\n","protected":false},"author":1,"featured_media":0,"parent":67,"menu_order":2,"comment_status":"closed","ping_status":"closed","template":"","meta":{"footnotes":""},"class_list":["post-445","page","type-page","status-publish","hentry"],"_links":{"self":[{"href":"https:\/\/www.relanderinponitalli.fi\/index.php?rest_route=\/wp\/v2\/pages\/445","targetHints":{"allow":["GET"]}}],"collection":[{"href":"https:\/\/www.relanderinponitalli.fi\/index.php?rest_route=\/wp\/v2\/pages"}],"about":[{"href":"https:\/\/www.relanderinponitalli.fi\/index.php?rest_route=\/wp\/v2\/types\/page"}],"author":[{"embeddable":true,"href":"https:\/\/www.relanderinponitalli.fi\/index.php?rest_route=\/wp\/v2\/users\/1"}],"replies":[{"embeddable":true,"href":"https:\/\/www.relanderinponitalli.fi\/index.php?rest_route=%2Fwp%2Fv2%2Fcomments&post=445"}],"version-history":[{"count":10,"href":"https:\/\/www.relanderinponitalli.fi\/index.php?rest_route=\/wp\/v2\/pages\/445\/revisions"}],"predecessor-version":[{"id":2523,"href":"https:\/\/www.relanderinponitalli.fi\/index.php?rest_route=\/wp\/v2\/pages\/445\/revisions\/2523"}],"up":[{"embeddable":true,"href":"https:\/\/www.relanderinponitalli.fi\/index.php?rest_route=\/wp\/v2\/pages\/67"}],"wp:attachment":[{"href":"https:\/\/www.relanderinponitalli.fi\/index.php?rest_route=%2Fwp%2Fv2%2Fmedia&parent=445"}],"curies":[{"name":"wp","href":"https:\/\/api.w.org\/{rel}","templated":true}]}}