{"id":450,"date":"2017-01-06T21:14:29","date_gmt":"2017-01-06T19:14:29","guid":{"rendered":"http:\/\/www.relanderinponitalli.fi\/?page_id=450"},"modified":"2019-09-08T07:57:26","modified_gmt":"2019-09-08T04:57:26","slug":"traileri","status":"publish","type":"page","link":"https:\/\/www.relanderinponitalli.fi\/?page_id=450","title":{"rendered":"Traileri"},"content":{"rendered":"<p><img loading=\"lazy\" decoding=\"async\" class=\"alignright size-full wp-image-174\" src=\"http:\/\/www.relanderinponitalli.fi\/wp-content\/uploads\/traileri_edesta.jpg\" alt=\"\" width=\"274\" height=\"400\" srcset=\"https:\/\/www.relanderinponitalli.fi\/wp-content\/uploads\/traileri_edesta.jpg 274w, https:\/\/www.relanderinponitalli.fi\/wp-content\/uploads\/traileri_edesta-206x300.jpg 206w\" sizes=\"auto, (max-width: 274px) 100vw, 274px\" \/>Vuokralle tarjotaan vm. 2010 Cheval Libert\u00e9n kahden hevosen kaksiakselinen traileri.<\/p>\n<ul>\n<li>Omamassa 710 kg ja kokonaismassa 2000 kg, joten kantavuus (1290 kg) riitt\u00e4\u00e4 kahdelle isollekin hevoselle.<\/li>\n<li>Sis\u00e4korkeus 226 cm, sis\u00e4leveys 167 cm.<\/li>\n<\/ul>\n<p>Vakiovarusteena mm. s\u00e4\u00e4dett\u00e4v\u00e4t puomit, potkupellit, sein\u00e4pehmusteet jne. Pitk\u00e4t puomit (esim. tamman ja varsan kuljetukseen) l\u00f6ytyy my\u00f6s. Talvikaudella alla nastarenkaat.<br \/>Takasillan saa k\u00e4\u00e4nnetty\u00e4 my\u00f6s sivulle, joten t\u00e4h\u00e4n voi lastata vaikka trukilla tavaraa ja kuljettaa muutakin kuin hevosta.<\/p>\n<p>Vuokra:<\/p>\n<ul>\n<li>35 \u20ac (sis. alv 23%) Lyhyet, muutaman tunnin ja km:n kuljetukset (esim. klinikkak\u00e4ynnit, valmennukset)<\/li>\n<li>50 \u20ac (sis. alv 23%) vrk<\/li>\n<\/ul>\n<p>Mik\u00e4li tarvitset traileria vuokralle usein tai pidemm\u00e4ksi aikaa, hinnat sovittavissa! Traileri on Mikkeliss\u00e4.<\/p>\n<p>Lis\u00e4tiedot ja varaukset puh. 050 557 6209. Soittaa voi my\u00f6s iltaisin ja viikonloppuisin!<\/p>\n<p><img loading=\"lazy\" decoding=\"async\" class=\"size-full wp-image-175 alignleft\" src=\"http:\/\/www.relanderinponitalli.fi\/wp-content\/uploads\/traileri.jpg\" alt=\"\" width=\"400\" height=\"265\" srcset=\"https:\/\/www.relanderinponitalli.fi\/wp-content\/uploads\/traileri.jpg 400w, https:\/\/www.relanderinponitalli.fi\/wp-content\/uploads\/traileri-300x199.jpg 300w\" sizes=\"auto, (max-width: 400px) 100vw, 400px\" \/><\/p>\n\n","protected":false},"excerpt":{"rendered":"<p>Vuokralle tarjotaan vm. 2010 Cheval Libert\u00e9n kahden hevosen kaksiakselinen traileri. Omamassa 710 kg ja kokonaismassa 2000 kg, joten kantavuus (1290 kg) riitt\u00e4\u00e4 kahdelle isollekin hevoselle. Sis\u00e4korkeus 226 cm, sis\u00e4leveys 167 cm. Vakiovarusteena mm. s\u00e4\u00e4dett\u00e4v\u00e4t puomit, potkupellit, sein\u00e4pehmusteet jne. Pitk\u00e4t puomit (esim. tamman ja varsan kuljetukseen) l\u00f6ytyy my\u00f6s. Talvikaudella alla nastarenkaat.Takasillan saa k\u00e4\u00e4nnetty\u00e4 my\u00f6s sivulle, joten <a class=\"read-more\" href=\"https:\/\/www.relanderinponitalli.fi\/?page_id=450\">Lue lis\u00e4\u00e4<\/a><\/p>\n","protected":false},"author":1,"featured_media":0,"parent":188,"menu_order":6,"comment_status":"closed","ping_status":"closed","template":"","meta":{"footnotes":""},"class_list":["post-450","page","type-page","status-publish","hentry"],"_links":{"self":[{"href":"https:\/\/www.relanderinponitalli.fi\/index.php?rest_route=\/wp\/v2\/pages\/450","targetHints":{"allow":["GET"]}}],"collection":[{"href":"https:\/\/www.relanderinponitalli.fi\/index.php?rest_route=\/wp\/v2\/pages"}],"about":[{"href":"https:\/\/www.relanderinponitalli.fi\/index.php?rest_route=\/wp\/v2\/types\/page"}],"author":[{"embeddable":true,"href":"https:\/\/www.relanderinponitalli.fi\/index.php?rest_route=\/wp\/v2\/users\/1"}],"replies":[{"embeddable":true,"href":"https:\/\/www.relanderinponitalli.fi\/index.php?rest_route=%2Fwp%2Fv2%2Fcomments&post=450"}],"version-history":[{"count":2,"href":"https:\/\/www.relanderinponitalli.fi\/index.php?rest_route=\/wp\/v2\/pages\/450\/revisions"}],"predecessor-version":[{"id":1510,"href":"https:\/\/www.relanderinponitalli.fi\/index.php?rest_route=\/wp\/v2\/pages\/450\/revisions\/1510"}],"up":[{"embeddable":true,"href":"https:\/\/www.relanderinponitalli.fi\/index.php?rest_route=\/wp\/v2\/pages\/188"}],"wp:attachment":[{"href":"https:\/\/www.relanderinponitalli.fi\/index.php?rest_route=%2Fwp%2Fv2%2Fmedia&parent=450"}],"curies":[{"name":"wp","href":"https:\/\/api.w.org\/{rel}","templated":true}]}}