{"id":456,"date":"2017-01-06T21:27:43","date_gmt":"2017-01-06T19:27:43","guid":{"rendered":"http:\/\/www.relanderinponitalli.fi\/?page_id=456"},"modified":"2022-06-29T10:48:13","modified_gmt":"2022-06-29T07:48:13","slug":"tallialue","status":"publish","type":"page","link":"https:\/\/www.relanderinponitalli.fi\/?page_id=456","title":{"rendered":"Tallialue"},"content":{"rendered":"<h2><\/h2>\n<figure id=\"attachment_180\" aria-describedby=\"caption-attachment-180\" style=\"width: 650px\" class=\"wp-caption aligncenter\"><img loading=\"lazy\" decoding=\"async\" class=\"wp-image-180\" src=\"http:\/\/www.relanderinponitalli.fi\/wp-content\/uploads\/tila.jpg\" alt=\"\" width=\"650\" height=\"324\" srcset=\"https:\/\/www.relanderinponitalli.fi\/wp-content\/uploads\/tila.jpg 450w, https:\/\/www.relanderinponitalli.fi\/wp-content\/uploads\/tila-300x149.jpg 300w\" sizes=\"auto, (max-width: 650px) 100vw, 650px\" \/><figcaption id=\"caption-attachment-180\" class=\"wp-caption-text\"><em>Ilmakuva Relanderin Ponitallista<\/em><\/figcaption><\/figure>\n<p>Nykyisin Relanderin ponitalli toimii vuonna 1998 valmistuneessa ratsastuskeskuksessa. Rakennusten kokonaispinta-ala on noin 2200 m\u00b2, mist\u00e4 maneesin osuus on n. 1300 m\u00b2 ja tallin 600 m\u00b2.<\/p>\n<h2>Tallit<\/h2>\n<p>Isossa tallissa majoittuvat tuntihevoset ja -ponit sek\u00e4 tallilla majailevat yksityishevoset. Tallin l\u00e4mp\u00f6isess\u00e4 p\u00e4\u00e4dyss\u00e4 ovat tilat varusteille, kuivaushuone, pesupaikka, toimisto ja hoitajien huone. Pikkutallissa puolestaan on karsinat varsoille, siitostammoille sek\u00e4 muutamille tuntik\u00e4yt\u00f6ss\u00e4 oleville pikkuponeille.<\/p>\n<h2>Ratsastustilat<\/h2>\n<p>Aidattu kentt\u00e4 on kooltaan 48 x 48 m. Talvella ratsastetaan p\u00e4\u00e4s\u00e4\u00e4nt\u00f6isesti maneesissa, joka on kooltaan 22 x 44 m. Maneesiin mahtuu lyhyt koulurata ja maneesin nurkassa on tuomarikoppi. Maneesin yhteydess\u00e4 on l\u00e4mmitetty kahvio, josta on hyv\u00e4 seurata maneesissa pidett\u00e4vi\u00e4 tunteja sek\u00e4 wc-tilat. Tallin maastoissa kulkee my\u00f6s pieni maastoesterata.<\/p>\n<h2>Majoitustilat<\/h2>\n<p><strong>Leiril\u00e4isten majoitustilat<\/strong> sijaitsevat maneesin p\u00e4\u00e4dyss\u00e4. Siisteiss\u00e4 3-4 hengen leirik\u00e4mpiss\u00e4 on s\u00e4hk\u00f6l\u00e4mmitys ja niiden yhteydess\u00e4 sijaitsee my\u00f6s WC ja suihku sek\u00e4 leiril\u00e4isten k\u00e4yt\u00f6ss\u00e4 oleva TV. Yhteistiloissa on j\u00e4\u00e4kaappi ja alakerrassa kahvion yhteydess\u00e4 mahdollisuus ruuanlaittoon.\u00a0Grillikatoksessa paistellaan kes\u00e4leireill\u00e4 letut ja makkarat. Grillikatos sijaitsee tallin kupeessa.<\/p>\n<figure id=\"attachment_178\" aria-describedby=\"caption-attachment-178\" style=\"width: 350px\" class=\"wp-caption alignleft\"><img loading=\"lazy\" decoding=\"async\" class=\"size-full wp-image-178\" src=\"http:\/\/www.relanderinponitalli.fi\/wp-content\/uploads\/huone1.jpg\" alt=\"\" width=\"350\" height=\"232\" srcset=\"https:\/\/www.relanderinponitalli.fi\/wp-content\/uploads\/huone1.jpg 350w, https:\/\/www.relanderinponitalli.fi\/wp-content\/uploads\/huone1-300x199.jpg 300w\" sizes=\"auto, (max-width: 350px) 100vw, 350px\" \/><figcaption id=\"caption-attachment-178\" class=\"wp-caption-text\">P\u00e4\u00e4tyhuone<\/figcaption><\/figure>\n<figure id=\"attachment_179\" aria-describedby=\"caption-attachment-179\" style=\"width: 350px\" class=\"wp-caption alignleft\"><img loading=\"lazy\" decoding=\"async\" class=\"size-full wp-image-179\" src=\"http:\/\/www.relanderinponitalli.fi\/wp-content\/uploads\/huone2.jpg\" alt=\"\" width=\"350\" height=\"232\" srcset=\"https:\/\/www.relanderinponitalli.fi\/wp-content\/uploads\/huone2.jpg 350w, https:\/\/www.relanderinponitalli.fi\/wp-content\/uploads\/huone2-300x199.jpg 300w\" sizes=\"auto, (max-width: 350px) 100vw, 350px\" \/><figcaption id=\"caption-attachment-179\" class=\"wp-caption-text\">Keskushuone\/oleskelutila<\/figcaption><\/figure>\n<h2><\/h2>\n<h2><\/h2>\n<h2><\/h2>\n<h2><\/h2>\n<h2>Maastoesterata<\/h2>\n<p>Tallin maastoissa kulkee oma pieni maastoesterata, jota kehitet\u00e4\u00e4n kaiken aikaa. Radalla k\u00e4yd\u00e4\u00e4n hypp\u00e4\u00e4m\u00e4ss\u00e4 edistyneempien ratsastajien kanssa.<\/p>\n<p><img loading=\"lazy\" decoding=\"async\" class=\"size-full wp-image-167 alignleft\" src=\"http:\/\/www.relanderinponitalli.fi\/wp-content\/uploads\/ryhma_maastoesteilla2014.jpg\" alt=\"\" width=\"350\" height=\"225\" srcset=\"https:\/\/www.relanderinponitalli.fi\/wp-content\/uploads\/ryhma_maastoesteilla2014.jpg 350w, https:\/\/www.relanderinponitalli.fi\/wp-content\/uploads\/ryhma_maastoesteilla2014-300x193.jpg 300w\" sizes=\"auto, (max-width: 350px) 100vw, 350px\" \/><img loading=\"lazy\" decoding=\"async\" class=\"size-full wp-image-165 alignleft\" src=\"http:\/\/www.relanderinponitalli.fi\/wp-content\/uploads\/peppimaasto.jpg\" alt=\"\" width=\"350\" height=\"278\" srcset=\"https:\/\/www.relanderinponitalli.fi\/wp-content\/uploads\/peppimaasto.jpg 350w, https:\/\/www.relanderinponitalli.fi\/wp-content\/uploads\/peppimaasto-300x238.jpg 300w\" sizes=\"auto, (max-width: 350px) 100vw, 350px\" \/><\/p>\n","protected":false},"excerpt":{"rendered":"<p>Nykyisin Relanderin ponitalli toimii vuonna 1998 valmistuneessa ratsastuskeskuksessa. Rakennusten kokonaispinta-ala on noin 2200 m\u00b2, mist\u00e4 maneesin osuus on n. 1300 m\u00b2 ja tallin 600 m\u00b2. Tallit Isossa tallissa majoittuvat tuntihevoset ja -ponit sek\u00e4 tallilla majailevat yksityishevoset. Tallin l\u00e4mp\u00f6isess\u00e4 p\u00e4\u00e4dyss\u00e4 ovat tilat varusteille, kuivaushuone, pesupaikka, toimisto ja hoitajien huone. Pikkutallissa puolestaan on karsinat varsoille, siitostammoille sek\u00e4 <a class=\"read-more\" href=\"https:\/\/www.relanderinponitalli.fi\/?page_id=456\">Lue lis\u00e4\u00e4<\/a><\/p>\n","protected":false},"author":1,"featured_media":0,"parent":188,"menu_order":5,"comment_status":"closed","ping_status":"closed","template":"","meta":{"footnotes":""},"class_list":["post-456","page","type-page","status-publish","hentry"],"_links":{"self":[{"href":"https:\/\/www.relanderinponitalli.fi\/index.php?rest_route=\/wp\/v2\/pages\/456","targetHints":{"allow":["GET"]}}],"collection":[{"href":"https:\/\/www.relanderinponitalli.fi\/index.php?rest_route=\/wp\/v2\/pages"}],"about":[{"href":"https:\/\/www.relanderinponitalli.fi\/index.php?rest_route=\/wp\/v2\/types\/page"}],"author":[{"embeddable":true,"href":"https:\/\/www.relanderinponitalli.fi\/index.php?rest_route=\/wp\/v2\/users\/1"}],"replies":[{"embeddable":true,"href":"https:\/\/www.relanderinponitalli.fi\/index.php?rest_route=%2Fwp%2Fv2%2Fcomments&post=456"}],"version-history":[{"count":5,"href":"https:\/\/www.relanderinponitalli.fi\/index.php?rest_route=\/wp\/v2\/pages\/456\/revisions"}],"predecessor-version":[{"id":2172,"href":"https:\/\/www.relanderinponitalli.fi\/index.php?rest_route=\/wp\/v2\/pages\/456\/revisions\/2172"}],"up":[{"embeddable":true,"href":"https:\/\/www.relanderinponitalli.fi\/index.php?rest_route=\/wp\/v2\/pages\/188"}],"wp:attachment":[{"href":"https:\/\/www.relanderinponitalli.fi\/index.php?rest_route=%2Fwp%2Fv2%2Fmedia&parent=456"}],"curies":[{"name":"wp","href":"https:\/\/api.w.org\/{rel}","templated":true}]}}