{"id":594,"date":"2017-05-21T19:52:39","date_gmt":"2017-05-21T16:52:39","guid":{"rendered":"http:\/\/www.relanderinponitalli.fi\/?page_id=594"},"modified":"2025-09-29T20:51:46","modified_gmt":"2025-09-29T17:51:46","slug":"tuntikalenteri","status":"publish","type":"page","link":"https:\/\/www.relanderinponitalli.fi\/?page_id=594","title":{"rendered":"Tuntien sis\u00e4ll\u00f6ist\u00e4 ja tasoista"},"content":{"rendered":"<p class=\"p1\">Tunneilla ratsastetaan monipuolisesti koulua, esteit\u00e4 ja maastossa. Yleisryhmiss\u00e4 koulujaksot kest\u00e4v\u00e4t noin 5-6 tuntia, estejaksot 2-3 tuntia ja maastot sijoittuvat valoisan aikaan sopiviin v\u00e4leihin. Koulupainotteiset ryhm\u00e4t on mainittu erikseen. Oppilaat voivat esitt\u00e4\u00e4 toiveita tuntien suhteen suoraan opettajalle.<\/p>\n<p><strong>TUNTIEN TASOM\u00c4\u00c4RITTELYJ\u00c4<\/strong><\/p>\n<p>T\u00e4ss\u00e4 suuntaa antavaa. Hyv\u00e4 muistaa, ett\u00e4 jokainen kehittyy omaan tahtiin ja omaan tasoon vaikuttaa moni asia (kuinka monta kertaa viikossa olet ratsastanut jne. jne.)<\/p>\n<p><strong>Lasten ratsastus- ja hoitotunti<\/strong> (45 min) tarkoitettu v\u00e4hint\u00e4\u00e4 6-vuotialle jo jonkin verran talutusratsastuksessa k\u00e4yneille.<\/p>\n<p><strong>Alkeiskurssit <\/strong>ovat kurssimuotoisia, yksitt\u00e4isille irtotunneillekin voit tulla, mutta ole yhteydess\u00e4 talliin ensin puhelimitse tai s\u00e4hk\u00f6postilla<\/p>\n<p><strong>Jatkotaso: <\/strong>hallitset ratsusi jo k\u00e4ynniss\u00e4 ja ravissa ilman taluttajaa, uskallat laukata ainakin jo taluttajan kanssa, osaat ratsastusradan perustiet, olet ratsastanut 10-40 tuntia<\/p>\n<p><strong>Perusmerkkitaso<\/strong>: hallitset ratsusi jo hyvin\u00a0 k\u00e4ynniss\u00e4 ja ravissa, laukkaat ilman taluttajaa jo. Esteharjoitukset ovat alkaneet. Olet ratsastanut v\u00e4hint\u00e4\u00e4n 2-3 vuotta.<\/p>\n<p><strong>C-taso:<\/strong> Pystyt laukassakin ratsastamaan erilaisia kouluradan teit\u00e4 l\u00e4vist\u00e4ji\u00e4, ympyr\u00f6it\u00e4, voltteja. Osaat mm. pohkeenv\u00e4ist\u00f6\u00e4, perusesteratsastus sujuu jo, pystyt hypp\u00e4m\u00e4\u00e4n jo pienen esteradan.\u00a0Olet ratsastanut 3-6 vuotta.<\/p>\n<p><strong>B-taso: <\/strong>Olet ratsastanut jo yli 5-vuotta, pystyt ratsastamaan jo hyvin erilaisia hevosia ja poneja, tunneilla tehd\u00e4\u00e4n jo monipuolisesti kouluratsastusliikkeit\u00e4 ja esteteht\u00e4v\u00e4tkin ovat toisinaan jo vaativampia.<strong>\u00a0<\/strong><\/p>\n<p><strong>Kokeneet: <\/strong>Olet ratsastanut jo paljon (useita satoja tunteja)<\/p>\n<p><strong>TERVETULOA RATSASTAMAAN!<\/strong><\/p>\n<p><em>Relanderin Ponitalli pid\u00e4tt\u00e4\u00e4 oikeuden kaikkiin tuntimuutoksiin kuten esim. ryhmien yhdistelyyn ja lopettamiseen niiden j\u00e4\u00e4dess\u00e4 pieniksi.<\/em><\/p>\n","protected":false},"excerpt":{"rendered":"<p>Tunneilla ratsastetaan monipuolisesti koulua, esteit\u00e4 ja maastossa. Yleisryhmiss\u00e4 koulujaksot kest\u00e4v\u00e4t noin 5-6 tuntia, estejaksot 2-3 tuntia ja maastot sijoittuvat valoisan aikaan sopiviin v\u00e4leihin. Koulupainotteiset ryhm\u00e4t on mainittu erikseen. Oppilaat voivat esitt\u00e4\u00e4 toiveita tuntien suhteen suoraan opettajalle. TUNTIEN TASOM\u00c4\u00c4RITTELYJ\u00c4 T\u00e4ss\u00e4 suuntaa antavaa. Hyv\u00e4 muistaa, ett\u00e4 jokainen kehittyy omaan tahtiin ja omaan tasoon vaikuttaa moni asia (kuinka <a class=\"read-more\" href=\"https:\/\/www.relanderinponitalli.fi\/?page_id=594\">Lue lis\u00e4\u00e4<\/a><\/p>\n","protected":false},"author":1,"featured_media":0,"parent":188,"menu_order":0,"comment_status":"closed","ping_status":"closed","template":"","meta":{"footnotes":""},"class_list":["post-594","page","type-page","status-publish","hentry"],"_links":{"self":[{"href":"https:\/\/www.relanderinponitalli.fi\/index.php?rest_route=\/wp\/v2\/pages\/594","targetHints":{"allow":["GET"]}}],"collection":[{"href":"https:\/\/www.relanderinponitalli.fi\/index.php?rest_route=\/wp\/v2\/pages"}],"about":[{"href":"https:\/\/www.relanderinponitalli.fi\/index.php?rest_route=\/wp\/v2\/types\/page"}],"author":[{"embeddable":true,"href":"https:\/\/www.relanderinponitalli.fi\/index.php?rest_route=\/wp\/v2\/users\/1"}],"replies":[{"embeddable":true,"href":"https:\/\/www.relanderinponitalli.fi\/index.php?rest_route=%2Fwp%2Fv2%2Fcomments&post=594"}],"version-history":[{"count":40,"href":"https:\/\/www.relanderinponitalli.fi\/index.php?rest_route=\/wp\/v2\/pages\/594\/revisions"}],"predecessor-version":[{"id":2789,"href":"https:\/\/www.relanderinponitalli.fi\/index.php?rest_route=\/wp\/v2\/pages\/594\/revisions\/2789"}],"up":[{"embeddable":true,"href":"https:\/\/www.relanderinponitalli.fi\/index.php?rest_route=\/wp\/v2\/pages\/188"}],"wp:attachment":[{"href":"https:\/\/www.relanderinponitalli.fi\/index.php?rest_route=%2Fwp%2Fv2%2Fmedia&parent=594"}],"curies":[{"name":"wp","href":"https:\/\/api.w.org\/{rel}","templated":true}]}}