{"id":985,"date":"2018-01-23T22:12:05","date_gmt":"2018-01-23T20:12:05","guid":{"rendered":"http:\/\/www.relanderinponitalli.fi\/?page_id=985"},"modified":"2026-04-23T22:25:57","modified_gmt":"2026-04-23T19:25:57","slug":"helmi","status":"publish","type":"page","link":"https:\/\/www.relanderinponitalli.fi\/?page_id=985","title":{"rendered":"Helmi"},"content":{"rendered":"\n<h2 class=\"wp-block-heading\">RP-Wilhelmiina<\/h2>\n\n\n\n<p>Rotu: suomenhevonen<br>Sukupuoli: tamma<br>Syntym\u00e4vuosi: 2012<br>S\u00e4k\u00e4korkeus: n. 155 cm<\/p>\n\n\n\n<p class=\"s7\"><span class=\"s9\">Helmi, oi tuo suomalainen liinakko tamma. Relanderin ponitallin oma kasvatti Helmi on herkk\u00e4, mutta sisimmilt\u00e4\u00e4n kiltti ja lempe\u00e4 tamma, jonka kanssa ei tule tyls\u00e4\u00e4. Herkkyytens\u00e4 vuoksi, Helmi on kuin tunneimuri, joka opettaa ratsastajalleen mielenhallintaa ja lempe\u00e4\u00e4, mutta j\u00e4m\u00e4kk\u00e4\u00e4 asennetta. \u00a0Tunneilla Helmi k\u00e4y hieman kokeneempien kanssa reippautensa ja ty\u00f6skentelyinnokkuutensa vuoksi. Helmi on kuitenkin rohkea ja luotettava, ja toimiikin usein maastojen vetohevosena. Hoidettaessa Helmin kanssa kannattaa varata rauhallista mielt\u00e4 ja aikaa yhteiseen tutustumiseen.<\/span><\/p>\n\n\n\n<figure class=\"wp-block-image size-large\"><img loading=\"lazy\" decoding=\"async\" width=\"233\" height=\"351\" src=\"https:\/\/www.relanderinponitalli.fi\/wp-content\/uploads\/HELMI_2024_1.jpg\" alt=\"\" class=\"wp-image-2598\" srcset=\"https:\/\/www.relanderinponitalli.fi\/wp-content\/uploads\/HELMI_2024_1.jpg 233w, https:\/\/www.relanderinponitalli.fi\/wp-content\/uploads\/HELMI_2024_1-199x300.jpg 199w\" sizes=\"auto, (max-width: 233px) 100vw, 233px\" \/><\/figure>\n\n\n\n<figure class=\"wp-block-gallery has-nested-images columns-default is-cropped wp-block-gallery-1 is-layout-flex wp-block-gallery-is-layout-flex\"><\/figure>\n\n\n\n<p><\/p>\n\n\n\n<figure class=\"wp-block-image size-large\"><img loading=\"lazy\" decoding=\"async\" width=\"800\" height=\"517\" src=\"https:\/\/www.relanderinponitalli.fi\/wp-content\/uploads\/8.jpg\" alt=\"\" class=\"wp-image-2952\" srcset=\"https:\/\/www.relanderinponitalli.fi\/wp-content\/uploads\/8.jpg 800w, https:\/\/www.relanderinponitalli.fi\/wp-content\/uploads\/8-300x194.jpg 300w, https:\/\/www.relanderinponitalli.fi\/wp-content\/uploads\/8-768x496.jpg 768w\" sizes=\"auto, (max-width: 800px) 100vw, 800px\" \/><\/figure>\n\n\n\n<p><\/p>\n\n\n\n\n\n\n","protected":false},"excerpt":{"rendered":"<p>RP-Wilhelmiina Rotu: suomenhevonenSukupuoli: tammaSyntym\u00e4vuosi: 2012S\u00e4k\u00e4korkeus: n. 155 cm Helmi, oi tuo suomalainen liinakko tamma. Relanderin ponitallin oma kasvatti Helmi on herkk\u00e4, mutta sisimmilt\u00e4\u00e4n kiltti ja lempe\u00e4 tamma, jonka kanssa ei tule tyls\u00e4\u00e4. Herkkyytens\u00e4 vuoksi, Helmi on kuin tunneimuri, joka opettaa ratsastajalleen mielenhallintaa ja lempe\u00e4\u00e4, mutta j\u00e4m\u00e4kk\u00e4\u00e4 asennetta. \u00a0Tunneilla Helmi k\u00e4y hieman kokeneempien kanssa reippautensa ja <a class=\"read-more\" href=\"https:\/\/www.relanderinponitalli.fi\/?page_id=985\">Lue lis\u00e4\u00e4<\/a><\/p>\n","protected":false},"author":1,"featured_media":0,"parent":299,"menu_order":30,"comment_status":"closed","ping_status":"closed","template":"","meta":{"footnotes":""},"class_list":["post-985","page","type-page","status-publish","hentry"],"_links":{"self":[{"href":"https:\/\/www.relanderinponitalli.fi\/index.php?rest_route=\/wp\/v2\/pages\/985","targetHints":{"allow":["GET"]}}],"collection":[{"href":"https:\/\/www.relanderinponitalli.fi\/index.php?rest_route=\/wp\/v2\/pages"}],"about":[{"href":"https:\/\/www.relanderinponitalli.fi\/index.php?rest_route=\/wp\/v2\/types\/page"}],"author":[{"embeddable":true,"href":"https:\/\/www.relanderinponitalli.fi\/index.php?rest_route=\/wp\/v2\/users\/1"}],"replies":[{"embeddable":true,"href":"https:\/\/www.relanderinponitalli.fi\/index.php?rest_route=%2Fwp%2Fv2%2Fcomments&post=985"}],"version-history":[{"count":11,"href":"https:\/\/www.relanderinponitalli.fi\/index.php?rest_route=\/wp\/v2\/pages\/985\/revisions"}],"predecessor-version":[{"id":3082,"href":"https:\/\/www.relanderinponitalli.fi\/index.php?rest_route=\/wp\/v2\/pages\/985\/revisions\/3082"}],"up":[{"embeddable":true,"href":"https:\/\/www.relanderinponitalli.fi\/index.php?rest_route=\/wp\/v2\/pages\/299"}],"wp:attachment":[{"href":"https:\/\/www.relanderinponitalli.fi\/index.php?rest_route=%2Fwp%2Fv2%2Fmedia&parent=985"}],"curies":[{"name":"wp","href":"https:\/\/api.w.org\/{rel}","templated":true}]}}